{"id":4800,"date":"2023-12-21T12:38:12","date_gmt":"2023-12-21T11:38:12","guid":{"rendered":"https:\/\/www.residencelidoazzurro.it\/porto-azzurro\/"},"modified":"2024-02-13T16:45:55","modified_gmt":"2024-02-13T15:45:55","slug":"porto-azzurro","status":"publish","type":"page","link":"https:\/\/www.residencelidoazzurro.it\/fr\/porto-azzurro\/","title":{"rendered":"Porto Azzurro"},"content":{"rendered":"<div class=\"wpb-content-wrapper\"><p>[vc_row full_width=\u00a0\u00bbstretch_row\u00a0\u00bb css=\u00a0\u00bb.vc_custom_1644324629605{padding-top: 50px !important;}\u00a0\u00bb][vc_column][vc_column_text]<strong>Porto Azzurro<\/strong> si situe dans une anse prot\u00e9g\u00e9e du <strong>golfe de Mola<\/strong>, exploit\u00e9e depuis l&rsquo;antiquit\u00e9 comme un port naturel sur les routes maritimes tyrrh\u00e9niennes.<\/p>\n<p>Anciennement connu sous le nom de <strong>Portolongone<\/strong>, il doit son nom actuel \u00e0 un choix fait en 1947 par l&rsquo;administration municipale qui d\u00e9cida de donner \u00e0 la ville un nom plus touristique.<\/p>\n<p>La ville est situ\u00e9e au pied du promontoire surplombant la <strong>Fortezza di San Giacomo<\/strong>, construite par Philippe III d&rsquo;Espagne en 1602 avec un plan en \u00e9toile rappelant le ch\u00e2teau d&rsquo;Anvers. Tourment\u00e9e pendant des si\u00e8cles par les Sarrasins, Portolongone a \u00e9t\u00e9 domin\u00e9e par les Fran\u00e7ais, les Espagnols et les Allemands, disput\u00e9e par les grandes puissances europ\u00e9ennes jusqu&rsquo;en 1802, ann\u00e9e o\u00f9 toute l&rsquo;\u00eele est devenue une partie des possessions fran\u00e7aises.<\/p>\n<p>Le petit centre a un aspect pittoresque, avec des rues en pente, de petites fa\u00e7ades en pierre, des coins suggestifs et une grande place refl\u00e9tant les eaux du port.<\/p>\n<p>Parmi les principaux sites \u00e0 visiter, le <strong>Sanctuaire de la Madonna del Monserrato<\/strong> est tr\u00e8s important, construit au XVIIe si\u00e8cle par le gouverneur espagnol Pons Y Le\u00f2n, qui a voulu reproduire \u00e0 l&rsquo;Elbe le c\u00e9l\u00e8bre sanctuaire \u00e9rig\u00e9 pr\u00e8s de Barcelone. L&rsquo;image de la Vierge, conserv\u00e9e dans le Sanctuaire, est consid\u00e9r\u00e9e comme la copie parfaite de celle existant dans le Sanctuaire homonyme en Espagne.<\/p>\n<p>\u00c0 voir \u00e9galement la structure ext\u00e9rieure du Forte San Giacomo, actuellement si\u00e8ge d&rsquo;une prison.<\/p>\n<p>Depuis Porto Azzurro, sont recommand\u00e9es la <strong>Passeggiata Carmignani<\/strong> et <strong>les excursions au Laghetto di Terranera<\/strong> et au <strong>Sanctuaire de la Masonna di Monserrato<\/strong>.<\/p>\n<p>Jour de march\u00e9: samedi matin.[\/vc_column_text][\/vc_column][\/vc_row][vc_row css=\u00a0\u00bb.vc_custom_1703231885365{margin-top: 50px !important;}\u00a0\u00bb][vc_column width=\u00a0\u00bb1\/2&Prime;][vc_column_text]<\/p>\n<h3><a href=\"https:\/\/www.residencelidoazzurro.it\/fr\/ou-nous-sommes\/\">La position du R\u00e9sidence Lido Azzurro<\/a><\/h3>\n<p>[\/vc_column_text]<div style=\"background-color:;height: 30px\" class=\"nicdark_section  \"><\/div>[vc_single_image image=\u00a0\u00bb2056&Prime; img_size=\u00a0\u00bbfull\u00a0\u00bb onclick=\u00a0\u00bbcustom_link\u00a0\u00bb link=\u00a0\u00bb\/fr\/ou-nous-sommes\/\u00a0\u00bb][\/vc_column][vc_column width=\u00a0\u00bb1\/2&Prime;][vc_column_text]<\/p>\n<h3><a href=\"https:\/\/www.residencelidoazzurro.it\/fr\/capoliveri\/\">D\u00e9couvre Capoliveri<\/a><\/h3>\n<p>[\/vc_column_text]<div style=\"background-color:;height: 30px\" class=\"nicdark_section  \"><\/div>[vc_single_image image=\u00a0\u00bb3137&Prime; img_size=\u00a0\u00bbfull\u00a0\u00bb onclick=\u00a0\u00bbcustom_link\u00a0\u00bb link=\u00a0\u00bb\/fr\/capoliveri\/\u00a0\u00bb][\/vc_column][\/vc_row]<\/p>\n<\/div>","protected":false},"excerpt":{"rendered":"<p>[vc_row full_width=\u00a0\u00bbstretch_row\u00a0\u00bb css=\u00a0\u00bb.vc_custom_1644324629605{padding-top: 50px !important;}\u00a0\u00bb][vc_column][vc_column_text]Porto Azzurro si situe dans une anse prot\u00e9g\u00e9e du golfe de Mola, exploit\u00e9e depuis l&rsquo;antiquit\u00e9 comme un port naturel sur les routes maritimes tyrrh\u00e9niennes. Anciennement connu sous le nom de Portolongone, il doit son nom actuel \u00e0 un choix fait en 1947 par l&rsquo;administration municipale qui d\u00e9cida de donner \u00e0 la [&hellip;]<\/p>\n","protected":false},"author":1,"featured_media":0,"parent":0,"menu_order":0,"comment_status":"closed","ping_status":"closed","template":"","meta":{"footnotes":""},"class_list":["post-4800","page","type-page","status-publish","hentry"],"_links":{"self":[{"href":"https:\/\/www.residencelidoazzurro.it\/fr\/wp-json\/wp\/v2\/pages\/4800","targetHints":{"allow":["GET"]}}],"collection":[{"href":"https:\/\/www.residencelidoazzurro.it\/fr\/wp-json\/wp\/v2\/pages"}],"about":[{"href":"https:\/\/www.residencelidoazzurro.it\/fr\/wp-json\/wp\/v2\/types\/page"}],"author":[{"embeddable":true,"href":"https:\/\/www.residencelidoazzurro.it\/fr\/wp-json\/wp\/v2\/users\/1"}],"replies":[{"embeddable":true,"href":"https:\/\/www.residencelidoazzurro.it\/fr\/wp-json\/wp\/v2\/comments?post=4800"}],"version-history":[{"count":5,"href":"https:\/\/www.residencelidoazzurro.it\/fr\/wp-json\/wp\/v2\/pages\/4800\/revisions"}],"predecessor-version":[{"id":4803,"href":"https:\/\/www.residencelidoazzurro.it\/fr\/wp-json\/wp\/v2\/pages\/4800\/revisions\/4803"}],"wp:attachment":[{"href":"https:\/\/www.residencelidoazzurro.it\/fr\/wp-json\/wp\/v2\/media?parent=4800"}],"curies":[{"name":"wp","href":"https:\/\/api.w.org\/{rel}","templated":true}]}}