{"id":3282,"date":"2019-05-10T10:56:09","date_gmt":"2019-05-10T08:56:09","guid":{"rendered":"http:\/\/lidoazzurro.youelba.com\/home-3\/"},"modified":"2025-09-22T12:33:42","modified_gmt":"2025-09-22T10:33:42","slug":"home-fr","status":"publish","type":"page","link":"https:\/\/www.residencelidoazzurro.it\/fr\/","title":{"rendered":"Home page"},"content":{"rendered":"<div class=\"wpb-content-wrapper\"><p>[vc_row full_width=\u00a0\u00bbstretch_row\u00a0\u00bb css=\u00a0\u00bb.vc_custom_1647947673511{padding-top: 220px !important;padding-bottom: 150px !important;background: #e8e8e8 url(https:\/\/www.residencelidoazzurro.it\/wp-content\/uploads\/2022\/02\/DSC_0093-6.jpg?id=3472) !important;background-position: center !important;background-repeat: no-repeat !important;background-size: cover !important;}\u00a0\u00bb][vc_column][vc_empty_space height=\u00a0\u00bb300px\u00a0\u00bb][\/vc_column][\/vc_row][vc_row][vc_column][vc_widget_sidebar sidebar_id=\u00a0\u00bbnicdark_sidebar\u00a0\u00bb][\/vc_column][\/vc_row][vc_row css=\u00a0\u00bb.vc_custom_1557481426026{margin-top: 100px !important;}\u00a0\u00bb][vc_column] <h1 style=\"color:;padding:px;text-align:center;font-size:50px;line-height:px;letter-spacing: px;font-weight:lighter\" class=\"  nd_options_font_size_40_important_all_iphone nd_options_line_height_40_important_all_iphone nd_options_first_font \">Residence Lido Azzurro<\/h1> <div style=\"background-color:;height: 30px\" class=\"nicdark_section  \"><\/div> <h3 style=\"color:;padding:px;text-align:center;font-size:px;line-height:px;letter-spacing: 2px;font-weight:lighter\" class=\"   nd_options_second_font \">\u00cele d'Elbe<\/h3> [\/vc_column][\/vc_row][vc_row gap=\u00a0\u00bb35&Prime; content_placement=\u00a0\u00bbmiddle\u00a0\u00bb css=\u00a0\u00bb.vc_custom_1715854134325{margin-top: 25px !important;}\u00a0\u00bb][vc_column width=\u00a0\u00bb1\/2&Prime; css=\u00a0\u00bb.vc_custom_1557587399586{padding-right: 0px !important;padding-left: 0px !important;}\u00a0\u00bb][vc_column_text css=\u00a0\u00bb\u00a0\u00bb]D\u00e9couvrez la R\u00e9sidence Lido Azzurro r.t.a., votre petit coin de paradis nich\u00e9 dans un parc verdoyant de 9 000 m\u00b2. \u00c0 seulement 500 m\u00e8tres de la magnifique plage de sable de Lido di Capoliveri, facilement accessible \u00e0 pied, c\u2019est l\u2019endroit id\u00e9al pour des vacances relaxantes et amusantes.<\/p>\n<p>Situ\u00e9e \u00e0 environ 3 km du pittoresque village de Porto Azzurro et au pied du promontoire de Capoliveri, notre position centrale vous permet d&rsquo;explorer facilement les plages incroyables de l&rsquo;\u00eele d&rsquo;Elbe. Que vous pr\u00e9f\u00e9riez des plages anim\u00e9es et bien \u00e9quip\u00e9es ou des criques plus intimes et sauvages, tout est \u00e0 port\u00e9e de main.[\/vc_column_text]<div style=\"background-color:;height: 20px\" class=\"nicdark_section  \"><\/div>[\/vc_column][vc_column width=\u00a0\u00bb1\/2&Prime; css=\u00a0\u00bb.vc_custom_1557587405278{padding-right: 0px !important;padding-left: 0px !important;}\u00a0\u00bb][vc_single_image image=\u00a0\u00bb3479&Prime; img_size=\u00a0\u00bblarge\u00a0\u00bb][\/vc_column][\/vc_row][vc_row css=\u00a0\u00bb.vc_custom_1581334781231{margin-top: 25px !important;margin-bottom: 100px !important;}\u00a0\u00bb][vc_column css=\u00a0\u00bb.vc_custom_1491985274415{padding-right: 30px !important;padding-left: 30px !important;}\u00a0\u00bb][vc_row_inner css=\u00a0\u00bb.vc_custom_1712240494068{padding-top: 40px !important;padding-right: 40px !important;padding-bottom: 40px !important;padding-left: 40px !important;background-color: #1e73be !important;background-position: center !important;background-repeat: no-repeat !important;background-size: cover !important;}\u00a0\u00bb el_id=\u00a0\u00bbpulsante_info_home\u00a0\u00bb][vc_column_inner width=\u00a0\u00bb2\/3&Prime;]\n\n    <div class=\"nd_options_section nd_options_position_relative call_to_action_bottom_home_3\">\n\n        <img decoding=\"async\" style=\"top:10px\" alt=\"\" class=\"nd_options_position_absolute nd_options_left_0\" width=\"50\" src=\"https:\/\/www.residencelidoazzurro.it\/wp-content\/uploads\/2019\/05\/icon-checked-white.png\">\n\n        <div style=\"padding-left:70px\" class=\"nd_options_section nd_options_box_sizing_border_box\">\n            \n            <h3 class=\"nd_options_first_font  \" style=\"margin:;color:#ffffff;font-size:30px;line-height:30px\">Vous souhaitez avoir des informations ou r\u00e9server des vacances dans notre r\u00e9sidence?<\/h3> \n             \n            \n\n        <\/div>\n\n    <\/div>\n\n  [\/vc_column_inner][vc_column_inner el_class=\u00a0\u00bbnd_options_text_align_right\u00a0\u00bb width=\u00a0\u00bb1\/3&Prime;]<div style=\"background-color:;height: 8px\" class=\"nicdark_section  \"><\/div>\n\t\n\t<a style=\"border: 1px solid #ffffff;border-radius:px;letter-spacing:4px;line-height:14px;font-size:14px;background-color:;padding:15px 20px;margin:;color:#ffffff\" rel=\"\" href=\"\/fr\/contacts\/\" class=\"nicdark_display_inline_block nd_options_float_right nd_options_font_weight_lighter nd_options_second_font nd_options_disable_lateral_border nd_options_float_left_responsive \">Informations requises<\/a>\n\t\n[\/vc_column_inner][\/vc_row_inner][\/vc_column][\/vc_row][vc_row css=\u00a0\u00bb.vc_custom_1722929815763{margin-top: 100px !important;}\u00a0\u00bb][vc_column] <h1 style=\"color:;padding:px;text-align:center;font-size:50px;line-height:px;letter-spacing: px;font-weight:lighter\" class=\"  nd_options_font_size_40_important_all_iphone nd_options_line_height_40_important_all_iphone nd_options_first_font \">OFFRES<\/h1> <div style=\"background-color:;height: 30px\" class=\"nicdark_section  \"><\/div>[vc_column_text css=\u00a0\u00bb\u00a0\u00bb]Profitez de nos remises exceptionnelles pour des vacances inoubliables!<\/p>\n<p>Ne manquez pas l&rsquo;occasion de vivre des <strong>vacances<\/strong> pleines de <strong>confort<\/strong> et de <strong>d\u00e9tente<\/strong> au R\u00e9sidence Lido Azzurro![\/vc_column_text][\/vc_column][\/vc_row][vc_row full_width=\u00a0\u00bbstretch_row\u00a0\u00bb content_placement=\u00a0\u00bbmiddle\u00a0\u00bb css=\u00a0\u00bb.vc_custom_1702891951329{margin-top: 85px !important;padding-top: 100px !important;padding-bottom: 100px !important;background-image: url(https:\/\/www.residencelidoazzurro.it\/wp-content\/uploads\/2023\/12\/lido-capoliveri-0443_dark.jpg?id=3816) !important;background-position: center !important;background-repeat: no-repeat !important;background-size: cover !important;}\u00a0\u00bb][vc_column width=\u00a0\u00bb1\/2&Prime; css=\u00a0\u00bb.vc_custom_1581083380021{padding-right: 100px !important;padding-left: 100px !important;}\u00a0\u00bb]<div style=\"background-color:;height: 20px\" class=\"nicdark_section  \"><\/div> <h1 style=\"color:#ffffff;padding:px;text-align:center;font-size:50px;line-height:50px;letter-spacing: px;font-weight:lighter\" class=\"  nd_options_font_size_40_important_all_iphone nd_options_first_font \">Lido di Capoliveri<\/h1> <div style=\"background-color:;height: 20px\" class=\"nicdark_section  \"><\/div>[vc_column_text]<\/p>\n<p style=\"text-align: center; color: #ffffff;\"><strong>La plage de Lido di Capoliveri, avec son sable fin et sa mer cristalline, est l&rsquo;endroit parfait pour se d\u00e9tendre. Elle offre de nombreux conforts, services et de nombreuses opportunit\u00e9s de divertissement. L&rsquo;endroit id\u00e9al pour se d\u00e9connecter de la routine et s&rsquo;immerger dans la beaut\u00e9 de la nature.<br \/>\nA proximit\u00e9 (20 m\u00e8tres) location de v\u00e9los, e-bike, scooter et voiture ; A 500 m\u00e8tres se trouvent tous les services essentiels : boucherie, supermarch\u00e9, bar, magasin de journaux, restaurant, pizzeria, \u00e9tablissements baln\u00e9aires affili\u00e9s, \u00e9cole de surf, centre de plong\u00e9e, location de bateaux ; \u00e0 700\/800 m\u00e8tres, il y a aussi un supermarch\u00e9 Coop, un march\u00e9 aux poissons, des fruits et l\u00e9gumes, des vins d&rsquo;Elbe, un coiffeur et un guichet automatique.<\/strong><\/p>\n<p>[\/vc_column_text]<div style=\"background-color:;height: 20px\" class=\"nicdark_section  \"><\/div>[\/vc_column][vc_column width=\u00a0\u00bb1\/2&Prime; css=\u00a0\u00bb.vc_custom_1557682678712{padding-right: 100px !important;padding-left: 100px !important;}\u00a0\u00bb]<div style=\"background-color:;height: 100px\" class=\"nicdark_section  \"><\/div>[\/vc_column][\/vc_row][vc_row gap=\u00a0\u00bb35&Prime; content_placement=\u00a0\u00bbmiddle\u00a0\u00bb css=\u00a0\u00bb.vc_custom_1715854155055{margin-top: 25px !important;}\u00a0\u00bb][vc_column width=\u00a0\u00bb1\/2&Prime; css=\u00a0\u00bb.vc_custom_1557587399586{padding-right: 0px !important;padding-left: 0px !important;}\u00a0\u00bb][vc_column_text]<\/p>\n<p>Plong\u00e9 dans <strong>une oasis verte<\/strong>, la r\u00e9sidence offre <strong>une exp\u00e9rience inoubliable pour les familles<\/strong>. Situ\u00e9e <strong>\u00e0 courte distance<\/strong> de la <strong>plage de sable dor\u00e9<\/strong> du <strong>Lido di Capoliveri<\/strong>, elle permet de passer des journ\u00e9es de d\u00e9tente et de loisir.<\/p>\n<p>Les <strong>enfants<\/strong> auront l&rsquo;opportunit\u00e9 d&rsquo;explorer librement les <strong>grands espaces verts environnants<\/strong>, tandis que la magnifique <strong>piscine<\/strong> offre <strong>une oasis fra\u00eeche et amusante<\/strong> sous le soleil d&rsquo;\u00e9t\u00e9.<\/p>\n<p>Venez vivre <strong>des moments inoubliables<\/strong> chez nous !<\/p>\n<p>[\/vc_column_text]<div style=\"background-color:;height: 20px\" class=\"nicdark_section  \"><\/div>[\/vc_column][vc_column width=\u00a0\u00bb1\/2&Prime; css=\u00a0\u00bb.vc_custom_1557587405278{padding-right: 0px !important;padding-left: 0px !important;}\u00a0\u00bb][vc_single_image image=\u00a0\u00bb5841&Prime; img_size=\u00a0\u00bblarge\u00a0\u00bb][\/vc_column][\/vc_row][vc_row css=\u00a0\u00bb.vc_custom_1557481426026{margin-top: 100px !important;}\u00a0\u00bb][vc_column] <h1 style=\"color:;padding:px;text-align:center;font-size:50px;line-height:px;letter-spacing: px;font-weight:lighter\" class=\"  nd_options_font_size_40_important_all_iphone nd_options_line_height_40_important_all_iphone nd_options_first_font \">NOS SERVICES<\/h1> <div style=\"background-color:;height: 30px\" class=\"nicdark_section  \"><\/div>[\/vc_column][\/vc_row][vc_row equal_height=\u00a0\u00bbyes\u00a0\u00bb content_placement=\u00a0\u00bbmiddle\u00a0\u00bb css=\u00a0\u00bb.vc_custom_1540821878031{margin-top: 30px !important;}\u00a0\u00bb][vc_column width=\u00a0\u00bb1\/4&Prime;]<div style=\"background-color:;height: 30px\" class=\"nicdark_section  \"><\/div>\n    <div style=\"text-align:center\" class=\"nd_options_section\">\n      <img decoding=\"async\" alt=\"\" style=\"width:50px\" class=\" nd_options_margin_0 nd_options_padding_0 \" src=\"https:\/\/www.residencelidoazzurro.it\/wp-content\/uploads\/2023\/12\/swimming-pool.png\">\n    <\/div>\n   <div style=\"background-color:;height: 15px\" class=\"nicdark_section  \"><\/div> <p style=\"color:;padding:px;text-align:center;font-size:px;line-height:px;letter-spacing: px;font-weight:\" class=\"    \">Piscine \u00e9quip\u00e9e de transats et parasols<\/p> <div style=\"background-color:;height: 30px\" class=\"nicdark_section  \"><\/div>[\/vc_column][vc_column width=\u00a0\u00bb1\/4&Prime;]<div style=\"background-color:;height: 30px\" class=\"nicdark_section  \"><\/div>\n    <div style=\"text-align:center\" class=\"nd_options_section\">\n      <img decoding=\"async\" alt=\"\" style=\"width:50px\" class=\" nd_options_margin_0 nd_options_padding_0 \" src=\"https:\/\/www.residencelidoazzurro.it\/wp-content\/uploads\/2023\/12\/wifi.png\">\n    <\/div>\n   <div style=\"background-color:;height: 15px\" class=\"nicdark_section  \"><\/div> <p style=\"color:;padding:px;text-align:center;font-size:px;line-height:px;letter-spacing: px;font-weight:\" class=\"    \">WI-FI gratuite<\/p> <div style=\"background-color:;height: 30px\" class=\"nicdark_section  \"><\/div>[\/vc_column][vc_column width=\u00a0\u00bb1\/4&Prime;]<div style=\"background-color:;height: 30px\" class=\"nicdark_section  \"><\/div>\n    <div style=\"text-align:center\" class=\"nd_options_section\">\n      <img decoding=\"async\" alt=\"\" style=\"width:50px\" class=\" nd_options_margin_0 nd_options_padding_0 \" src=\"https:\/\/www.residencelidoazzurro.it\/wp-content\/uploads\/2020\/02\/playground.png\">\n    <\/div>\n   <div style=\"background-color:;height: 15px\" class=\"nicdark_section  \"><\/div> <p style=\"color:;padding:px;text-align:center;font-size:px;line-height:px;letter-spacing: px;font-weight:\" class=\"    \">Aire de jeux pour enfants<\/p> <div style=\"background-color:;height: 30px\" class=\"nicdark_section  \"><\/div>[\/vc_column][vc_column width=\u00a0\u00bb1\/4&Prime;]<div style=\"background-color:;height: 30px\" class=\"nicdark_section  \"><\/div>\n    <div style=\"text-align:center\" class=\"nd_options_section\">\n      <img decoding=\"async\" alt=\"\" style=\"width:50px\" class=\" nd_options_margin_0 nd_options_padding_0 \" src=\"https:\/\/www.residencelidoazzurro.it\/wp-content\/uploads\/2020\/02\/parking.png\">\n    <\/div>\n   <div style=\"background-color:;height: 15px\" class=\"nicdark_section  \"><\/div> <p style=\"color:;padding:px;text-align:center;font-size:px;line-height:px;letter-spacing: px;font-weight:\" class=\"    \">Parking couvert<\/p> <div style=\"background-color:;height: 30px\" class=\"nicdark_section  \"><\/div>[\/vc_column][\/vc_row][vc_row][vc_column][vc_column_text css=\u00a0\u00bb\u00a0\u00bb]<\/p>\n<p>Pour garantir un <strong>s\u00e9jour confortable \u00e0 tous nos invit\u00e9s<\/strong>, le Residence Lido Azzurro <strong>n&rsquo;accepte pas les animaux domestiques<\/strong>. Merci de votre compr\u00e9hension et coop\u00e9ration !<\/p>\n<p>[\/vc_column_text][\/vc_column][\/vc_row][vc_row full_width=\u00a0\u00bbstretch_row_content\u00a0\u00bb css=\u00a0\u00bb.vc_custom_1702892481136{padding-bottom: 80px !important;}\u00a0\u00bb][vc_column offset=\u00a0\u00bbvc_hidden-lg\u00a0\u00bb][vc_video link=\u00a0\u00bbhttps:\/\/www.youtube.com\/watch?v=ocXiw1CqvOU\u00a0\u00bb align=\u00a0\u00bbcenter\u00a0\u00bb][\/vc_column][\/vc_row][vc_row css=\u00a0\u00bb.vc_custom_1647948346604{padding-bottom: 80px !important;}\u00a0\u00bb][vc_column offset=\u00a0\u00bbvc_hidden-md vc_hidden-sm vc_hidden-xs\u00a0\u00bb][vc_video link=\u00a0\u00bbhttps:\/\/www.youtube.com\/watch?v=ocXiw1CqvOU\u00a0\u00bb align=\u00a0\u00bbcenter\u00a0\u00bb][\/vc_column][\/vc_row][vc_row gap=\u00a0\u00bb35&Prime; content_placement=\u00a0\u00bbmiddle\u00a0\u00bb css=\u00a0\u00bb.vc_custom_1715845254292{margin-top: 25px !important;}\u00a0\u00bb][vc_column width=\u00a0\u00bb1\/2&Prime; css=\u00a0\u00bb.vc_custom_1557587399586{padding-right: 0px !important;padding-left: 0px !important;}\u00a0\u00bb] <h2 style=\"color:;padding:px;text-align:;font-size:px;line-height:px;letter-spacing: px;font-weight:normal\" class=\"  nd_options_font_size_40_important_all_iphone nd_options_line_height_40_important_all_iphone nd_options_first_font \">Sports Map \u00cele d\u2019Elbe<\/h2> <div style=\"background-color:;height: 30px\" class=\"nicdark_section  \"><\/div>[vc_column_text css=\u00a0\u00bb\u00a0\u00bb]Consultez en ligne la nouvelle carte interactive avec plages, itin\u00e9raires, parcours sportifs et activit\u00e9s de plein air \u00e0 Capoliveri et dans les environs.[\/vc_column_text]\n\t\n\t<a style=\"border: 1px solid #1e73be;border-radius:px;letter-spacing:1px;line-height:14px;font-size:14px;background-color:#ffffff;padding:15px 20px;margin:10px;color:#1e73be\" rel=\"\" target=\"_blank\" href=\"https:\/\/www.siriobluevision.it\/mappeinterattive\/residence-lido-azzurro\/\" class=\"nicdark_display_inline_block nd_options_float_left nd_options_font_weight_normal nd_options_second_font  \">OUVRIR LA CARTE<\/a>\n\t\n[\/vc_column][vc_column width=\u00a0\u00bb1\/2&Prime; css=\u00a0\u00bb.vc_custom_1557587405278{padding-right: 0px !important;padding-left: 0px !important;}\u00a0\u00bb][vc_single_image image=\u00a0\u00bb6242&Prime; img_size=\u00a0\u00bbfull\u00a0\u00bb alignment=\u00a0\u00bbcenter\u00a0\u00bb onclick=\u00a0\u00bbcustom_link\u00a0\u00bb img_link_target=\u00a0\u00bb_blank\u00a0\u00bb css=\u00a0\u00bb\u00a0\u00bb link=\u00a0\u00bbhttps:\/\/www.siriobluevision.it\/mappeinterattive\/residence-lido-azzurro\/\u00a0\u00bb][\/vc_column][\/vc_row][vc_row][vc_column]<div style=\"background-color:;height: 30px\" class=\"nicdark_section  \"><\/div>[\/vc_column][\/vc_row]<\/p>\n<\/div>","protected":false},"excerpt":{"rendered":"<p>[vc_row full_width=\u00a0\u00bbstretch_row\u00a0\u00bb css=\u00a0\u00bb.vc_custom_1647947673511{padding-top: 220px !important;padding-bottom: 150px !important;background: #e8e8e8 url(https:\/\/www.residencelidoazzurro.it\/wp-content\/uploads\/2022\/02\/DSC_0093-6.jpg?id=3472) !important;background-position: center !important;background-repeat: no-repeat !important;background-size: cover !important;}\u00a0\u00bb][vc_column][vc_empty_space height=\u00a0\u00bb300px\u00a0\u00bb][\/vc_column][\/vc_row][vc_row][vc_column][vc_widget_sidebar sidebar_id=\u00a0\u00bbnicdark_sidebar\u00a0\u00bb][\/vc_column][\/vc_row][vc_row css=\u00a0\u00bb.vc_custom_1557481426026{margin-top: 100px !important;}\u00a0\u00bb][vc_column][\/vc_column][\/vc_row][vc_row gap=\u00a0\u00bb35&Prime; content_placement=\u00a0\u00bbmiddle\u00a0\u00bb css=\u00a0\u00bb.vc_custom_1715854134325{margin-top: 25px !important;}\u00a0\u00bb][vc_column width=\u00a0\u00bb1\/2&Prime; css=\u00a0\u00bb.vc_custom_1557587399586{padding-right: 0px !important;padding-left: 0px !important;}\u00a0\u00bb][vc_column_text css=\u00a0\u00bb\u00a0\u00bb]D\u00e9couvrez la R\u00e9sidence Lido Azzurro r.t.a., votre petit coin de paradis nich\u00e9 dans un parc verdoyant de 9 000 m\u00b2. \u00c0 seulement 500 [&hellip;]<\/p>\n","protected":false},"author":1,"featured_media":0,"parent":0,"menu_order":0,"comment_status":"closed","ping_status":"closed","template":"","meta":{"footnotes":""},"class_list":["post-3282","page","type-page","status-publish","hentry"],"_links":{"self":[{"href":"https:\/\/www.residencelidoazzurro.it\/fr\/wp-json\/wp\/v2\/pages\/3282","targetHints":{"allow":["GET"]}}],"collection":[{"href":"https:\/\/www.residencelidoazzurro.it\/fr\/wp-json\/wp\/v2\/pages"}],"about":[{"href":"https:\/\/www.residencelidoazzurro.it\/fr\/wp-json\/wp\/v2\/types\/page"}],"author":[{"embeddable":true,"href":"https:\/\/www.residencelidoazzurro.it\/fr\/wp-json\/wp\/v2\/users\/1"}],"replies":[{"embeddable":true,"href":"https:\/\/www.residencelidoazzurro.it\/fr\/wp-json\/wp\/v2\/comments?post=3282"}],"version-history":[{"count":5,"href":"https:\/\/www.residencelidoazzurro.it\/fr\/wp-json\/wp\/v2\/pages\/3282\/revisions"}],"predecessor-version":[{"id":6265,"href":"https:\/\/www.residencelidoazzurro.it\/fr\/wp-json\/wp\/v2\/pages\/3282\/revisions\/6265"}],"wp:attachment":[{"href":"https:\/\/www.residencelidoazzurro.it\/fr\/wp-json\/wp\/v2\/media?parent=3282"}],"curies":[{"name":"wp","href":"https:\/\/api.w.org\/{rel}","templated":true}]}}