{"id":3279,"date":"2019-05-10T11:12:21","date_gmt":"2019-05-10T09:12:21","guid":{"rendered":"http:\/\/lidoazzurro.youelba.com\/dove-siamo\/"},"modified":"2024-02-14T10:36:04","modified_gmt":"2024-02-14T09:36:04","slug":"ou-nous-sommes","status":"publish","type":"page","link":"https:\/\/www.residencelidoazzurro.it\/fr\/ou-nous-sommes\/","title":{"rendered":"O\u00f9 nous sommes"},"content":{"rendered":"<div class=\"wpb-content-wrapper\"><p>[vc_row css=\u00a0\u00bb.vc_custom_1581346593738{margin-top: 80px !important;}\u00a0\u00bb][vc_column][vc_column_text]<\/p>\n<h3>Mer, nature et divertissement<\/h3>\n<p>[\/vc_column_text]<div style=\"background-color:;height: 30px\" class=\"nicdark_section  \"><\/div>[vc_column_text]Le R\u00e9sidence Lido Azzurro est une <strong>oasis de d\u00e9tente et de beaut\u00e9<\/strong> situ\u00e9e dans un emplacement privil\u00e9gi\u00e9 entre <strong>Portoferraio<\/strong>, <a href=\"https:\/\/www.residencelidoazzurro.it\/fr\/porto-azzurro\/\"><strong>Porto Azzurro<\/strong><\/a> et <a href=\"https:\/\/www.residencelidoazzurro.it\/fr\/capoliveri\/\"><strong>Capoliveri<\/strong><\/a>. Assez centrale par rapport \u00e0 l&rsquo;\u00eele d&rsquo;Elbe, cette position strat\u00e9gique repr\u00e9sente le <strong>point de d\u00e9part<\/strong> parfait pour d\u00e9couvrir les merveilles de l&rsquo;\u00eele, ses nombreuses <strong>plages et criques<\/strong>, s&rsquo;immerger dans les meilleures exp\u00e9riences qu&rsquo;Elbe a \u00e0 offrir et aussi pour sortir le soir.<\/p>\n<p>La r\u00e9sidence se trouve en effet \u00e0 seulement 500 m\u00e8tres des eaux cristallines de <a href=\"https:\/\/www.residencelidoazzurro.it\/fr\/plages\/\"><strong>la plage du Lido di Capoliveri<\/strong><\/a>, c\u00e9l\u00e8bre pour sa beaut\u00e9 et les nombreux services propos\u00e9s, appr\u00e9ci\u00e9s aussi bien par les <strong>jeunes \u00e0 la recherche de sport<\/strong> et de <strong>divertissement<\/strong> que par les <strong>familles<\/strong> d\u00e9sirant passer un <strong>s\u00e9jour confortable<\/strong>.<\/p>\n<p>Depuis le <strong>R\u00e9sidence Lido Azzurro<\/strong>, il est \u00e9galement possible de rejoindre rapidement d&rsquo;autres <a href=\"https:\/\/www.residencelidoazzurro.it\/fr\/plages\/\"><strong>plages du versant sud-est de l&rsquo;\u00eele d&rsquo;Elbe<\/strong><\/a>, des plus connues et \u00e9quip\u00e9es aux plus isol\u00e9es et pr\u00e9serv\u00e9es, toutes r\u00e9put\u00e9es pour \u00eatre parmi les plus belles de l&rsquo;\u00eele : des <strong>paradis de sable dor\u00e9<\/strong> et d&rsquo;<strong>eaux turquoise<\/strong>.<\/p>\n<p>Les villes voisines de <a href=\"https:\/\/www.residencelidoazzurro.it\/fr\/porto-azzurro\/\"><strong>Porto Azzurro<\/strong><\/a>, <a href=\"https:\/\/www.residencelidoazzurro.it\/fr\/capoliveri\/\"><strong>Capoliveri<\/strong><\/a> et Portoferraio, facilement accessibles depuis la R\u00e9sidence Lido Azzurro, sont l&rsquo;endroit id\u00e9al pour des <strong>soir\u00e9es anim\u00e9es et divertissantes<\/strong>. Ces localit\u00e9s, connues pour \u00eatre parmi les plus anim\u00e9es de l&rsquo;\u00eele d&rsquo;Elbe, sont \u00e9galement r\u00e9put\u00e9es pour leur large choix de <strong>restaurants, bars, magasins et services<\/strong>, garantissant des vacances confortables et sans souci.<\/p>\n<p>Porto Azzurro et Portoferraio sont \u00e9galement des <strong>ports de d\u00e9part pour des excursions en bateau<\/strong> organis\u00e9es pour d\u00e9couvrir la beaut\u00e9 d&rsquo;Elbe et des excursions vers les autres \u00eeles de l&rsquo;archipel toscan.<\/p>\n<p>Pour les amateurs de mer et de sport, le <strong>port de plaisance de Mola di Capoliveri<\/strong> (\u00e0 environ 1 km), \u00e9quip\u00e9 de bou\u00e9es d&rsquo;amarrage et proposant des services de remisage pour les bateaux, ainsi que le <strong>Golf Club Acquabona<\/strong> (\u00e0 3 km), offrent d&rsquo;autres possibilit\u00e9s pour enrichir les vacances avec des activit\u00e9s et des exp\u00e9riences.<\/p>\n<p>La R\u00e9sidence Lido Azzurro est donc le point d&rsquo;<strong>acc\u00e8s exclusif aux endroits les plus beaux et appr\u00e9ci\u00e9s de l&rsquo;\u00eele d&rsquo;Elbe<\/strong>, sans avoir besoin de longs d\u00e9placements. Des vacances ici signifient profiter de tout ce que l&rsquo;\u00eele peut offrir, directement \u00e0 port\u00e9e de main.<\/p>\n<p>[\/vc_column_text][\/vc_column][\/vc_row][vc_row css=\u00a0\u00bb.vc_custom_1703231603908{margin-top: 20px !important;}\u00a0\u00bb][vc_column width=\u00a0\u00bb1\/2&Prime; css=\u00a0\u00bb.vc_custom_1703231597181{margin-top: 30px !important;}\u00a0\u00bb][vc_column_text]<\/p>\n<h3><a href=\"https:\/\/www.residencelidoazzurro.it\/fr\/capoliveri\/\">Decouvre-en plus sur Capoliveri<\/a><\/h3>\n<p>[\/vc_column_text]<div style=\"background-color:;height: 30px\" class=\"nicdark_section  \"><\/div>[vc_single_image image=\u00a0\u00bb3137&Prime; img_size=\u00a0\u00bbfull\u00a0\u00bb alignment=\u00a0\u00bbcenter\u00a0\u00bb onclick=\u00a0\u00bbcustom_link\u00a0\u00bb link=\u00a0\u00bb\/fr\/capoliveri\/\u00a0\u00bb][\/vc_column][vc_column width=\u00a0\u00bb1\/2&Prime; css=\u00a0\u00bb.vc_custom_1703231589090{margin-top: 30px !important;}\u00a0\u00bb][vc_column_text]<\/p>\n<h3><a href=\"https:\/\/www.residencelidoazzurro.it\/fr\/porto-azzurro\/\">Decouvre en-plus sur Porto Azzurro<\/a><\/h3>\n<p>[\/vc_column_text]<div style=\"background-color:;height: 30px\" class=\"nicdark_section  \"><\/div>[vc_single_image image=\u00a0\u00bb3157&Prime; img_size=\u00a0\u00bbfull\u00a0\u00bb alignment=\u00a0\u00bbcenter\u00a0\u00bb onclick=\u00a0\u00bbcustom_link\u00a0\u00bb link=\u00a0\u00bb\/fr\/porto-azzurro\/\u00a0\u00bb][\/vc_column][\/vc_row][vc_row css=\u00a0\u00bb.vc_custom_1581346593738{margin-top: 80px !important;}\u00a0\u00bb][vc_column][vc_column_text]<\/p>\n<h3>Comment se rendre \u00e0 la R\u00e9sidence Lido Azzurro<\/h3>\n<p>[\/vc_column_text]<div style=\"background-color:;height: 30px\" class=\"nicdark_section  \"><\/div>[vc_column_text]<strong>DE PORTOFERRAIO<\/strong>: La r\u00e9sidence est \u00e0 environ 10 km du port de Portoferraio et est accessible en 15 minutes en voiture. Pour rejoindre la r\u00e9sidence, suivez la route provinciale SP24 en direction de Porto Azzurro \/ Capoliveri sur environ 9 km. Au deuxi\u00e8me carrefour pour la plage du Lido di Capoliveri, tournez \u00e0 droite. Juste apr\u00e8s, \u00e0 seulement 10 m\u00e8tres du croisement, tournez \u00e0 gauche.[\/vc_column_text]<div style=\"background-color:;height: 30px\" class=\"nicdark_section  \"><\/div>[vc_column_text]<strong>DE RIO MARINA<\/strong>: Le port de Rio Marina est \u00e0 environ 17 km de la r\u00e9sidence, soit environ 30 minutes en voiture. Depuis Rio Marina, suivez la route vers Porto Azzurro \/ Capoliveri \/ Portoferraio sur environ 12 km. Apr\u00e8s le feu de circulation au carrefour de Capoliveri \/ Mola, continuez tout droit pendant 1 km, en passant \u00e0 c\u00f4t\u00e9 de la station-service sur la droite. Tournez ensuite \u00e0 gauche vers le Lido di Capoliveri. Apr\u00e8s 10 m\u00e8tres, prenez la route \u00e0 gauche qui m\u00e8ne \u00e0 la r\u00e9sidence.[\/vc_column_text][\/vc_column][\/vc_row][vc_row full_width=\u00a0\u00bbstretch_row_content_no_spaces\u00a0\u00bb css=\u00a0\u00bb.vc_custom_1703159881204{padding-top: 50px !important;padding-right: 0px !important;padding-bottom: 80px !important;padding-left: 0px !important;}\u00a0\u00bb][vc_column width=\u00a0\u00bb1\/2&Prime;][vc_single_image image=\u00a0\u00bb2208&Prime; img_size=\u00a0\u00bblarge\u00a0\u00bb][\/vc_column][vc_column width=\u00a0\u00bb1\/2&Prime;][vc_single_image image=\u00a0\u00bb2210&Prime; img_size=\u00a0\u00bblarge\u00a0\u00bb][\/vc_column][\/vc_row]<\/p>\n<\/div>","protected":false},"excerpt":{"rendered":"<p>[vc_row css=\u00a0\u00bb.vc_custom_1581346593738{margin-top: 80px !important;}\u00a0\u00bb][vc_column][vc_column_text] Mer, nature et divertissement [\/vc_column_text][vc_column_text]Le R\u00e9sidence Lido Azzurro est une oasis de d\u00e9tente et de beaut\u00e9 situ\u00e9e dans un emplacement privil\u00e9gi\u00e9 entre Portoferraio, Porto Azzurro et Capoliveri. Assez centrale par rapport \u00e0 l&rsquo;\u00eele d&rsquo;Elbe, cette position strat\u00e9gique repr\u00e9sente le point de d\u00e9part parfait pour d\u00e9couvrir les merveilles de l&rsquo;\u00eele, ses nombreuses [&hellip;]<\/p>\n","protected":false},"author":1,"featured_media":0,"parent":0,"menu_order":0,"comment_status":"closed","ping_status":"closed","template":"","meta":{"footnotes":""},"class_list":["post-3279","page","type-page","status-publish","hentry"],"_links":{"self":[{"href":"https:\/\/www.residencelidoazzurro.it\/fr\/wp-json\/wp\/v2\/pages\/3279","targetHints":{"allow":["GET"]}}],"collection":[{"href":"https:\/\/www.residencelidoazzurro.it\/fr\/wp-json\/wp\/v2\/pages"}],"about":[{"href":"https:\/\/www.residencelidoazzurro.it\/fr\/wp-json\/wp\/v2\/types\/page"}],"author":[{"embeddable":true,"href":"https:\/\/www.residencelidoazzurro.it\/fr\/wp-json\/wp\/v2\/users\/1"}],"replies":[{"embeddable":true,"href":"https:\/\/www.residencelidoazzurro.it\/fr\/wp-json\/wp\/v2\/comments?post=3279"}],"version-history":[{"count":5,"href":"https:\/\/www.residencelidoazzurro.it\/fr\/wp-json\/wp\/v2\/pages\/3279\/revisions"}],"predecessor-version":[{"id":4831,"href":"https:\/\/www.residencelidoazzurro.it\/fr\/wp-json\/wp\/v2\/pages\/3279\/revisions\/4831"}],"wp:attachment":[{"href":"https:\/\/www.residencelidoazzurro.it\/fr\/wp-json\/wp\/v2\/media?parent=3279"}],"curies":[{"name":"wp","href":"https:\/\/api.w.org\/{rel}","templated":true}]}}