{"id":3249,"date":"2022-02-08T15:21:45","date_gmt":"2022-02-08T14:21:45","guid":{"rendered":"http:\/\/lidoazzurro.youelba.com\/spiagge\/"},"modified":"2024-02-14T09:47:21","modified_gmt":"2024-02-14T08:47:21","slug":"plages","status":"publish","type":"page","link":"https:\/\/www.residencelidoazzurro.it\/fr\/plages\/","title":{"rendered":"Plages"},"content":{"rendered":"<div class=\"wpb-content-wrapper\"><p>[vc_row css=\u00a0\u00bb.vc_custom_1581346593738{margin-top: 80px !important;}\u00a0\u00bb][vc_column][vc_column_text]Situ\u00e9e dans une <strong>position strat\u00e9gique sur l&rsquo;\u00eele d&rsquo;Elbe<\/strong>, le <strong>R\u00e9sidence Lido Azzurro<\/strong> offre la possibilit\u00e9 d&rsquo;acc\u00e9der rapidement \u00e0 de <strong>nombreuses plages<\/strong>, caract\u00e9ris\u00e9es par des paysages enchanteurs et uniques. Chaque plage, de la tr\u00e8s proche <strong>Lido di Capoliveri<\/strong> \u00e0 la tranquille <strong>Felciaio<\/strong>, repr\u00e9sente un coin de paradis \u00e0 d\u00e9couvrir.<\/p>\n<p>Cette proximit\u00e9 permet aux clients de la r\u00e9sidence de d\u00e9couvrir la diversit\u00e9 des <strong>plages de l&rsquo;Elbe<\/strong> <strong>en quelques minutes<\/strong> en voiture : des plages id\u00e9ales pour les activit\u00e9s de plein air \u00e0 celles parfaites pour se d\u00e9tendre en toute s\u00e9r\u00e9nit\u00e9.<\/p>\n<p>Et pour ceux \u00e0 la recherche de nouvelles aventures, d&rsquo;autres merveilleuses plages de l&rsquo;Elbe sont accessibles en voiture, pr\u00eates \u00e0 offrir de nouveaux panoramas et exp\u00e9riences chaque jour.[\/vc_column_text]<div style=\"background-color:;height: 30px\" class=\"nicdark_section  \"><\/div>[vc_column_text]<\/p>\n<h3 style=\"text-align: center;\">Les plages \u00e0 proximit\u00e9<\/h3>\n<p>[\/vc_column_text]<div style=\"background-color:;height: 30px\" class=\"nicdark_section  \"><\/div>[\/vc_column][\/vc_row][vc_row full_width=\u00a0\u00bbstretch_row\u00a0\u00bb content_placement=\u00a0\u00bbmiddle\u00a0\u00bb css=\u00a0\u00bb.vc_custom_1704986544778{padding-top: 50px !important;background-color: #f7f7f7 !important;}\u00a0\u00bb][vc_column width=\u00a0\u00bb1\/2&Prime;][vc_column_text]<strong>Plage de Lido di Capoliveri<\/strong><\/p>\n<p>C&rsquo;est la plage la plus proche de notre \u00e9tablissement (\u00e0 500 m\u00e8tres) et elle est \u00e9galement accessible \u00e0 pied. Elle s&rsquo;\u00e9tend sur 400 m\u00e8tres de long, compos\u00e9e de sable tr\u00e8s fin et entour\u00e9e d&rsquo;une riche v\u00e9g\u00e9tation de maquis m\u00e9diterran\u00e9en.<\/p>\n<p>Tr\u00e8s appr\u00e9ci\u00e9e des jeunes et des personnes en qu\u00eate de vacances actives, elle est \u00e9galement pris\u00e9e par les familles et les amateurs de d\u00e9tente.<\/p>\n<p>La plage propose des \u00e9tablissements baln\u00e9aires, des restaurants, des bars, des parkings et diverses activit\u00e9s li\u00e9es \u00e0 la mer.<\/p>\n<p>Un paradis pour ceux en qu\u00eate de confort, de services et de beaut\u00e9.[\/vc_column_text][\/vc_column][vc_column width=\u00a0\u00bb1\/2&Prime;][vc_gallery type=\u00a0\u00bbflexslider_slide\u00a0\u00bb interval=\u00a0\u00bb0&Prime; images=\u00a0\u00bb3809,4216&Prime; img_size=\u00a0\u00bb1920&#215;1280&Prime;][\/vc_column][\/vc_row][vc_row content_placement=\u00a0\u00bbmiddle\u00a0\u00bb css=\u00a0\u00bb.vc_custom_1704986580947{padding-top: 50px !important;}\u00a0\u00bb][vc_column width=\u00a0\u00bb1\/2&Prime;][vc_column_text]<strong>Plage de Felciaio<\/strong><\/p>\n<p>Ce joyau cach\u00e9 de l&rsquo;\u00eele d&rsquo;Elbe est une oasis de tranquillit\u00e9 et de d\u00e9tente, situ\u00e9e \u00e0 moins d&rsquo;un kilom\u00e8tre de la R\u00e9sidence Lido Azzurro. Elle mesure environ 110 m\u00e8tres de long, avec un fond de sable. Sur sa partie droite, la falaise forme une sorte de piscine tr\u00e8s appr\u00e9ci\u00e9e des amateurs de plong\u00e9e.<\/p>\n<p>L&rsquo;eau cristalline invite \u00e0 la plong\u00e9e avec tuba, offrant un paysage sous-marin riche.<\/p>\n<p>Sans \u00e9tablissements baln\u00e9aires, elle est id\u00e9ale pour ceux en qu\u00eate d&rsquo;une exp\u00e9rience authentique et pr\u00e9serv\u00e9e. Possibilit\u00e9 de parking.[\/vc_column_text][\/vc_column][vc_column width=\u00a0\u00bb1\/2&Prime;][vc_gallery type=\u00a0\u00bbflexslider_slide\u00a0\u00bb interval=\u00a0\u00bb0&Prime; images=\u00a0\u00bb4260,4264,4268&Prime; img_size=\u00a0\u00bb1920&#215;1280&Prime;][\/vc_column][\/vc_row][vc_row content_placement=\u00a0\u00bbmiddle\u00a0\u00bb css=\u00a0\u00bb.vc_custom_1704986588692{padding-top: 50px !important;background-color: #f7f7f7 !important;}\u00a0\u00bb][vc_column width=\u00a0\u00bb1\/2&Prime;][vc_column_text]<strong>Plage de Norsi<\/strong><\/p>\n<p>Situ\u00e9e dans le Golfe Stella, \u00e0 environ 2 kilom\u00e8tres de la R\u00e9sidence, elle est un parfait exemple d&rsquo;une plage de sable fin fonc\u00e9 et de petits cailloux noirs, typique de la c\u00f4te sud de l&rsquo;\u00eele d&rsquo;Elbe. Elle s&rsquo;\u00e9tend sur environ 400 m\u00e8tres de long. Son aspect sauvage est accentu\u00e9 par la dense v\u00e9g\u00e9tation m\u00e9diterran\u00e9enne qui s&rsquo;\u00e9tend jusqu&rsquo;\u00e0 la plage.<\/p>\n<p>Elle propose diff\u00e9rents services tels qu&rsquo;un petit \u00e9tablissement baln\u00e9aire, la location de parasols et de transats, ainsi qu&rsquo;un bar.[\/vc_column_text][\/vc_column][vc_column width=\u00a0\u00bb1\/2&Prime;][vc_gallery type=\u00a0\u00bbflexslider_slide\u00a0\u00bb interval=\u00a0\u00bb0&Prime; images=\u00a0\u00bb4239,4235&Prime; img_size=\u00a0\u00bb1920&#215;1280&Prime;][\/vc_column][\/vc_row][vc_row content_placement=\u00a0\u00bbmiddle\u00a0\u00bb css=\u00a0\u00bb.vc_custom_1704986602413{padding-top: 50px !important;}\u00a0\u00bb][vc_column width=\u00a0\u00bb1\/2&Prime;][vc_column_text]<strong>Plage de Naregno<\/strong><\/p>\n<p>Situ\u00e9e \u00e0 environ 3,5 km de notre R\u00e9sidence, cette plage s&rsquo;\u00e9tend sur environ 500 m\u00e8tres de long et moins de 30 m\u00e8tres de large. Compos\u00e9e de sable fin et de petits galets, elle est entour\u00e9e d&rsquo;une v\u00e9g\u00e9tation m\u00e9diterran\u00e9enne luxuriante.<\/p>\n<p>Tr\u00e8s appr\u00e9ci\u00e9e des familles gr\u00e2ce \u00e0 son fond marin en pente douce, elle offre diverses commodit\u00e9s telles que des \u00e9tablissements baln\u00e9aires, des bars, des restaurants et des parkings. Des activit\u00e9s nautiques comme la voile, la planche \u00e0 voile et la plong\u00e9e sont \u00e9galement propos\u00e9es, en faisant un lieu id\u00e9al pour les amateurs de sports nautiques.[\/vc_column_text][\/vc_column][vc_column width=\u00a0\u00bb1\/2&Prime;][vc_gallery type=\u00a0\u00bbflexslider_slide\u00a0\u00bb interval=\u00a0\u00bb0&Prime; images=\u00a0\u00bb4251,4243,4247&Prime; img_size=\u00a0\u00bb1920&#215;1280&Prime;][\/vc_column][\/vc_row][vc_row content_placement=\u00a0\u00bbmiddle\u00a0\u00bb css=\u00a0\u00bb.vc_custom_1704986871139{padding-top: 50px !important;background-color: #f7f7f7 !important;}\u00a0\u00bb][vc_column width=\u00a0\u00bb1\/2&Prime;][vc_column_text]<strong>Plage de Calanova<\/strong><\/p>\n<p>Situ\u00e9e \u00e0 environ 9 km du R\u00e9sidence Lido Azzurro, c&rsquo;est un havre de paix et de beaut\u00e9. Petite et accueillante, elle est compos\u00e9e de sable et de petits galets, entour\u00e9e d&rsquo;une v\u00e9g\u00e9tation luxuriante.<\/p>\n<p>Sur la plage, partiellement libre et partiellement \u00e9quip\u00e9e de chaises longues et de parasols, se trouve un restaurant-bar de qualit\u00e9.<\/p>\n<p>Pour y acc\u00e9der, il faut emprunter une route non rev\u00eatue.<\/p>\n<p>La position exclusive et pr\u00e9serv\u00e9e de la plage de Calanova en fait un lieu calme et relaxant.[\/vc_column_text][\/vc_column][vc_column width=\u00a0\u00bb1\/2&Prime;][vc_gallery type=\u00a0\u00bbflexslider_slide\u00a0\u00bb interval=\u00a0\u00bb0&Prime; images=\u00a0\u00bb4272,4276&Prime; img_size=\u00a0\u00bb1920&#215;1280&Prime;][\/vc_column][\/vc_row][vc_row content_placement=\u00a0\u00bbmiddle\u00a0\u00bb css=\u00a0\u00bb.vc_custom_1704986610312{padding-top: 50px !important;}\u00a0\u00bb][vc_column width=\u00a0\u00bb1\/2&Prime;][vc_column_text]<strong>Plage de Liscoli (ou Istia)<\/strong><\/p>\n<p>Cette magnifique plage d&rsquo;environ 110 m\u00e8tres de long se trouve \u00e0 environ 10 km de la R\u00e9sidence. Caract\u00e9ris\u00e9e par du sable de taille moyenne et de petits galets, elle est nich\u00e9e dans une petite baie, offrant un environnement paisible, id\u00e9al pour les amoureux de la nature. Prot\u00e9g\u00e9e par un promontoire et une grande pin\u00e8de, elle offre ombre et fra\u00eecheur.<\/p>\n<p>Aucun service n&rsquo;est disponible sur cette plage.[\/vc_column_text][\/vc_column][vc_column width=\u00a0\u00bb1\/2&Prime;][vc_gallery type=\u00a0\u00bbflexslider_slide\u00a0\u00bb interval=\u00a0\u00bb0&Prime; images=\u00a0\u00bb4256&Prime; img_size=\u00a0\u00bb1920&#215;1280&Prime;][\/vc_column][\/vc_row][vc_row content_placement=\u00a0\u00bbmiddle\u00a0\u00bb css=\u00a0\u00bb.vc_custom_1704986619320{padding-top: 50px !important;background-color: #f7f7f7 !important;}\u00a0\u00bb][vc_column width=\u00a0\u00bb1\/2&Prime;][vc_column_text]<strong>Plage de Zuccale<\/strong><\/p>\n<p>Situ\u00e9e \u00e0 6 km de la R\u00e9sidence, la plage de Zuccale est caract\u00e9ris\u00e9e par une v\u00e9g\u00e9tation luxuriante en arri\u00e8re-plan. Elle s&rsquo;\u00e9tend sur environ 180 m\u00e8tres de long et est divis\u00e9e par une chute de gros rochers, offrant un paysage naturel saisissant. Appr\u00e9ci\u00e9e pour son sable dor\u00e9 et son eau cristalline, elle est id\u00e9ale pour les familles et les activit\u00e9s telles que la plong\u00e9e en apn\u00e9e gr\u00e2ce \u00e0 sa riche vie marine.<\/p>\n<p>Des services de plage, la location de parasols, de chaises longues, de p\u00e9dalos et de bateaux y sont disponibles.[\/vc_column_text][\/vc_column][vc_column width=\u00a0\u00bb1\/2&Prime;][vc_gallery type=\u00a0\u00bbflexslider_slide\u00a0\u00bb interval=\u00a0\u00bb0&Prime; images=\u00a0\u00bb4285,4281,4289&Prime; img_size=\u00a0\u00bb1920&#215;1280&Prime;][\/vc_column][\/vc_row][vc_row content_placement=\u00a0\u00bbmiddle\u00a0\u00bb css=\u00a0\u00bb.vc_custom_1704986626539{padding-top: 50px !important;}\u00a0\u00bb][vc_column width=\u00a0\u00bb1\/2&Prime;][vc_column_text]<strong>Plage de Barabarca<\/strong><\/p>\n<p>\u00c0 6 km de la R\u00e9sidence et proche de la plage de Zuccale, elle offre un paysage pr\u00e9serv\u00e9, parfait pour les amateurs de plages un peu sauvages.<\/p>\n<p>Compos\u00e9e de sable clair et de petits cailloux, ses eaux cristallines et son fond partiellement rocheux en font un lieu id\u00e9al pour la plong\u00e9e en apn\u00e9e.<\/p>\n<p>On y trouve un petit bar, ainsi que la location de chaises longues, de p\u00e9dalos et de cano\u00ebs. Un parking est \u00e9galement disponible.[\/vc_column_text][\/vc_column][vc_column width=\u00a0\u00bb1\/2&Prime;][vc_gallery type=\u00a0\u00bbflexslider_slide\u00a0\u00bb interval=\u00a0\u00bb0&Prime; images=\u00a0\u00bb4298,4294&Prime; img_size=\u00a0\u00bb1920&#215;1280&Prime;][\/vc_column][\/vc_row][vc_row content_placement=\u00a0\u00bbmiddle\u00a0\u00bb css=\u00a0\u00bb.vc_custom_1704986634659{padding-top: 50px !important;background-color: #f7f7f7 !important;}\u00a0\u00bb][vc_column width=\u00a0\u00bb1\/2&Prime;][vc_column_text]<strong>Plage de Stecchi<\/strong><\/p>\n<p>Situ\u00e9e entre les plages de Barabarca et de Madonna delle Grazie, sur une c\u00f4te basse et riche en tuf, elle se trouve \u00e0 environ 6 km de la R\u00e9sidence. Cette petite plage, avec son sable et ses graviers, est prot\u00e9g\u00e9e par une jet\u00e9e haute qui offre un point de plong\u00e9e spectaculaire.<\/p>\n<p>G\u00e9n\u00e9ralement peu fr\u00e9quent\u00e9e, elle est parfaite pour les amateurs de natation et de plong\u00e9e en apn\u00e9e, permettant d&rsquo;observer facilement des fonds marins tr\u00e8s int\u00e9ressants m\u00eame \u00e0 quelques m\u00e8tres du rivage.[\/vc_column_text][\/vc_column][vc_column width=\u00a0\u00bb1\/2&Prime;][vc_gallery type=\u00a0\u00bbflexslider_slide\u00a0\u00bb interval=\u00a0\u00bb0&Prime; images=\u00a0\u00bb4311,4303,4307&Prime; img_size=\u00a0\u00bb1920&#215;1280&Prime;][\/vc_column][\/vc_row][vc_row content_placement=\u00a0\u00bbmiddle\u00a0\u00bb css=\u00a0\u00bb.vc_custom_1704986642247{padding-top: 50px !important;}\u00a0\u00bb][vc_column width=\u00a0\u00bb1\/2&Prime;][vc_column_text]<strong>Plage de Lacona<\/strong><\/p>\n<p>C&rsquo;est l&rsquo;une des plages les plus longues de l&rsquo;Elbe, situ\u00e9e \u00e0 9 km de notre R\u00e9sidence. Compos\u00e9e de sable dor\u00e9 tr\u00e8s fin, elle est caract\u00e9ris\u00e9e par la pr\u00e9sence de dunes o\u00f9 fleurit le lys de mer.Entour\u00e9e d&rsquo;une pin\u00e8de, elle offre une ombre naturelle pr\u00e8s de la mer.<\/p>\n<p>Cette plage est id\u00e9ale pour les jeunes, gr\u00e2ce \u00e0 ses nombreux tron\u00e7ons de plage libre et la possibilit\u00e9 de pratiquer de nombreux sports nautiques, ainsi que pour les familles.<\/p>\n<p>Elle est \u00e9quip\u00e9e de services de plage, d&rsquo;installations pour les sports nautiques, de bars, de restaurants, de location de bateaux et de parkings.[\/vc_column_text][\/vc_column][vc_column width=\u00a0\u00bb1\/2&Prime;][vc_gallery type=\u00a0\u00bbflexslider_slide\u00a0\u00bb interval=\u00a0\u00bb0&Prime; images=\u00a0\u00bb4316,4328,4320,4324&Prime; img_size=\u00a0\u00bb1920&#215;1280&Prime;][\/vc_column][\/vc_row][vc_row full_width=\u00a0\u00bbstretch_row_content_no_spaces\u00a0\u00bb css=\u00a0\u00bb.vc_custom_1581348112353{padding-top: 50px !important;padding-right: 0px !important;padding-bottom: 0px !important;padding-left: 0px !important;}\u00a0\u00bb][vc_column width=\u00a0\u00bb1\/2&Prime;][vc_single_image image=\u00a0\u00bb2207&Prime; img_size=\u00a0\u00bblarge\u00a0\u00bb][\/vc_column][vc_column width=\u00a0\u00bb1\/2&Prime;][vc_single_image image=\u00a0\u00bb3201&Prime; img_size=\u00a0\u00bblarge\u00a0\u00bb][\/vc_column][\/vc_row]<\/p>\n<\/div>","protected":false},"excerpt":{"rendered":"<p>[vc_row css=\u00a0\u00bb.vc_custom_1581346593738{margin-top: 80px !important;}\u00a0\u00bb][vc_column][vc_column_text]Situ\u00e9e dans une position strat\u00e9gique sur l&rsquo;\u00eele d&rsquo;Elbe, le R\u00e9sidence Lido Azzurro offre la possibilit\u00e9 d&rsquo;acc\u00e9der rapidement \u00e0 de nombreuses plages, caract\u00e9ris\u00e9es par des paysages enchanteurs et uniques. Chaque plage, de la tr\u00e8s proche Lido di Capoliveri \u00e0 la tranquille Felciaio, repr\u00e9sente un coin de paradis \u00e0 d\u00e9couvrir. Cette proximit\u00e9 permet aux [&hellip;]<\/p>\n","protected":false},"author":1,"featured_media":0,"parent":0,"menu_order":0,"comment_status":"closed","ping_status":"closed","template":"","meta":{"footnotes":""},"class_list":["post-3249","page","type-page","status-publish","hentry"],"_links":{"self":[{"href":"https:\/\/www.residencelidoazzurro.it\/fr\/wp-json\/wp\/v2\/pages\/3249","targetHints":{"allow":["GET"]}}],"collection":[{"href":"https:\/\/www.residencelidoazzurro.it\/fr\/wp-json\/wp\/v2\/pages"}],"about":[{"href":"https:\/\/www.residencelidoazzurro.it\/fr\/wp-json\/wp\/v2\/types\/page"}],"author":[{"embeddable":true,"href":"https:\/\/www.residencelidoazzurro.it\/fr\/wp-json\/wp\/v2\/users\/1"}],"replies":[{"embeddable":true,"href":"https:\/\/www.residencelidoazzurro.it\/fr\/wp-json\/wp\/v2\/comments?post=3249"}],"version-history":[{"count":5,"href":"https:\/\/www.residencelidoazzurro.it\/fr\/wp-json\/wp\/v2\/pages\/3249\/revisions"}],"predecessor-version":[{"id":4775,"href":"https:\/\/www.residencelidoazzurro.it\/fr\/wp-json\/wp\/v2\/pages\/3249\/revisions\/4775"}],"wp:attachment":[{"href":"https:\/\/www.residencelidoazzurro.it\/fr\/wp-json\/wp\/v2\/media?parent=3249"}],"curies":[{"name":"wp","href":"https:\/\/api.w.org\/{rel}","templated":true}]}}