{"id":2970,"date":"2017-07-19T08:57:14","date_gmt":"2017-07-19T06:57:14","guid":{"rendered":"http:\/\/lidoazzurro.youelba.com\/appartamenti\/"},"modified":"2025-11-18T12:14:24","modified_gmt":"2025-11-18T11:14:24","slug":"appartements","status":"publish","type":"page","link":"https:\/\/www.residencelidoazzurro.it\/fr\/appartements\/","title":{"rendered":"Appartements"},"content":{"rendered":"<div class=\"wpb-content-wrapper\"><p>[vc_row][vc_column][vc_column_text css=\u00a0\u00bb\u00a0\u00bb]Le R\u00e9sidence Lido Azzurro se distingue par le <strong>grand parc vert<\/strong> dans lequel il est situ\u00e9 et la <strong>magnifique piscine<\/strong>, id\u00e9ale aussi pour les <strong>enfants<\/strong>. Il propose un <strong>s\u00e9jour d\u00e9contract\u00e9 et soign\u00e9<\/strong>, \u00e0 un <strong>prix avantageux<\/strong>.<\/p>\n<p>Chaque appartement du R\u00e9sidence est con\u00e7u pour offrir une exp\u00e9rience de <strong>confort<\/strong> et d&rsquo;<strong>accueil<\/strong> unique, en fournissant une gamme de <strong>services<\/strong> pens\u00e9s pour r\u00e9pondre \u00e0 tous les besoins. Ces logements allient confort et fonctionnalit\u00e9, cr\u00e9ant l&rsquo;ambiance id\u00e9ale pour un <strong>s\u00e9jour relaxant et agr\u00e9able<\/strong>.<\/p>\n<p>Au Residence Lido Azzurro, la <strong>formule r\u00e9sidence<\/strong> est propos\u00e9e, id\u00e9ale pour ceux qui recherchent un s\u00e9jour confortable et ind\u00e9pendant dans un <strong>appartement \u00e9quip\u00e9 d&rsquo;une cuisine<\/strong>.<\/p>\n<p>La structure dispose d&rsquo;un <strong>nombre limit\u00e9 d&rsquo;appartements<\/strong>, il est donc conseill\u00e9 de r\u00e9server \u00e0 l&rsquo;avance pour garantir une place dans ce coin de paradis.<\/p>\n<p>Nous savons combien l&rsquo;<strong>attention aux d\u00e9tails<\/strong> et aux <strong>besoins des clients<\/strong> rend chaque vacance inoubliable, c&rsquo;est pourquoi nous sommes toujours disponibles pour fournir <strong>assistance et conseils<\/strong> afin de rendre le s\u00e9jour le plus agr\u00e9able possible.[\/vc_column_text][\/vc_column][\/vc_row][vc_row][vc_column width=\u00a0\u00bb1\/4&Prime; css=\u00a0\u00bb.vc_custom_1467360650255{margin-top: 10px !important;margin-bottom: 10px !important;padding-top: 0px !important;padding-right: 40px !important;}\u00a0\u00bb]<div style=\"background-color:;height: 10px\" class=\"nicdark_section  \"><\/div> <h3 style=\"color:;padding:px;text-align:right;font-size:px;line-height:30px;letter-spacing: px;font-weight:normal\" class=\"  nd_options_text_align_center_responsive_important nd_options_first_font \">Tous les appartements sont dotes de:<\/h3> [\/vc_column][vc_column width=\u00a0\u00bb3\/4&Prime; css=\u00a0\u00bb.vc_custom_1467207292391{margin-top: 10px !important;margin-bottom: 10px !important;padding-top: 0px !important;}\u00a0\u00bb][vc_column_text css=\u00a0\u00bb\u00a0\u00bb el_class=\u00a0\u00bbnd_options_text_align_center_responsive\u00a0\u00bb]\u2022 1 ensemble de linge de lit et de bain pour tout le s\u00e9jour;<br \/>\n\u2022 kitchenette \u00e9quip\u00e9e (ustensiles de cuisine, couverts, vaisselle, etc.);<br \/>\n\u2022 climatisation centralis\u00e9e de 19h00 \u00e0 09h00 et de 14h00 \u00e0 16h00;<br \/>\n\u2022 t\u00e9l\u00e9vision; coffrefort; s\u00e8che-cheveux; interphone;<br \/>\n\u2022 entr\u00e9e ind\u00e9pendante avec jardin et v\u00e9randa \u00e9quip\u00e9e (table, chaises et transats) au rez-de-chauss\u00e9e ou terrasse \u00e9quip\u00e9e (table, chaises et transats) avec store modulable au 1er \u00e9tage. Vue et\/ou devant la piscine ou le jardin;<br \/>\n\u2022 entr\u00e9e gratuite \u00e0 la piscine avec utilisation des chaises longues et des parasols;<br \/>\n\u2022 utilisation gratuite de l\u2019aire de jeux pour enfants;<br \/>\n\u2022 parking couvert gratuit \u00e0 l\u2019int\u00e9rieur avec 1 place attribu\u00e9e;<br \/>\n\u2022 buanderie avec utilisation gratuite du fer \u00e0 repasser et lave-linge \u00e0 pi\u00e8ces.[\/vc_column_text]<div style=\"background-color:;height: 20px\" class=\"nicdark_section  \"><\/div>[\/vc_column][\/vc_row][vc_row][vc_column width=\u00a0\u00bb1\/4&Prime; css=\u00a0\u00bb.vc_custom_1467360650255{margin-top: 10px !important;margin-bottom: 10px !important;padding-top: 0px !important;padding-right: 40px !important;}\u00a0\u00bb]<div style=\"background-color:;height: 10px\" class=\"nicdark_section  \"><\/div> <h3 style=\"color:;padding:px;text-align:right;font-size:px;line-height:30px;letter-spacing: px;font-weight:normal\" class=\"  nd_options_text_align_center_responsive_important nd_options_first_font \">Extra<\/h3> [\/vc_column][vc_column width=\u00a0\u00bb3\/4&Prime; css=\u00a0\u00bb.vc_custom_1467207292391{margin-top: 10px !important;margin-bottom: 10px !important;padding-top: 0px !important;}\u00a0\u00bb][vc_column_text css=\u00a0\u00bb\u00a0\u00bb el_class=\u00a0\u00bbnd_options_text_align_center_responsive\u00a0\u00bb]<strong>LINGE SUPPL\u00c9MENTAIRE:<\/strong><\/p>\n<ul>\n<li>Linge de lit double \u20ac 10,00<\/li>\n<li>Linge de lit simple \u20ac 6,00<\/li>\n<li>Linge de toilette \u20ac 6,00<\/li>\n<li>Tapis de bain \u20ac 2,00<\/li>\n<\/ul>\n<p>\u2022 N \u00b0 1 MACHINE \u00c0 LAVER + JETON DE D\u00c9TERGENT: 7,00 \u20ac;<br \/>\n\u2022 N \u00b0 1 LIT DE VOYAGE (pour les enfants de moins de 2 ans), LINGE INCLUS : 10,00 \u20ac par jour ;<br \/>\n\u2022 N \u00b0 1 RAIL \/ BARRIERE DE LIT : 14,00 \u20ac PAR SEMAINE.[\/vc_column_text]<div style=\"background-color:;height: 20px\" class=\"nicdark_section  \"><\/div>[vc_column_text el_class=\u00a0\u00bbnd_options_text_align_center_responsive\u00a0\u00bb]\u2022 D\u00c9P\u00d4T DE DOMMAGES: 150,00 \u20ac<br \/>\n\u2022 D\u00c9FAUT DE NETTOYAGE DE LA KITCHENETTE: \u20ac 50,00<br \/>\n\u2022 D\u00c9FAUT DE COLLECTE DES D\u00c9CHETS (y compris le jour du d\u00e9part): \u20ac 100.00[\/vc_column_text]<div style=\"background-color:;height: 20px\" class=\"nicdark_section  \"><\/div>[vc_column_text el_class=\u00a0\u00bbnd_options_text_align_center_responsive\u00a0\u00bb]\u2022 LES ANIMAUX NE SONT PAS ACCEPTES[\/vc_column_text]<div style=\"background-color:;height: 20px\" class=\"nicdark_section  \"><\/div>[\/vc_column][\/vc_row][vc_row css=\u00a0\u00bb.vc_custom_1581331886229{padding-top: 50px !important;padding-bottom: 50px !important;}\u00a0\u00bb][vc_column][vc_custom_heading text=\u00a0\u00bbTypes d&rsquo;appartements\u00a0\u00bb font_container=\u00a0\u00bbtag:h2|text_align:center\u00a0\u00bb use_theme_fonts=\u00a0\u00bbyes\u00a0\u00bb][\/vc_column][\/vc_row][vc_row full_width=\u00a0\u00bbstretch_row\u00a0\u00bb content_placement=\u00a0\u00bbmiddle\u00a0\u00bb css=\u00a0\u00bb.vc_custom_1705062976123{padding-top: 50px !important;padding-bottom: 50px !important;background-color: #f7f7f7 !important;}\u00a0\u00bb][vc_column width=\u00a0\u00bb1\/3&Prime;][vc_custom_heading text=\u00a0\u00bbAppartement Montecristo &#8211; 2 places\u00a0\u00bb font_container=\u00a0\u00bbtag:h3|text_align:left\u00a0\u00bb use_theme_fonts=\u00a0\u00bbyes\u00a0\u00bb css=\u00a0\u00bb\u00a0\u00bb link=\u00a0\u00bburl:https%3A%2F%2Fwww.residencelidoazzurro.it%2Ffr%2Fappartements%2Firis%2F|title:Appartement%20Montecristo\u00a0\u00bb]<div style=\"background-color:;height: 20px\" class=\"nicdark_section  \"><\/div>[vc_column_text]<strong>Chambre double avec coin cuisine<\/strong>[\/vc_column_text][vc_single_image image=\u00a0\u00bb3992&Prime; img_size=\u00a0\u00bb100&#215;50&Prime;]<div style=\"background-color:;height: 15px\" class=\"nicdark_section  \"><\/div>[vc_column_text]<strong>Salle de bain avec cabine de douche<\/strong>[\/vc_column_text][vc_single_image image=\u00a0\u00bb3996&Prime; img_size=\u00a0\u00bb50&#215;50&Prime;]<div style=\"background-color:;height: 40px\" class=\"nicdark_section  \"><\/div>\n\t\n\t<a style=\"border: 1px solid #1e73be;border-radius:px;letter-spacing:1px;line-height:14px;font-size:14px;background-color:#ffffff;padding:15px 20px;margin:10px;color:#1e73be\" rel=\"\" href=\"https:\/\/www.residencelidoazzurro.it\/fr\/appartamenti\/iris\/\" class=\"nicdark_display_inline_block nd_options_float_left nd_options_font_weight_normal nd_options_second_font  \">D\u00c9COUVRE L'APPARTEMENT MONTECRISTO<\/a>\n\t\n<div style=\"background-color:;height: 20px\" class=\"nicdark_section  \"><\/div>[\/vc_column][vc_column width=\u00a0\u00bb2\/3&Prime;][vc_gallery type=\u00a0\u00bbflexslider_slide\u00a0\u00bb interval=\u00a0\u00bb0&Prime; images=\u00a0\u00bb2802,2798,2790,2794,2810,2806,2117&Prime; img_size=\u00a0\u00bb1920&#215;1280&Prime;][\/vc_column][\/vc_row][vc_row full_width=\u00a0\u00bbstretch_row\u00a0\u00bb css=\u00a0\u00bb.vc_custom_1705063062879{padding-top: 50px !important;padding-bottom: 50px !important;}\u00a0\u00bb][vc_column width=\u00a0\u00bb1\/3&Prime;][vc_custom_heading text=\u00a0\u00bbAppartement Giglio &#8211; 3 places\u00a0\u00bb font_container=\u00a0\u00bbtag:h3|text_align:left\u00a0\u00bb use_theme_fonts=\u00a0\u00bbyes\u00a0\u00bb css=\u00a0\u00bb\u00a0\u00bb link=\u00a0\u00bburl:https%3A%2F%2Fwww.residencelidoazzurro.it%2Ffr%2Fappartements%2Fortensia%2F|title:Appartement%20Ortensia\u00a0\u00bb]<div style=\"background-color:;height: 20px\" class=\"nicdark_section  \"><\/div>[vc_column_text]<strong>S\u00e9jour avec coin cuisine + lit simple<\/strong>[\/vc_column_text][vc_single_image image=\u00a0\u00bb4068&Prime; img_size=\u00a0\u00bb150&#215;50&Prime;]<div style=\"background-color:;height: 15px\" class=\"nicdark_section  \"><\/div>[vc_column_text]<strong>Chambre double r\u00e9serv\u00e9e (s\u00e9par\u00e9e par un arc)<\/strong>[\/vc_column_text][vc_single_image image=\u00a0\u00bb4004&Prime; img_size=\u00a0\u00bb50&#215;50&Prime;]<div style=\"background-color:;height: 15px\" class=\"nicdark_section  \"><\/div>[vc_column_text]<strong>Salle de bain avec cabine de douche<\/strong>[\/vc_column_text][vc_single_image image=\u00a0\u00bb3996&Prime; img_size=\u00a0\u00bb50&#215;50&Prime;]<div style=\"background-color:;height: 40px\" class=\"nicdark_section  \"><\/div>\n\t\n\t<a style=\"border: 1px solid #1e73be;border-radius:px;letter-spacing:1px;line-height:14px;font-size:14px;background-color:#ffffff;padding:15px 20px;margin:10px;color:#1e73be\" rel=\"\" href=\"https:\/\/www.residencelidoazzurro.it\/fr\/appartamenti\/ortensia\/\" class=\"nicdark_display_inline_block nd_options_float_left nd_options_font_weight_normal nd_options_second_font  \">D\u00c9COUVRE L'APPARTEMENT GIGLIO<\/a>\n\t\n<div style=\"background-color:;height: 20px\" class=\"nicdark_section  \"><\/div>[\/vc_column][vc_column width=\u00a0\u00bb2\/3&Prime;][vc_gallery type=\u00a0\u00bbflexslider_slide\u00a0\u00bb interval=\u00a0\u00bb0&Prime; images=\u00a0\u00bb2835,2831,2827,2823,2819,2815,2141&Prime; img_size=\u00a0\u00bb1920&#215;1280&Prime;][\/vc_column][\/vc_row][vc_row full_width=\u00a0\u00bbstretch_row\u00a0\u00bb css=\u00a0\u00bb.vc_custom_1704986672139{padding-top: 50px !important;background-color: #f7f7f7 !important;}\u00a0\u00bb][vc_column width=\u00a0\u00bb1\/3&Prime;][vc_custom_heading text=\u00a0\u00bbAppartement Pianosa &#8211; 4 places\u00a0\u00bb font_container=\u00a0\u00bbtag:h3|text_align:left\u00a0\u00bb use_theme_fonts=\u00a0\u00bbyes\u00a0\u00bb css=\u00a0\u00bb\u00a0\u00bb link=\u00a0\u00bburl:https%3A%2F%2Fwww.residencelidoazzurro.it%2Ffr%2Fappartements%2Fgardenia%2F|title:Appartement%20Gardenia\u00a0\u00bb]<div style=\"background-color:;height: 20px\" class=\"nicdark_section  \"><\/div>[vc_column_text]<strong>S\u00e9jour avec coin cuisine, canap\u00e9-lit pour deux personnes <\/strong>[\/vc_column_text][vc_single_image image=\u00a0\u00bb4083&Prime; img_size=\u00a0\u00bb150&#215;50&Prime;]<div style=\"background-color:;height: 15px\" class=\"nicdark_section  \"><\/div>[vc_column_text]<strong>Chambre double <\/strong>[\/vc_column_text][vc_single_image image=\u00a0\u00bb4004&Prime; img_size=\u00a0\u00bb50&#215;50&Prime;]<div style=\"background-color:;height: 15px\" class=\"nicdark_section  \"><\/div>[vc_column_text]<strong>Salle de bain avec cabine de douche <\/strong>[\/vc_column_text][vc_single_image image=\u00a0\u00bb3996&Prime; img_size=\u00a0\u00bb50&#215;50&Prime;]<div style=\"background-color:;height: 40px\" class=\"nicdark_section  \"><\/div>\n\t\n\t<a style=\"border: 1px solid #1e73be;border-radius:px;letter-spacing:1px;line-height:14px;font-size:14px;background-color:#ffffff;padding:15px 20px;margin:10px;color:#1e73be\" rel=\"\" href=\"https:\/\/www.residencelidoazzurro.it\/fr\/appartamenti\/gardenia\/\" class=\"nicdark_display_inline_block nd_options_float_left nd_options_font_weight_normal nd_options_second_font  \">D\u00c9COUVRE L'APPARTEMENT PIANOSA<\/a>\n\t\n<div style=\"background-color:;height: 20px\" class=\"nicdark_section  \"><\/div>[\/vc_column][vc_column width=\u00a0\u00bb2\/3&Prime;][vc_gallery type=\u00a0\u00bbflexslider_slide\u00a0\u00bb interval=\u00a0\u00bb0&Prime; images=\u00a0\u00bb2771,2054,2775,2783,2743,2747,2767,2759,2763,2751,2755,2739&Prime; img_size=\u00a0\u00bb1920&#215;1280&Prime; css=\u00a0\u00bb\u00a0\u00bb][\/vc_column][\/vc_row][vc_row full_width=\u00a0\u00bbstretch_row\u00a0\u00bb css=\u00a0\u00bb.vc_custom_1704986678885{padding-top: 50px !important;}\u00a0\u00bb][vc_column width=\u00a0\u00bb1\/3&Prime;][vc_custom_heading text=\u00a0\u00bbAppartement Capraia &#8211; 5 places\u00a0\u00bb font_container=\u00a0\u00bbtag:h3|text_align:left\u00a0\u00bb use_theme_fonts=\u00a0\u00bbyes\u00a0\u00bb css=\u00a0\u00bb\u00a0\u00bb link=\u00a0\u00bburl:https%3A%2F%2Fwww.residencelidoazzurro.it%2Ffr%2Fappartements%2Fmargherita%2F|title:Appartement%20Capraia\u00a0\u00bb]<div style=\"background-color:;height: 20px\" class=\"nicdark_section  \"><\/div>[vc_column_text]<strong>Cuisine<\/strong>[\/vc_column_text][vc_single_image image=\u00a0\u00bb4032&Prime; img_size=\u00a0\u00bb50&#215;50&Prime;]<div style=\"background-color:;height: 15px\" class=\"nicdark_section  \"><\/div>[vc_column_text]<strong>Chambre double <\/strong>[\/vc_column_text][vc_single_image image=\u00a0\u00bb4004&Prime; img_size=\u00a0\u00bb50&#215;50&Prime;]<div style=\"background-color:;height: 15px\" class=\"nicdark_section  \"><\/div>[vc_column_text]<strong>Chambre avec 3 lits simples dont un superpos\u00e9 <\/strong>[\/vc_column_text][vc_single_image image=\u00a0\u00bb4036&Prime; img_size=\u00a0\u00bb100&#215;50&Prime;]<div style=\"background-color:;height: 15px\" class=\"nicdark_section  \"><\/div>[vc_column_text]<strong>Salle de bain avec cabine de douche <\/strong>[\/vc_column_text][vc_single_image image=\u00a0\u00bb3996&Prime; img_size=\u00a0\u00bb50&#215;50&Prime;]<div style=\"background-color:;height: 40px\" class=\"nicdark_section  \"><\/div>\n\t<div class=\"nd_options_section nd_options_text_align_center\">\n\t<a style=\"border: 1px solid #1e73be;border-radius:px;letter-spacing:1px;line-height:14px;font-size:14px;background-color:#ffffff;padding:15px 20px;margin:5px;color:#1e73be\" rel=\"\" href=\"https:\/\/www.residencelidoazzurro.it\/fr\/appartamenti\/margherita\/\" class=\"nicdark_display_inline_block  nd_options_font_weight_normal nd_options_second_font  \">D\u00c9COUVRE L'APPARTEMENT CAPRAIA<\/a>\n\t<\/div>\n<div style=\"background-color:;height: 20px\" class=\"nicdark_section  \"><\/div>[\/vc_column][vc_column width=\u00a0\u00bb2\/3&Prime;][vc_gallery type=\u00a0\u00bbflexslider_slide\u00a0\u00bb interval=\u00a0\u00bb0&Prime; images=\u00a0\u00bb2880,2872,2860,2864,2856,2868,2844,2938&Prime; img_size=\u00a0\u00bb1920&#215;1280&Prime;][\/vc_column][\/vc_row][vc_row full_width=\u00a0\u00bbstretch_row\u00a0\u00bb css=\u00a0\u00bb.vc_custom_1704986736562{padding-top: 50px !important;background-color: #f7f7f7 !important;}\u00a0\u00bb][vc_column width=\u00a0\u00bb1\/3&Prime;][vc_custom_heading text=\u00a0\u00bbAppartement Elba &#8211; 6 places\u00a0\u00bb font_container=\u00a0\u00bbtag:h3|text_align:left\u00a0\u00bb use_theme_fonts=\u00a0\u00bbyes\u00a0\u00bb css=\u00a0\u00bb\u00a0\u00bb link=\u00a0\u00bburl:https%3A%2F%2Fwww.residencelidoazzurro.it%2Ffr%2Fappartements%2Fgirasole%2F|title:Appartement%20Elba\u00a0\u00bb]<div style=\"background-color:;height: 20px\" class=\"nicdark_section  \"><\/div>[vc_column_text]<strong>Cuisine &#8211; s\u00e9jour avec lit simple <\/strong>[\/vc_column_text][vc_single_image image=\u00a0\u00bb4068&Prime; img_size=\u00a0\u00bb150&#215;50&Prime;]<div style=\"background-color:;height: 15px\" class=\"nicdark_section  \"><\/div>[vc_column_text]<strong>Chambre double <\/strong>[\/vc_column_text][vc_single_image image=\u00a0\u00bb4004&Prime; img_size=\u00a0\u00bb50&#215;50&Prime;]<div style=\"background-color:;height: 15px\" class=\"nicdark_section  \"><\/div>[vc_column_text]<strong>Chambre avec 3 lits simples ou un double + 1 simple <\/strong>[\/vc_column_text][vc_single_image image=\u00a0\u00bb4095&Prime; img_size=\u00a0\u00bb100&#215;50&Prime;]<div style=\"background-color:;height: 15px\" class=\"nicdark_section  \"><\/div>[vc_column_text]<strong>Salle de bain avec cabine de douche <\/strong>[\/vc_column_text][vc_single_image image=\u00a0\u00bb3996&Prime; img_size=\u00a0\u00bb50&#215;50&Prime;]<div style=\"background-color:;height: 40px\" class=\"nicdark_section  \"><\/div>\n\t\n\t<a style=\"border: 1px solid #1e73be;border-radius:px;letter-spacing:1px;line-height:14px;font-size:14px;background-color:#ffffff;padding:15px 20px;margin:10px;color:#1e73be\" rel=\"\" href=\"https:\/\/www.residencelidoazzurro.it\/fr\/appartamenti\/girasole\/\" class=\"nicdark_display_inline_block nd_options_float_left nd_options_font_weight_normal nd_options_second_font  \">D\u00c9COUVRE L'APPARTEMENT ELBA<\/a>\n\t\n<div style=\"background-color:;height: 20px\" class=\"nicdark_section  \"><\/div>[\/vc_column][vc_column width=\u00a0\u00bb2\/3&Prime;][vc_gallery type=\u00a0\u00bbflexslider_slide\u00a0\u00bb interval=\u00a0\u00bb0&Prime; images=\u00a0\u00bb2921,2917,2909,2897,2901,2905,2889,2160&Prime; img_size=\u00a0\u00bb1920&#215;1280&Prime;][\/vc_column][\/vc_row]<\/p>\n<\/div>","protected":false},"excerpt":{"rendered":"<p>[vc_row][vc_column][vc_column_text css=\u00a0\u00bb\u00a0\u00bb]Le R\u00e9sidence Lido Azzurro se distingue par le grand parc vert dans lequel il est situ\u00e9 et la magnifique piscine, id\u00e9ale aussi pour les enfants. Il propose un s\u00e9jour d\u00e9contract\u00e9 et soign\u00e9, \u00e0 un prix avantageux. Chaque appartement du R\u00e9sidence est con\u00e7u pour offrir une exp\u00e9rience de confort et d&rsquo;accueil unique, en fournissant une [&hellip;]<\/p>\n","protected":false},"author":1,"featured_media":0,"parent":0,"menu_order":0,"comment_status":"closed","ping_status":"closed","template":"","meta":{"footnotes":""},"class_list":["post-2970","page","type-page","status-publish","hentry"],"_links":{"self":[{"href":"https:\/\/www.residencelidoazzurro.it\/fr\/wp-json\/wp\/v2\/pages\/2970","targetHints":{"allow":["GET"]}}],"collection":[{"href":"https:\/\/www.residencelidoazzurro.it\/fr\/wp-json\/wp\/v2\/pages"}],"about":[{"href":"https:\/\/www.residencelidoazzurro.it\/fr\/wp-json\/wp\/v2\/types\/page"}],"author":[{"embeddable":true,"href":"https:\/\/www.residencelidoazzurro.it\/fr\/wp-json\/wp\/v2\/users\/1"}],"replies":[{"embeddable":true,"href":"https:\/\/www.residencelidoazzurro.it\/fr\/wp-json\/wp\/v2\/comments?post=2970"}],"version-history":[{"count":5,"href":"https:\/\/www.residencelidoazzurro.it\/fr\/wp-json\/wp\/v2\/pages\/2970\/revisions"}],"predecessor-version":[{"id":6400,"href":"https:\/\/www.residencelidoazzurro.it\/fr\/wp-json\/wp\/v2\/pages\/2970\/revisions\/6400"}],"wp:attachment":[{"href":"https:\/\/www.residencelidoazzurro.it\/fr\/wp-json\/wp\/v2\/media?parent=2970"}],"curies":[{"name":"wp","href":"https:\/\/api.w.org\/{rel}","templated":true}]}}