{"id":4801,"date":"2023-12-21T12:38:12","date_gmt":"2023-12-21T11:38:12","guid":{"rendered":"https:\/\/www.residencelidoazzurro.it\/porto-azzurro\/"},"modified":"2024-02-13T16:53:23","modified_gmt":"2024-02-13T15:53:23","slug":"porto-azzurro","status":"publish","type":"page","link":"https:\/\/www.residencelidoazzurro.it\/de\/porto-azzurro\/","title":{"rendered":"Porto Azzurro"},"content":{"rendered":"<div class=\"wpb-content-wrapper\"><p>[vc_row full_width=&#8220;stretch_row&#8220; css=&#8220;.vc_custom_1644324629605{padding-top: 50px !important;}&#8220;][vc_column][vc_column_text]<strong>Porto Azzurro<\/strong> liegt in einer gesch\u00fctzten Bucht des <strong>Golfs von Mola<\/strong>, die seit der Antike als nat\u00fcrlicher Hafen in den Tirrenischen Seerouten genutzt wurde.<\/p>\n<p>Fr\u00fcher trug es den Namen Portolongone und verdankt seinen heutigen Namen einer Entscheidung der Gemeindeverwaltung im Jahr 1947, die beschloss, dem Ort einen touristischeren Namen zu geben.<\/p>\n<p>Das Dorf liegt am Fu\u00df des Vorgebirges, das in der <strong>Fortezza di San Giacomo<\/strong> gipfelt, die von Philipp III. von Spanien im Jahr 1602 mit einem sternf\u00f6rmigen Grundriss errichtet wurde, der an das Schloss von Antwerpen erinnert. Jahrhundertelang von Sarazenen geplagt, wurde Portolongone von den Franzosen, Spaniern und Deutschen beherrscht und von den europ\u00e4ischen Gro\u00dfm\u00e4chten bis 1802 umk\u00e4mpft, als die gesamte Insel Teil des franz\u00f6sischen Besitzes wurde.<\/p>\n<p>Das kleine Zentrum hat ein malerisches Aussehen mit steilen Stra\u00dfen, kleinen Steinfassaden, reizvollen Ecken und einem gro\u00dfen Platz, der sich im Hafenwasser spiegelt.<\/p>\n<p>Zu den wichtigsten Sehensw\u00fcrdigkeiten geh\u00f6rt der <strong>Santuario della Madonna di Monserrato<\/strong>, der im 17. Jahrhundert vom spanischen Gouverneur Pons Y Le\u00f2n erbaut wurde, der die ber\u00fchmte Wallfahrtskirche in der N\u00e4he von Barcelona auf Elba nachbilden wollte. Das Bild der Jungfrau, das im Heiligtum aufbewahrt wird, gilt als perfekte Kopie desjenigen im gleichnamigen Heiligtum in Spanien.<\/p>\n<p>Sehenswert ist auch die \u00e4u\u00dfere Struktur des Forte San Giacomo, das derzeit als Gef\u00e4ngnis dient.<\/p>\n<p>Von Porto Azzurro aus werden Spazierg\u00e4nge entlang der P<strong>asseggiata Carmignani<\/strong> und <strong>Ausfl\u00fcge zum Laghetto di Terranera<\/strong> und zum <strong>Santuario della Madonna di Monserrato<\/strong> empfohlen.<\/p>\n<p>Markttag: Samstagmorgen.[\/vc_column_text][\/vc_column][\/vc_row][vc_row css=&#8220;.vc_custom_1703231885365{margin-top: 50px !important;}&#8220;][vc_column width=&#8220;1\/2&#8243;][vc_column_text]<\/p>\n<h3><a href=\"https:\/\/www.residencelidoazzurro.it\/de\/wir-sind-hier\/\">Die Lage des Residence Lido Azzurro<\/a><\/h3>\n<p>[\/vc_column_text]<div style=\"background-color:;height: 30px\" class=\"nicdark_section  \"><\/div>[vc_single_image image=&#8220;2056&#8243; img_size=&#8220;full&#8220; onclick=&#8220;custom_link&#8220; link=&#8220;\/de\/wir-sind-hier\/&#8220;][\/vc_column][vc_column width=&#8220;1\/2&#8243;][vc_column_text]<\/p>\n<h3><a href=\"https:\/\/www.residencelidoazzurro.it\/de\/capoliveri\/\">Entdecke Capoliveri<\/a><\/h3>\n<p>[\/vc_column_text]<div style=\"background-color:;height: 30px\" class=\"nicdark_section  \"><\/div>[vc_single_image image=&#8220;3137&#8243; img_size=&#8220;full&#8220; onclick=&#8220;custom_link&#8220; link=&#8220;\/de\/capoliveri\/&#8220;][\/vc_column][\/vc_row]<\/p>\n<\/div>","protected":false},"excerpt":{"rendered":"<p>[vc_row full_width=&#8220;stretch_row&#8220; css=&#8220;.vc_custom_1644324629605{padding-top: 50px !important;}&#8220;][vc_column][vc_column_text]Porto Azzurro liegt in einer gesch\u00fctzten Bucht des Golfs von Mola, die seit der Antike als nat\u00fcrlicher Hafen in den Tirrenischen Seerouten genutzt wurde. Fr\u00fcher trug es den Namen Portolongone und verdankt seinen heutigen Namen einer Entscheidung der Gemeindeverwaltung im Jahr 1947, die beschloss, dem Ort einen touristischeren Namen zu geben. [&hellip;]<\/p>\n","protected":false},"author":1,"featured_media":0,"parent":0,"menu_order":0,"comment_status":"closed","ping_status":"closed","template":"","meta":{"footnotes":""},"class_list":["post-4801","page","type-page","status-publish","hentry"],"_links":{"self":[{"href":"https:\/\/www.residencelidoazzurro.it\/de\/wp-json\/wp\/v2\/pages\/4801","targetHints":{"allow":["GET"]}}],"collection":[{"href":"https:\/\/www.residencelidoazzurro.it\/de\/wp-json\/wp\/v2\/pages"}],"about":[{"href":"https:\/\/www.residencelidoazzurro.it\/de\/wp-json\/wp\/v2\/types\/page"}],"author":[{"embeddable":true,"href":"https:\/\/www.residencelidoazzurro.it\/de\/wp-json\/wp\/v2\/users\/1"}],"replies":[{"embeddable":true,"href":"https:\/\/www.residencelidoazzurro.it\/de\/wp-json\/wp\/v2\/comments?post=4801"}],"version-history":[{"count":4,"href":"https:\/\/www.residencelidoazzurro.it\/de\/wp-json\/wp\/v2\/pages\/4801\/revisions"}],"predecessor-version":[{"id":4809,"href":"https:\/\/www.residencelidoazzurro.it\/de\/wp-json\/wp\/v2\/pages\/4801\/revisions\/4809"}],"wp:attachment":[{"href":"https:\/\/www.residencelidoazzurro.it\/de\/wp-json\/wp\/v2\/media?parent=4801"}],"curies":[{"name":"wp","href":"https:\/\/api.w.org\/{rel}","templated":true}]}}