{"id":4784,"date":"2023-12-21T12:36:21","date_gmt":"2023-12-21T11:36:21","guid":{"rendered":"https:\/\/www.residencelidoazzurro.it\/capoliveri\/"},"modified":"2024-02-13T16:51:13","modified_gmt":"2024-02-13T15:51:13","slug":"capoliveri","status":"publish","type":"page","link":"https:\/\/www.residencelidoazzurro.it\/de\/capoliveri\/","title":{"rendered":"Capoliveri"},"content":{"rendered":"<div class=\"wpb-content-wrapper\"><p>[vc_row full_width=&#8220;stretch_row&#8220; css=&#8220;.vc_custom_1644324629605{padding-top: 50px !important;}&#8220;][vc_column][vc_column_text]\u00dcber einem kleinen H\u00fcgel gelegen, liegt <strong>Capoliveri<\/strong> strategisch g\u00fcnstig, mit Blick einerseits auf den Golf von Porto Azzurro und andererseits auf den Golf von Stella mit dem eindrucksvollen Anblick des Monte Capanne.<\/p>\n<p>Sein Ursprung geht auf das Jahr 1906 zur\u00fcck, als es sich von Porto Longone, heute Porto Azzurro, abspaltete. \u00dcber die Bedeutung des Namens und die Urspr\u00fcnge des Ortes gibt es schon immer verschiedene Hypothesen.<\/p>\n<p>Der Begriff <strong>&#8222;Caput Liberum&#8220;<\/strong> stammt aus dem Lateinischen und kann w\u00f6rtlich als <strong>&#8222;freies Kap&#8220;<\/strong> \u00fcbersetzt werden. Eine Hypothese besagt, dass der Name von der <strong>geografischen Beschaffenheit<\/strong> des Gebiets abgeleitet ist, auf dem Capoliveri liegt, da es frei ist, weil es vom Meer umgeben ist. Nach einer anderen Theorie bezieht sich &#8222;Caput Liberum&#8220; auf einen Ort der Freiheit oder Autonomie und deutet auf ein Gebiet hin, in dem ehemalige Sklaven untergebracht waren und an diesem Ort frei bewegen durften.<\/p>\n<p>Urspr\u00fcnglich als etruskische H\u00f6henfestung erbaut, k\u00f6nnte sie noch \u00e4ltere Wurzeln haben, da die Insel bereits von griechischen und ph\u00f6nizischen Seefahrern frequentiert wurde, die auf eine eisenreiche Insel stie\u00dfen, die aber schon f\u00fcr Kupfer bekannt war.<\/p>\n<p>Innerhalb der antiken Mauern nahm sie eine rationale geometrische Form an, typisch f\u00fcr die r\u00f6mische Bauweise, w\u00e4hrend sich im Mittelalter das <strong>befestigte Dorf<\/strong> um den Platz und die heutige Via Roma, die Haupt- und h\u00f6chste Stra\u00dfe, sammelte, von der aus sich ganze Gassen, Stra\u00dfen, Pl\u00e4tze und Gassen in Fischgr\u00e4tenmuster ausbreiten, gekennzeichnet durch B\u00f6gen, kleine B\u00f6gen, Unterf\u00fchrungen und seitliche Treppen.<\/p>\n<p>Die mittelalterliche <strong>Kirche San Michele<\/strong>, von der nur noch Teile des Apsis erhalten sind, l\u00e4sst jedoch vermuten, dass es sich um ein seltenes Beispiel der reinen Pisaner Architektur handeln musste. Es wird erz\u00e4hlt, dass <strong>Papst Gregor XI.<\/strong>, auf der Reise von Avignon nach Rom, von einem Sturm \u00fcberrascht, nach San Michele gekommen sei und hier die Messe gefeiert habe. Am s\u00fcdlichen Hang von Capoliveri befindet sich das <strong>Heiligtum Madonna delle Grazie<\/strong>.<\/p>\n<p>Zu den <strong>wichtigsten Festen<\/strong> geh\u00f6rt das <strong>traditionelle Fest der &#8222;Innamorata&#8220;<\/strong>, das am 14. Juli mit einem mittelalterlichen Kost\u00fcmumzug vom Dorf zum Strand der Innamorata gefeiert wird, sowie das <strong>Festa dell\u2019Uva<\/strong>, das der Weinlese und den Traditionen von Capoliveri gewidmet ist und am ersten Sonntag im Oktober stattfindet.<\/p>\n<p>Markttag: Donnerstagmorgen.[\/vc_column_text][\/vc_column][\/vc_row][vc_row css=&#8220;.vc_custom_1703231958259{margin-top: 50px !important;}&#8220;][vc_column width=&#8220;1\/2&#8243;][vc_column_text]<\/p>\n<h3><a href=\"https:\/\/www.residencelidoazzurro.it\/de\/wir-sind-hier\/\">Die Lage des Residence Lido Azzurro<\/a><\/h3>\n<p>[\/vc_column_text]<div style=\"background-color:;height: 30px\" class=\"nicdark_section  \"><\/div>[vc_single_image image=&#8220;2056&#8243; img_size=&#8220;full&#8220; onclick=&#8220;custom_link&#8220; link=&#8220;\/de\/wir-sind-hier\/&#8220;][\/vc_column][vc_column width=&#8220;1\/2&#8243;][vc_column_text]<\/p>\n<h3><a href=\"https:\/\/www.residencelidoazzurro.it\/de\/porto-azzurro\/\">Entdecke Porto Azzurro<\/a><\/h3>\n<p>[\/vc_column_text]<div style=\"background-color:;height: 30px\" class=\"nicdark_section  \"><\/div>[vc_single_image image=&#8220;3157&#8243; img_size=&#8220;full&#8220; onclick=&#8220;custom_link&#8220; link=&#8220;\/de\/porto-azzurro\/&#8220;][\/vc_column][\/vc_row]<\/p>\n<\/div>","protected":false},"excerpt":{"rendered":"<p>[vc_row full_width=&#8220;stretch_row&#8220; css=&#8220;.vc_custom_1644324629605{padding-top: 50px !important;}&#8220;][vc_column][vc_column_text]\u00dcber einem kleinen H\u00fcgel gelegen, liegt Capoliveri strategisch g\u00fcnstig, mit Blick einerseits auf den Golf von Porto Azzurro und andererseits auf den Golf von Stella mit dem eindrucksvollen Anblick des Monte Capanne. Sein Ursprung geht auf das Jahr 1906 zur\u00fcck, als es sich von Porto Longone, heute Porto Azzurro, abspaltete. \u00dcber [&hellip;]<\/p>\n","protected":false},"author":1,"featured_media":0,"parent":0,"menu_order":0,"comment_status":"closed","ping_status":"closed","template":"","meta":{"footnotes":""},"class_list":["post-4784","page","type-page","status-publish","hentry"],"_links":{"self":[{"href":"https:\/\/www.residencelidoazzurro.it\/de\/wp-json\/wp\/v2\/pages\/4784","targetHints":{"allow":["GET"]}}],"collection":[{"href":"https:\/\/www.residencelidoazzurro.it\/de\/wp-json\/wp\/v2\/pages"}],"about":[{"href":"https:\/\/www.residencelidoazzurro.it\/de\/wp-json\/wp\/v2\/types\/page"}],"author":[{"embeddable":true,"href":"https:\/\/www.residencelidoazzurro.it\/de\/wp-json\/wp\/v2\/users\/1"}],"replies":[{"embeddable":true,"href":"https:\/\/www.residencelidoazzurro.it\/de\/wp-json\/wp\/v2\/comments?post=4784"}],"version-history":[{"count":4,"href":"https:\/\/www.residencelidoazzurro.it\/de\/wp-json\/wp\/v2\/pages\/4784\/revisions"}],"predecessor-version":[{"id":4795,"href":"https:\/\/www.residencelidoazzurro.it\/de\/wp-json\/wp\/v2\/pages\/4784\/revisions\/4795"}],"wp:attachment":[{"href":"https:\/\/www.residencelidoazzurro.it\/de\/wp-json\/wp\/v2\/media?parent=4784"}],"curies":[{"name":"wp","href":"https:\/\/api.w.org\/{rel}","templated":true}]}}