{"id":3283,"date":"2019-05-10T10:56:09","date_gmt":"2019-05-10T08:56:09","guid":{"rendered":"http:\/\/lidoazzurro.youelba.com\/home-3\/"},"modified":"2025-09-22T12:30:46","modified_gmt":"2025-09-22T10:30:46","slug":"home-3","status":"publish","type":"page","link":"https:\/\/www.residencelidoazzurro.it\/de\/","title":{"rendered":"Home page"},"content":{"rendered":"<div class=\"wpb-content-wrapper\"><p>[vc_row full_width=&#8220;stretch_row&#8220; css=&#8220;.vc_custom_1647947700474{padding-top: 220px !important;padding-bottom: 150px !important;background: #e8e8e8 url(https:\/\/www.residencelidoazzurro.it\/wp-content\/uploads\/2022\/02\/DSC_0093-6.jpg?id=3473) !important;background-position: center !important;background-repeat: no-repeat !important;background-size: cover !important;}&#8220;][vc_column][vc_empty_space height=&#8220;300px&#8220;][\/vc_column][\/vc_row][vc_row][vc_column][vc_widget_sidebar sidebar_id=&#8220;nicdark_sidebar&#8220;][\/vc_column][\/vc_row][vc_row css=&#8220;.vc_custom_1557481426026{margin-top: 100px !important;}&#8220;][vc_column] <h1 style=\"color:;padding:px;text-align:center;font-size:50px;line-height:px;letter-spacing: px;font-weight:lighter\" class=\"  nd_options_font_size_40_important_all_iphone nd_options_line_height_40_important_all_iphone nd_options_first_font \">Residence Lido Azzurro<\/h1> <div style=\"background-color:;height: 30px\" class=\"nicdark_section  \"><\/div> <h3 style=\"color:;padding:px;text-align:center;font-size:px;line-height:px;letter-spacing: 2px;font-weight:lighter\" class=\"   nd_options_second_font \">Insel Elba<\/h3> [\/vc_column][\/vc_row][vc_row gap=&#8220;35&#8243; content_placement=&#8220;middle&#8220; css=&#8220;.vc_custom_1715854199620{margin-top: 25px !important;}&#8220;][vc_column width=&#8220;1\/2&#8243; css=&#8220;.vc_custom_1557587399586{padding-right: 0px !important;padding-left: 0px !important;}&#8220;][vc_column_text css=&#8220;&#8220;]Entdecken Sie das Residence Lido Azzurro r.t.a., Ihr kleines Paradies, eingebettet in einen 9.000 qm gro\u00dfen gr\u00fcnen Park. Nur 500 Meter vom wundersch\u00f6nen Sandstrand von Lido di Capoliveri entfernt, den Sie bequem zu Fu\u00df erreichen k\u00f6nnen, ist dies der perfekte Ort f\u00fcr einen erholsamen und unterhaltsamen Urlaub.<\/p>\n<p>Etwa 3 km vom malerischen Dorf Porto Azzurro und am Fu\u00dfe des Capoliveri-Vorgebirges gelegen, erm\u00f6glicht unsere zentrale Lage Ihnen, die atemberaubenden Str\u00e4nde der Insel Elba m\u00fchelos zu erkunden. Egal, ob Sie lebhafte, gut ausgestattete Str\u00e4nde oder eher intime und unber\u00fchrte Buchten bevorzugen \u2013 hier haben Sie alles in greifbarer N\u00e4he.[\/vc_column_text][\/vc_column][vc_column width=&#8220;1\/2&#8243; css=&#8220;.vc_custom_1557587405278{padding-right: 0px !important;padding-left: 0px !important;}&#8220;]<div style=\"background-color:;height: 20px\" class=\"nicdark_section  \"><\/div>[vc_single_image image=&#8220;3480&#8243; img_size=&#8220;large&#8220;][\/vc_column][\/vc_row][vc_row css=&#8220;.vc_custom_1581334781231{margin-top: 25px !important;margin-bottom: 100px !important;}&#8220;][vc_column css=&#8220;.vc_custom_1491985274415{padding-right: 30px !important;padding-left: 30px !important;}&#8220;][vc_row_inner css=&#8220;.vc_custom_1712240457837{padding-top: 40px !important;padding-right: 40px !important;padding-bottom: 40px !important;padding-left: 40px !important;background-color: #1e73be !important;background-position: center !important;background-repeat: no-repeat !important;background-size: cover !important;}&#8220; el_id=&#8220;pulsante_info_home&#8220;][vc_column_inner width=&#8220;2\/3&#8243;]\n\n    <div class=\"nd_options_section nd_options_position_relative call_to_action_bottom_home_3\">\n\n        <img decoding=\"async\" style=\"top:10px\" alt=\"\" class=\"nd_options_position_absolute nd_options_left_0\" width=\"50\" src=\"https:\/\/www.residencelidoazzurro.it\/wp-content\/uploads\/2019\/05\/icon-checked-white.png\">\n\n        <div style=\"padding-left:70px\" class=\"nd_options_section nd_options_box_sizing_border_box\">\n            \n            <h3 class=\"nd_options_first_font  \" style=\"margin:;color:#ffffff;font-size:30px;line-height:30px\">M\u00f6chten Sie sich informieren oder einen Urlaub in unserem Apartmenthaus buchen?<\/h3> \n             \n            \n\n        <\/div>\n\n    <\/div>\n\n  [\/vc_column_inner][vc_column_inner el_class=&#8220;nd_options_text_align_right&#8220; width=&#8220;1\/3&#8243;]<div style=\"background-color:;height: 8px\" class=\"nicdark_section  \"><\/div>\n\t\n\t<a style=\"border: 1px solid #ffffff;border-radius:px;letter-spacing:4px;line-height:14px;font-size:14px;background-color:;padding:15px 20px;margin:;color:#ffffff\" rel=\"\" href=\"\/de\/kontakt\/\" class=\"nicdark_display_inline_block nd_options_float_right nd_options_font_weight_lighter nd_options_second_font nd_options_disable_lateral_border nd_options_float_left_responsive \">EINE ANFRAGE STELLEN<\/a>\n\t\n[\/vc_column_inner][\/vc_row_inner][\/vc_column][\/vc_row][vc_row css=&#8220;.vc_custom_1722929799524{margin-top: 100px !important;}&#8220;][vc_column] <h1 style=\"color:;padding:px;text-align:center;font-size:50px;line-height:px;letter-spacing: px;font-weight:lighter\" class=\"  nd_options_font_size_40_important_all_iphone nd_options_line_height_40_important_all_iphone nd_options_first_font \">ANGEBOTE<\/h1> <div style=\"background-color:;height: 30px\" class=\"nicdark_section  \"><\/div>[vc_column_text css=&#8220;&#8220;]Nutzen Sie unsere au\u00dfergew\u00f6hnlichen Rabatte f\u00fcr einen unvergesslichen Urlaub!<\/p>\n<p>Verpassen Sie nicht die Gelegenheit, einen <strong>Urlaub<\/strong> voller <strong>Komfort<\/strong> und <strong>Entspannung<\/strong> im Residence Lido Azzurro zu erleben![\/vc_column_text][\/vc_column][\/vc_row][vc_row full_width=&#8220;stretch_row&#8220; content_placement=&#8220;middle&#8220; css=&#8220;.vc_custom_1702891495060{margin-top: 85px !important;padding-top: 100px !important;padding-bottom: 100px !important;background-image: url(https:\/\/www.residencelidoazzurro.it\/wp-content\/uploads\/2023\/12\/lido-capoliveri-0443_dark.jpg?id=3817) !important;background-position: center !important;background-repeat: no-repeat !important;background-size: cover !important;}&#8220;][vc_column width=&#8220;1\/2&#8243; css=&#8220;.vc_custom_1581083380021{padding-right: 100px !important;padding-left: 100px !important;}&#8220;]<div style=\"background-color:;height: 20px\" class=\"nicdark_section  \"><\/div> <h1 style=\"color:#ffffff;padding:px;text-align:center;font-size:50px;line-height:50px;letter-spacing: px;font-weight:lighter\" class=\"  nd_options_font_size_40_important_all_iphone nd_options_first_font \">Lido di Capoliveri<\/h1> <div style=\"background-color:;height: 20px\" class=\"nicdark_section  \"><\/div>[vc_column_text]<\/p>\n<p style=\"text-align: center; color: #ffffff;\"><strong>Der Strand von Lido di Capoliveri mit seinem feinen Sand und dem kristallklaren Meer ist der perfekte Ort zum Entspannen. Er bietet viele Annehmlichkeiten, Dienstleistungen und zahlreiche M\u00f6glichkeiten zur Unterhaltung. Der ideale Ort, um sich von der Routine zu l\u00f6sen und in die Sch\u00f6nheit der Natur einzutauchen.<br \/>\nIn der N\u00e4he (20 Meter) Fahrrad-, E-Bike-, Roller- und Autoverleih; 500 Meter entfernt sind alle wichtigen Dienstleistungen: Metzger, Supermarkt, Bar, Zeitungsladen, Restaurant, Pizzeria, angeschlossene Badeanstalt, Surfschule, Tauchzentrum, Bootsverleih; Auf 700\/800 Metern gibt es auch einen Coop-Supermarkt, einen Fischmarkt, Obst und Gem\u00fcse, Elba-Weine, einen Friseur und einen Geldautomaten.<\/strong><\/p>\n<p>[\/vc_column_text]<div style=\"background-color:;height: 20px\" class=\"nicdark_section  \"><\/div>[\/vc_column][vc_column width=&#8220;1\/2&#8243; css=&#8220;.vc_custom_1557682678712{padding-right: 100px !important;padding-left: 100px !important;}&#8220;]<div style=\"background-color:;height: 100px\" class=\"nicdark_section  \"><\/div>[\/vc_column][\/vc_row][vc_row gap=&#8220;35&#8243; content_placement=&#8220;middle&#8220; css=&#8220;.vc_custom_1715854199620{margin-top: 25px !important;}&#8220;][vc_column width=&#8220;1\/2&#8243; css=&#8220;.vc_custom_1557587399586{padding-right: 0px !important;padding-left: 0px !important;}&#8220;][vc_column_text]<\/p>\n<p>Eingebettet in <strong>eine gr\u00fcne Oase<\/strong>, bietet die Residenz <strong>ein unvergessliches Erlebnis f\u00fcr Familien<\/strong>. Sie befindet sich <strong>nur wenige Schritte entfernt<\/strong> vom <strong>goldenen Sandstrand<\/strong> des <strong>Lido di Capoliveri<\/strong> und erm\u00f6glicht entspannte Tage voller Freizeit und Erholung.<\/p>\n<p><strong>Kinder<\/strong> haben die M\u00f6glichkeit, die <strong>weiten gr\u00fcnen Fl\u00e4chen<\/strong> rundherum frei zu erkunden, w\u00e4hrend das herrliche <strong>Schwimmbad<\/strong> <strong>eine k\u00fchle und vergn\u00fcgliche Oase<\/strong> unter der Sommersonne bietet.<\/p>\n<p>Kommen Sie und erleben Sie <strong>unvergessliche Momente<\/strong> bei uns!<\/p>\n<p>[\/vc_column_text][\/vc_column][vc_column width=&#8220;1\/2&#8243; css=&#8220;.vc_custom_1557587405278{padding-right: 0px !important;padding-left: 0px !important;}&#8220;]<div style=\"background-color:;height: 20px\" class=\"nicdark_section  \"><\/div>[vc_single_image image=&#8220;5842&#8243; img_size=&#8220;large&#8220;][\/vc_column][\/vc_row][vc_row css=&#8220;.vc_custom_1557481426026{margin-top: 100px !important;}&#8220;][vc_column] <h1 style=\"color:;padding:px;text-align:center;font-size:50px;line-height:px;letter-spacing: px;font-weight:lighter\" class=\"  nd_options_font_size_40_important_all_iphone nd_options_line_height_40_important_all_iphone nd_options_first_font \">SERVICELEISTUNGEN<\/h1> <div style=\"background-color:;height: 30px\" class=\"nicdark_section  \"><\/div>[\/vc_column][\/vc_row][vc_row equal_height=&#8220;yes&#8220; content_placement=&#8220;middle&#8220; css=&#8220;.vc_custom_1540821878031{margin-top: 30px !important;}&#8220;][vc_column width=&#8220;1\/4&#8243;]<div style=\"background-color:;height: 30px\" class=\"nicdark_section  \"><\/div>\n    <div style=\"text-align:center\" class=\"nd_options_section\">\n      <img decoding=\"async\" alt=\"\" style=\"width:50px\" class=\" nd_options_margin_0 nd_options_padding_0 \" src=\"https:\/\/www.residencelidoazzurro.it\/wp-content\/uploads\/2023\/12\/swimming-pool.png\">\n    <\/div>\n   <div style=\"background-color:;height: 15px\" class=\"nicdark_section  \"><\/div> <p style=\"color:;padding:px;text-align:center;font-size:px;line-height:px;letter-spacing: px;font-weight:\" class=\"    \">Schwimmbad mit Liege-st\u00fchlen und Strandschirme.<\/p> <div style=\"background-color:;height: 30px\" class=\"nicdark_section  \"><\/div>[\/vc_column][vc_column width=&#8220;1\/4&#8243;]<div style=\"background-color:;height: 30px\" class=\"nicdark_section  \"><\/div>\n    <div style=\"text-align:center\" class=\"nd_options_section\">\n      <img decoding=\"async\" alt=\"\" style=\"width:50px\" class=\" nd_options_margin_0 nd_options_padding_0 \" src=\"https:\/\/www.residencelidoazzurro.it\/wp-content\/uploads\/2023\/12\/wifi.png\">\n    <\/div>\n   <div style=\"background-color:;height: 15px\" class=\"nicdark_section  \"><\/div> <p style=\"color:;padding:px;text-align:center;font-size:px;line-height:px;letter-spacing: px;font-weight:\" class=\"    \">Free WI-FI<\/p> <div style=\"background-color:;height: 30px\" class=\"nicdark_section  \"><\/div>[\/vc_column][vc_column width=&#8220;1\/4&#8243;]<div style=\"background-color:;height: 30px\" class=\"nicdark_section  \"><\/div>\n    <div style=\"text-align:center\" class=\"nd_options_section\">\n      <img decoding=\"async\" alt=\"\" style=\"width:50px\" class=\" nd_options_margin_0 nd_options_padding_0 \" src=\"https:\/\/www.residencelidoazzurro.it\/wp-content\/uploads\/2020\/02\/playground.png\">\n    <\/div>\n   <div style=\"background-color:;height: 15px\" class=\"nicdark_section  \"><\/div> <p style=\"color:;padding:px;text-align:center;font-size:px;line-height:px;letter-spacing: px;font-weight:\" class=\"    \">Spielplatz f\u00fcr Kinder<\/p> <div style=\"background-color:;height: 30px\" class=\"nicdark_section  \"><\/div>[\/vc_column][vc_column width=&#8220;1\/4&#8243;]<div style=\"background-color:;height: 30px\" class=\"nicdark_section  \"><\/div>\n    <div style=\"text-align:center\" class=\"nd_options_section\">\n      <img decoding=\"async\" alt=\"\" style=\"width:50px\" class=\" nd_options_margin_0 nd_options_padding_0 \" src=\"https:\/\/www.residencelidoazzurro.it\/wp-content\/uploads\/2020\/02\/parking.png\">\n    <\/div>\n   <div style=\"background-color:;height: 15px\" class=\"nicdark_section  \"><\/div> <p style=\"color:;padding:px;text-align:center;font-size:px;line-height:px;letter-spacing: px;font-weight:\" class=\"    \">\u00dcberdachter parkplatz<\/p> <div style=\"background-color:;height: 30px\" class=\"nicdark_section  \"><\/div>[\/vc_column][\/vc_row][vc_row][vc_column][vc_column_text css=&#8220;&#8220;]<\/p>\n<p>Um <strong>allen unseren G\u00e4sten einen komfortablen Aufenthalt zu gew\u00e4hrleisten<\/strong>, k\u00f6nnen im Residence Lido Azzurro <strong>keine Haustiere aufgenommen werden<\/strong>. Vielen Dank f\u00fcr Ihr Verst\u00e4ndnis und Ihre Mitarbeit!<\/p>\n<p>[\/vc_column_text][\/vc_column][\/vc_row][vc_row full_width=&#8220;stretch_row_content&#8220; css=&#8220;.vc_custom_1702892508640{padding-bottom: 80px !important;}&#8220;][vc_column offset=&#8220;vc_hidden-lg&#8220;][vc_video link=&#8220;https:\/\/www.youtube.com\/watch?v=ocXiw1CqvOU&#8220; align=&#8220;center&#8220;][\/vc_column][\/vc_row][vc_row css=&#8220;.vc_custom_1647948669608{padding-bottom: 80px !important;}&#8220;][vc_column offset=&#8220;vc_hidden-md vc_hidden-sm vc_hidden-xs&#8220;][vc_video link=&#8220;https:\/\/www.youtube.com\/watch?v=ocXiw1CqvOU&#8220; align=&#8220;center&#8220;][\/vc_column][\/vc_row][vc_row gap=&#8220;35&#8243; content_placement=&#8220;middle&#8220; css=&#8220;.vc_custom_1715845254292{margin-top: 25px !important;}&#8220;][vc_column width=&#8220;1\/2&#8243; css=&#8220;.vc_custom_1557587399586{padding-right: 0px !important;padding-left: 0px !important;}&#8220;] <h2 style=\"color:;padding:px;text-align:;font-size:px;line-height:px;letter-spacing: px;font-weight:normal\" class=\"  nd_options_font_size_40_important_all_iphone nd_options_line_height_40_important_all_iphone nd_options_first_font \">Sports Map Insel Elba<\/h2> <div style=\"background-color:;height: 30px\" class=\"nicdark_section  \"><\/div>[vc_column_text css=&#8220;&#8220;]Online ansehen: die neue interaktive Karte mit Str\u00e4nden, Routen, Sportstrecken und Outdoor-Aktivit\u00e4ten in Capoliveri und Umgebung.[\/vc_column_text]\n\t\n\t<a style=\"border: 1px solid #1e73be;border-radius:px;letter-spacing:1px;line-height:14px;font-size:14px;background-color:#ffffff;padding:15px 20px;margin:10px;color:#1e73be\" rel=\"\" target=\"_blank\" href=\"https:\/\/www.siriobluevision.it\/mappeinterattive\/residence-lido-azzurro\/\" class=\"nicdark_display_inline_block nd_options_float_left nd_options_font_weight_normal nd_options_second_font  \">KARTE \u00d6FFNEN<\/a>\n\t\n[\/vc_column][vc_column width=&#8220;1\/2&#8243; css=&#8220;.vc_custom_1557587405278{padding-right: 0px !important;padding-left: 0px !important;}&#8220;][vc_single_image image=&#8220;6242&#8243; img_size=&#8220;full&#8220; alignment=&#8220;center&#8220; onclick=&#8220;custom_link&#8220; img_link_target=&#8220;_blank&#8220; css=&#8220;&#8220; link=&#8220;https:\/\/www.siriobluevision.it\/mappeinterattive\/residence-lido-azzurro\/&#8220;][\/vc_column][\/vc_row]<\/p>\n<\/div>","protected":false},"excerpt":{"rendered":"<p>[vc_row full_width=&#8220;stretch_row&#8220; css=&#8220;.vc_custom_1647947700474{padding-top: 220px !important;padding-bottom: 150px !important;background: #e8e8e8 url(https:\/\/www.residencelidoazzurro.it\/wp-content\/uploads\/2022\/02\/DSC_0093-6.jpg?id=3473) !important;background-position: center !important;background-repeat: no-repeat !important;background-size: cover !important;}&#8220;][vc_column][vc_empty_space height=&#8220;300px&#8220;][\/vc_column][\/vc_row][vc_row][vc_column][vc_widget_sidebar sidebar_id=&#8220;nicdark_sidebar&#8220;][\/vc_column][\/vc_row][vc_row css=&#8220;.vc_custom_1557481426026{margin-top: 100px !important;}&#8220;][vc_column][\/vc_column][\/vc_row][vc_row gap=&#8220;35&#8243; content_placement=&#8220;middle&#8220; css=&#8220;.vc_custom_1715854199620{margin-top: 25px !important;}&#8220;][vc_column width=&#8220;1\/2&#8243; css=&#8220;.vc_custom_1557587399586{padding-right: 0px !important;padding-left: 0px !important;}&#8220;][vc_column_text css=&#8220;&#8220;]Entdecken Sie das Residence Lido Azzurro r.t.a., Ihr kleines Paradies, eingebettet in einen 9.000 qm gro\u00dfen gr\u00fcnen Park. Nur 500 Meter vom wundersch\u00f6nen [&hellip;]<\/p>\n","protected":false},"author":1,"featured_media":0,"parent":0,"menu_order":0,"comment_status":"closed","ping_status":"closed","template":"","meta":{"footnotes":""},"class_list":["post-3283","page","type-page","status-publish","hentry"],"_links":{"self":[{"href":"https:\/\/www.residencelidoazzurro.it\/de\/wp-json\/wp\/v2\/pages\/3283","targetHints":{"allow":["GET"]}}],"collection":[{"href":"https:\/\/www.residencelidoazzurro.it\/de\/wp-json\/wp\/v2\/pages"}],"about":[{"href":"https:\/\/www.residencelidoazzurro.it\/de\/wp-json\/wp\/v2\/types\/page"}],"author":[{"embeddable":true,"href":"https:\/\/www.residencelidoazzurro.it\/de\/wp-json\/wp\/v2\/users\/1"}],"replies":[{"embeddable":true,"href":"https:\/\/www.residencelidoazzurro.it\/de\/wp-json\/wp\/v2\/comments?post=3283"}],"version-history":[{"count":5,"href":"https:\/\/www.residencelidoazzurro.it\/de\/wp-json\/wp\/v2\/pages\/3283\/revisions"}],"predecessor-version":[{"id":6262,"href":"https:\/\/www.residencelidoazzurro.it\/de\/wp-json\/wp\/v2\/pages\/3283\/revisions\/6262"}],"wp:attachment":[{"href":"https:\/\/www.residencelidoazzurro.it\/de\/wp-json\/wp\/v2\/media?parent=3283"}],"curies":[{"name":"wp","href":"https:\/\/api.w.org\/{rel}","templated":true}]}}