{"id":3280,"date":"2019-05-10T11:12:21","date_gmt":"2019-05-10T09:12:21","guid":{"rendered":"http:\/\/lidoazzurro.youelba.com\/dove-siamo\/"},"modified":"2024-02-14T10:43:15","modified_gmt":"2024-02-14T09:43:15","slug":"wir-sind-hier","status":"publish","type":"page","link":"https:\/\/www.residencelidoazzurro.it\/de\/wir-sind-hier\/","title":{"rendered":"Wir sind hier"},"content":{"rendered":"<div class=\"wpb-content-wrapper\"><p>[vc_row css=&#8220;.vc_custom_1581346593738{margin-top: 80px !important;}&#8220;][vc_column][vc_column_text]<\/p>\n<h3>Meer, Natur und Spa\u00df<\/h3>\n<p>[\/vc_column_text]<div style=\"background-color:;height: 30px\" class=\"nicdark_section  \"><\/div>[vc_column_text]Das Residence Lido Azzurro ist eine <strong>Oase der Entspannung und Sch\u00f6nheit<\/strong> in einer privilegierten Lage zwischen <strong>Portoferraio<\/strong>, <a href=\"https:\/\/www.residencelidoazzurro.it\/de\/porto-azzurro\/\"><strong>Porto Azzurro<\/strong><\/a> und <a href=\"https:\/\/www.residencelidoazzurro.it\/de\/capoliveri\/\"><strong>Capoliveri<\/strong><\/a>. Diese strategische Position, die recht zentral auf Elba liegt, ist der <strong>perfekte Ausgangspunkt<\/strong>, um die Wunder der Insel zu entdecken, viele <strong>Str\u00e4nde und Buchten<\/strong> zu erkunden, sich in den besten Erlebnissen zu vertiefen, die Elba zu bieten hat, und auch <strong>abends auszugehen<\/strong>.<\/p>\n<p>Das Residence befindet sich nur 500 Meter von den kristallklaren Gew\u00e4ssern des <a href=\"https:\/\/www.residencelidoazzurro.it\/de\/straende\/\"><strong>Strandes Lido di Capoliveri<\/strong><\/a> entfernt, der f\u00fcr seine Sch\u00f6nheit und die vielen vorhandenen Einrichtungen bekannt ist und sowohl von <strong>jungen Menschen, die Sport und Unterhaltung suchen<\/strong>, als auch von Familien, die einen Aufenthalt im Zeichen des <strong>Komforts<\/strong> verbringen m\u00f6chten, gesch\u00e4tzt wird.<\/p>\n<p>Vom <strong>Residence Lido Azzurro<\/strong> aus erreichen Sie auch schnell andere <a href=\"https:\/\/www.residencelidoazzurro.it\/de\/straende\/\"><strong>Str\u00e4nde an der S\u00fcdostk\u00fcste von Elba<\/strong><\/a>, von den bekanntesten und ausgestattetsten bis hin zu den abgelegeneren und unber\u00fchrteren, allesamt ber\u00fchmt f\u00fcr ihre Sch\u00f6nheit: <strong>Paradiese aus goldenem Sand<\/strong> und wunderbaren <strong>t\u00fcrkisfarbenen Gew\u00e4ssern<\/strong>.<\/p>\n<p>Die nahegelegenen Orte <a href=\"https:\/\/www.residencelidoazzurro.it\/de\/porto-azzurro\/\"><strong>Porto Azzurro<\/strong><\/a>, <a href=\"https:\/\/www.residencelidoazzurro.it\/de\/capoliveri\/\"><strong>Capoliveri<\/strong><\/a> und Portoferraio, die vom Residence Lido Azzurro aus leicht zu erreichen sind, sind der ideale Ort f\u00fcr <strong>lebhafte und unterhaltsame Abende<\/strong>. Diese Orte, die f\u00fcr ihr lebhaftes Treiben bekannt sind, zeichnen sich auch durch ihr breites Angebot an <strong>Restaurants, Bars, Gesch\u00e4ften und Dienstleistungen<\/strong> aus, die einen bequemen und sorgenfreien Urlaub garantieren.<\/p>\n<p>Porto Azzurro und Portoferraio sind auch <strong>Ausgangsh\u00e4fen f\u00fcr organisierte Bootsausfl\u00fcge<\/strong>, um die Sch\u00f6nheit von Elba und Ausfl\u00fcge zu den anderen Inseln des Toskanischen Archipels zu entdecken.<\/p>\n<p>F\u00fcr Meer- und Sportliebhaber bieten der <strong>Yachthafen von Mola di Capoliveri<\/strong> (ca. 1 km entfernt), der \u00fcber Ankerbojen verf\u00fcgt und Bootslagerdienste anbietet, sowie der <strong>Golf Club Acquabona<\/strong> (3 km entfernt) weitere M\u00f6glichkeiten, den Urlaub mit Aktivit\u00e4ten und Erlebnissen zu bereichern.<\/p>\n<p>Das Residence Lido Azzurro ist kurz gesagt der <strong>exklusive Zugangspunkt zu den sch\u00f6nsten und gesch\u00e4tztesten Orten auf Elba<\/strong>, ohne lange Reisen unternehmen zu m\u00fcssen. Ein Urlaub hier bedeutet, das Beste zu genie\u00dfen, was die Insel zu bieten hat, direkt vor der Haust\u00fcr.[\/vc_column_text][\/vc_column][\/vc_row][vc_row css=&#8220;.vc_custom_1703231603908{margin-top: 20px !important;}&#8220;][vc_column width=&#8220;1\/2&#8243; css=&#8220;.vc_custom_1703231597181{margin-top: 30px !important;}&#8220;][vc_column_text]<\/p>\n<h3><a href=\"https:\/\/www.residencelidoazzurro.it\/de\/capoliveri\/\">Entdecke mehr \u00fcber Capoliveri<\/a><\/h3>\n<p>[\/vc_column_text]<div style=\"background-color:;height: 30px\" class=\"nicdark_section  \"><\/div>[vc_single_image image=&#8220;3137&#8243; img_size=&#8220;full&#8220; alignment=&#8220;center&#8220; onclick=&#8220;custom_link&#8220; link=&#8220;\/de\/capoliveri\/&#8220;][\/vc_column][vc_column width=&#8220;1\/2&#8243; css=&#8220;.vc_custom_1703231589090{margin-top: 30px !important;}&#8220;][vc_column_text]<\/p>\n<h3><a href=\"https:\/\/www.residencelidoazzurro.it\/de\/porto-azzurro\/\">Entdecke mehr \u00fcber Porto Azzurro<\/a><\/h3>\n<p>[\/vc_column_text]<div style=\"background-color:;height: 30px\" class=\"nicdark_section  \"><\/div>[vc_single_image image=&#8220;3157&#8243; img_size=&#8220;full&#8220; alignment=&#8220;center&#8220; onclick=&#8220;custom_link&#8220; link=&#8220;\/de\/porto-azzurro\/&#8220;][\/vc_column][\/vc_row][vc_row css=&#8220;.vc_custom_1581346593738{margin-top: 80px !important;}&#8220;][vc_column][vc_column_text]<\/p>\n<h3>Anreise zum Residence Lido Azzurro<\/h3>\n<p>[\/vc_column_text]<div style=\"background-color:;height: 30px\" class=\"nicdark_section  \"><\/div>[vc_column_text]<strong>VON PORTOFERRAIO<\/strong>: Das Residence befindet sich etwa 10 km vom Hafen von Portoferraio entfernt und ist in 15 Autominuten erreichbar. Um das Residence zu erreichen, folgen Sie der Landstra\u00dfe SP24 Richtung Porto Azzurro\/Capoliveri f\u00fcr etwa 9 km. An der zweiten Abzweigung zum Strand Lido di Capoliveri biegen Sie rechts ab. Direkt danach, nur 10 Meter von der Kreuzung entfernt, biegen Sie links ab.[\/vc_column_text]<div style=\"background-color:;height: 30px\" class=\"nicdark_section  \"><\/div>[vc_column_text]<strong>VON RIO MARINA<\/strong>: Der Hafen von Rio Marina ist etwa 17 km vom Residence entfernt, etwa 30 Autominuten. Von Rio Marina aus folgen Sie der Stra\u00dfe Richtung Porto Azzurro\/Capoliveri\/Portoferraio f\u00fcr etwa 12 km. \u00dcberqueren Sie die Ampel an der Abzweigung Capoliveri\/Mola und fahren Sie 1 km geradeaus, vorbei an der Tankstelle auf der rechten Seite. Biegen Sie dann links ab Richtung Lido di Capoliveri. Nach 10 Metern biegen Sie links ab und gelangen zum Residence.[\/vc_column_text][\/vc_column][\/vc_row][vc_row full_width=&#8220;stretch_row_content_no_spaces&#8220; css=&#8220;.vc_custom_1703159881204{padding-top: 50px !important;padding-right: 0px !important;padding-bottom: 80px !important;padding-left: 0px !important;}&#8220;][vc_column width=&#8220;1\/2&#8243;][vc_single_image image=&#8220;2208&#8243; img_size=&#8220;large&#8220;][\/vc_column][vc_column width=&#8220;1\/2&#8243;][vc_single_image image=&#8220;2210&#8243; img_size=&#8220;large&#8220;][\/vc_column][\/vc_row]<\/p>\n<\/div>","protected":false},"excerpt":{"rendered":"<p>[vc_row css=&#8220;.vc_custom_1581346593738{margin-top: 80px !important;}&#8220;][vc_column][vc_column_text] Meer, Natur und Spa\u00df [\/vc_column_text][vc_column_text]Das Residence Lido Azzurro ist eine Oase der Entspannung und Sch\u00f6nheit in einer privilegierten Lage zwischen Portoferraio, Porto Azzurro und Capoliveri. Diese strategische Position, die recht zentral auf Elba liegt, ist der perfekte Ausgangspunkt, um die Wunder der Insel zu entdecken, viele Str\u00e4nde und Buchten zu erkunden, [&hellip;]<\/p>\n","protected":false},"author":1,"featured_media":0,"parent":0,"menu_order":0,"comment_status":"closed","ping_status":"closed","template":"","meta":{"footnotes":""},"class_list":["post-3280","page","type-page","status-publish","hentry"],"_links":{"self":[{"href":"https:\/\/www.residencelidoazzurro.it\/de\/wp-json\/wp\/v2\/pages\/3280","targetHints":{"allow":["GET"]}}],"collection":[{"href":"https:\/\/www.residencelidoazzurro.it\/de\/wp-json\/wp\/v2\/pages"}],"about":[{"href":"https:\/\/www.residencelidoazzurro.it\/de\/wp-json\/wp\/v2\/types\/page"}],"author":[{"embeddable":true,"href":"https:\/\/www.residencelidoazzurro.it\/de\/wp-json\/wp\/v2\/users\/1"}],"replies":[{"embeddable":true,"href":"https:\/\/www.residencelidoazzurro.it\/de\/wp-json\/wp\/v2\/comments?post=3280"}],"version-history":[{"count":5,"href":"https:\/\/www.residencelidoazzurro.it\/de\/wp-json\/wp\/v2\/pages\/3280\/revisions"}],"predecessor-version":[{"id":4833,"href":"https:\/\/www.residencelidoazzurro.it\/de\/wp-json\/wp\/v2\/pages\/3280\/revisions\/4833"}],"wp:attachment":[{"href":"https:\/\/www.residencelidoazzurro.it\/de\/wp-json\/wp\/v2\/media?parent=3280"}],"curies":[{"name":"wp","href":"https:\/\/api.w.org\/{rel}","templated":true}]}}