{"id":3250,"date":"2022-02-08T15:21:45","date_gmt":"2022-02-08T14:21:45","guid":{"rendered":"http:\/\/lidoazzurro.youelba.com\/spiagge\/"},"modified":"2024-02-13T12:52:39","modified_gmt":"2024-02-13T11:52:39","slug":"straende","status":"publish","type":"page","link":"https:\/\/www.residencelidoazzurro.it\/de\/straende\/","title":{"rendered":"Str\u00e4nde"},"content":{"rendered":"<div class=\"wpb-content-wrapper\"><p>[vc_row css=&#8220;.vc_custom_1581346593738{margin-top: 80px !important;}&#8220;][vc_column][vc_column_text]Das <strong>Residence Lido Azzurro<\/strong> liegt <strong>strategisch g\u00fcnstig auf der Insel Elba<\/strong> und bietet die M\u00f6glichkeit, in kurzer Zeit <strong>viele Str\u00e4nde<\/strong> mit bezaubernden und einzigartigen Landschaften <strong>zu erreichen<\/strong>. Jeder Strand, vom nahegelegenen <strong>Lido di Capoliveri<\/strong> bis zum ruhigen <strong>Felciaio<\/strong>, ist ein Paradies, das es zu entdecken gilt.<\/p>\n<p>Diese N\u00e4he erm\u00f6glicht es den G\u00e4sten des Residenz, die Vielfalt der <strong>Str\u00e4nde von Elba in wenigen Autominuten<\/strong> zu erkunden: von Str\u00e4nden, die perfekt f\u00fcr Outdoor-Aktivit\u00e4ten geeignet sind, bis hin zu solchen, die sich ideal zum Entspannen in absoluter Ruhe eignen.<\/p>\n<p>Und f\u00fcr diejenigen, die nach neuen Abenteuern suchen, sind weitere wundervolle Str\u00e4nde von Elba mit dem Auto erreichbar, bereit, jeden Tag neue Aussichten und Erlebnisse zu bieten.[\/vc_column_text]<div style=\"background-color:;height: 30px\" class=\"nicdark_section  \"><\/div>[vc_column_text]<\/p>\n<h3 style=\"text-align: center;\">Die Str\u00e4nde in der Umgebung<\/h3>\n<p>[\/vc_column_text]<div style=\"background-color:;height: 30px\" class=\"nicdark_section  \"><\/div>[\/vc_column][\/vc_row][vc_row full_width=&#8220;stretch_row&#8220; content_placement=&#8220;middle&#8220; css=&#8220;.vc_custom_1704986544778{padding-top: 50px !important;background-color: #f7f7f7 !important;}&#8220;][vc_column width=&#8220;1\/2&#8243;][vc_column_text]<strong>Strand von Lido di Capoliveri<\/strong><\/p>\n<p>Dies ist der n\u00e4chstgelegene Strand zu unserer Unterkunft (500 Meter) und ist auch zu Fu\u00df erreichbar. Er erstreckt sich \u00fcber 400 Meter und besteht aus feinem Sand, umgeben von reicher mediterraner Vegetation.<\/p>\n<p>Der Strand ist bei jungen Menschen sehr beliebt, die einen aktiven Urlaub suchen, und wird auch von Familien und Erholungssuchenden sehr gesch\u00e4tzt.<\/p>\n<p>Er verf\u00fcgt \u00fcber Strandb\u00e4der, Restaurants, Bars, Parkpl\u00e4tze und Aktivit\u00e4ten am Meer.<\/p>\n<p>Ein Paradies f\u00fcr diejenigen, die Komfort, Service und Sch\u00f6nheit suchen.[\/vc_column_text][\/vc_column][vc_column width=&#8220;1\/2&#8243;][vc_gallery type=&#8220;flexslider_slide&#8220; interval=&#8220;0&#8243; images=&#8220;3809,4216&#8243; img_size=&#8220;1920&#215;1280&#8243;][\/vc_column][\/vc_row][vc_row content_placement=&#8220;middle&#8220; css=&#8220;.vc_custom_1704986580947{padding-top: 50px !important;}&#8220;][vc_column width=&#8220;1\/2&#8243;][vc_column_text]<strong>Strand von Felciaio<\/strong><\/p>\n<p>Ein verborgenes Juwel von Elba, dieser Strand ist eine Oase der Ruhe und Entspannung, weniger als ein Kilometer vom Residence Lido Azzurro entfernt. Er erstreckt sich \u00fcber etwa 110 Meter und hat feinen Sand. Auf der rechten Seite bildet die Klippe eine Art Pool, der von Tauchliebhabern sehr gesch\u00e4tzt wird.<\/p>\n<p>Das kristallklare Wasser l\u00e4dt zum Schnorcheln ein und bietet eine reiche Unterwasserlandschaft.<\/p>\n<p>Ohne Strandb\u00e4der ist er ideal f\u00fcr diejenigen, die eine authentische und unber\u00fchrte Erfahrung suchen. Parkm\u00f6glichkeiten vorhanden.[\/vc_column_text][\/vc_column][vc_column width=&#8220;1\/2&#8243;][vc_gallery type=&#8220;flexslider_slide&#8220; interval=&#8220;0&#8243; images=&#8220;4260,4264,4268&#8243; img_size=&#8220;1920&#215;1280&#8243;][\/vc_column][\/vc_row][vc_row content_placement=&#8220;middle&#8220; css=&#8220;.vc_custom_1704986588692{padding-top: 50px !important;background-color: #f7f7f7 !important;}&#8220;][vc_column width=&#8220;1\/2&#8243;][vc_column_text]<strong>Strand von Norsi<\/strong><\/p>\n<p>In der Stella-Bucht, etwa 2 km vom Residence entfernt, ist dies ein perfektes Beispiel f\u00fcr einen Strand mit feinem dunklen Sand und schwarzen Kieselsteinen, typisch f\u00fcr die S\u00fcdseite von Elba. Er erstreckt sich \u00fcber ungef\u00e4hr 400 Meter. Sein wildes Aussehen wird durch die dichte mediterrane Vegetation betont, die sich bis zum Strand erstreckt.<\/p>\n<p>Er bietet verschiedene Dienstleistungen wie ein kleines Strandbad, Liegestuhl- und Sonnenschirmverleih sowie eine Bar.[\/vc_column_text][\/vc_column][vc_column width=&#8220;1\/2&#8243;][vc_gallery type=&#8220;flexslider_slide&#8220; interval=&#8220;0&#8243; images=&#8220;4239,4235&#8243; img_size=&#8220;1920&#215;1280&#8243;][\/vc_column][\/vc_row][vc_row content_placement=&#8220;middle&#8220; css=&#8220;.vc_custom_1704986602413{padding-top: 50px !important;}&#8220;][vc_column width=&#8220;1\/2&#8243;][vc_column_text]<strong>Strand von Naregno<\/strong><\/p>\n<p>Er befindet sich etwa 3,5 km von unserer Residenz entfernt. Mit einer L\u00e4nge von etwa 500 Metern und einer Breite von weniger als 30 Metern besteht er aus feinem Sand und kleinen Kieselsteinen, umgeben von reicher mediterraner Vegetation.<\/p>\n<p>Der Strand eignet sich ideal f\u00fcr Familien dank des sanft abfallenden Meeresbodens und der Annehmlichkeiten wie Strandb\u00e4der, Bars und Restaurants sowie Parkpl\u00e4tze. Au\u00dferdem werden Aktivit\u00e4ten wie Segeln, Windsurfen und Tauchen angeboten, was ihn perfekt f\u00fcr Sportliebhaber macht.[\/vc_column_text][\/vc_column][vc_column width=&#8220;1\/2&#8243;][vc_gallery type=&#8220;flexslider_slide&#8220; interval=&#8220;0&#8243; images=&#8220;4251,4243,4247&#8243; img_size=&#8220;1920&#215;1280&#8243;][\/vc_column][\/vc_row][vc_row content_placement=&#8220;middle&#8220; css=&#8220;.vc_custom_1704986871139{padding-top: 50px !important;background-color: #f7f7f7 !important;}&#8220;][vc_column width=&#8220;1\/2&#8243;][vc_column_text]<strong>Strand von Calanova<\/strong><\/p>\n<p>Etwa 9 km von der Residenz Lido Azzurro entfernt liegt dieser Ort der Ruhe und Sch\u00f6nheit. Er ist klein und gem\u00fctlich, besteht aus Sand und kleinen Kieselsteinen und ist von reicher Vegetation umgeben.<\/p>\n<p>Am Strand, teilweise frei und teilweise mit Liegest\u00fchlen und Sonnenschirmen ausgestattet, befindet sich ein qualitativ hochwertiges Restaurant und eine Bar.<\/p>\n<p>Um dorthin zu gelangen, muss man eine unbefestigte Stra\u00dfe nehmen.<\/p>\n<p>Die exklusive und abgelegene Lage machen den Strand von Calanova zu einem ruhigen und entspannenden Ort.[\/vc_column_text][\/vc_column][vc_column width=&#8220;1\/2&#8243;][vc_gallery type=&#8220;flexslider_slide&#8220; interval=&#8220;0&#8243; images=&#8220;4272,4276&#8243; img_size=&#8220;1920&#215;1280&#8243;][\/vc_column][\/vc_row][vc_row content_placement=&#8220;middle&#8220; css=&#8220;.vc_custom_1704986610312{padding-top: 50px !important;}&#8220;][vc_column width=&#8220;1\/2&#8243;][vc_column_text]<strong>Strand von Liscoli (oder Istia)<\/strong><\/p>\n<p>Dies ist ein wundersch\u00f6ner Strand, etwa 110 Meter lang und etwa 10 km von der Residenz entfernt. Er zeichnet sich durch mittelgro\u00dfen Sand und kleine Kieselsteine aus und befindet sich in einer kleinen Bucht, die eine ruhige Umgebung bietet, ideal f\u00fcr Naturliebhaber. Der Strand ist von einem Vorgebirge und einem gro\u00dfen Pinienwald umgeben, der Schatten und Frische bietet.<\/p>\n<p>Es gibt keine Einrichtungen am Strand.[\/vc_column_text][\/vc_column][vc_column width=&#8220;1\/2&#8243;][vc_gallery type=&#8220;flexslider_slide&#8220; interval=&#8220;0&#8243; images=&#8220;4256&#8243; img_size=&#8220;1920&#215;1280&#8243;][\/vc_column][\/vc_row][vc_row content_placement=&#8220;middle&#8220; css=&#8220;.vc_custom_1704986619320{padding-top: 50px !important;background-color: #f7f7f7 !important;}&#8220;][vc_column width=&#8220;1\/2&#8243;][vc_column_text]<strong>Strand von Zuccale<\/strong><\/p>\n<p>Der Strand Zuccale liegt etwa 6 km von der Residenz entfernt und zeichnet sich durch eine \u00fcppige Vegetation hinter dem Strand aus. Er ist etwa 180 Meter lang und durch einen Abhang gro\u00dfer Felsen geteilt, was eine beeindruckende nat\u00fcrliche Landschaft bietet. Der Strand ist f\u00fcr seinen goldenen Sand und das klare Wasser gesch\u00e4tzt und eignet sich ideal f\u00fcr Familien und Aktivit\u00e4ten wie Schnorcheln aufgrund des reichen Meereslebens.<\/p>\n<p>Es gibt Strandb\u00e4der und Verleih von Sonnenschirmen, Liegen, Tretbooten und Booten.[\/vc_column_text][\/vc_column][vc_column width=&#8220;1\/2&#8243;][vc_gallery type=&#8220;flexslider_slide&#8220; interval=&#8220;0&#8243; images=&#8220;4285,4281,4289&#8243; img_size=&#8220;1920&#215;1280&#8243;][\/vc_column][\/vc_row][vc_row content_placement=&#8220;middle&#8220; css=&#8220;.vc_custom_1704986626539{padding-top: 50px !important;}&#8220;][vc_column width=&#8220;1\/2&#8243;][vc_column_text]<strong>Strand von Barabarca<\/strong><\/p>\n<p>Etwa 6 km von der Residenz entfernt und in der N\u00e4he des Zuccale-Strandes gelegen. Er bietet eine unber\u00fchrte Landschaft, perfekt f\u00fcr Liebhaber etwas wilderer Str\u00e4nde. Der Strand besteht aus hellem Sand und kleinen Kieseln.<\/p>\n<p>Das kristallklare Wasser und der teilweise felsige Boden machen ihn ideal zum Schnorcheln.<\/p>\n<p>Am Strand gibt es eine kleine Bar sowie Verleih von Liegest\u00fchlen, Tretbooten und Kanus. Es gibt auch Parkpl\u00e4tze.[\/vc_column_text][\/vc_column][vc_column width=&#8220;1\/2&#8243;][vc_gallery type=&#8220;flexslider_slide&#8220; interval=&#8220;0&#8243; images=&#8220;4298,4294&#8243; img_size=&#8220;1920&#215;1280&#8243;][\/vc_column][\/vc_row][vc_row content_placement=&#8220;middle&#8220; css=&#8220;.vc_custom_1704986634659{padding-top: 50px !important;background-color: #f7f7f7 !important;}&#8220;][vc_column width=&#8220;1\/2&#8243;][vc_column_text]<strong>Strand von Stecchi<\/strong><\/p>\n<p>Er befindet sich zwischen den Str\u00e4nden Barabarca und Madonna delle Grazie, an einem K\u00fcstenabschnitt, der niedrig und reich an Tuffstein ist. Etwa 6 km von der Residenz entfernt. Der Strand ist klein, mit Sand und Kieseln, gesch\u00fctzt durch einen hohen Steg, der einen spektakul\u00e4ren Ort zum Tauchen bietet.<\/p>\n<p>Er ist normalerweise auch nicht \u00fcberf\u00fcllt und perfekt f\u00fcr Schwimm- und Schnorchelliebhaber, die leicht interessante Unterwasserlandschaften nur wenige Meter vom Ufer entfernt beobachten k\u00f6nnen.[\/vc_column_text][\/vc_column][vc_column width=&#8220;1\/2&#8243;][vc_gallery type=&#8220;flexslider_slide&#8220; interval=&#8220;0&#8243; images=&#8220;4311,4303,4307&#8243; img_size=&#8220;1920&#215;1280&#8243;][\/vc_column][\/vc_row][vc_row content_placement=&#8220;middle&#8220; css=&#8220;.vc_custom_1704986642247{padding-top: 50px !important;}&#8220;][vc_column width=&#8220;1\/2&#8243;][vc_column_text]<strong>Strand von Lacona<\/strong><\/p>\n<p>Er ist einer der l\u00e4ngsten Str\u00e4nde der Insel Elba und etwa 9 km von unserer Residenz entfernt. Er besteht aus feinstem goldenem Sand und ist durch das Vorhandensein von D\u00fcnenbereichen mit Meerlilien charakterisiert. Umgeben von einem Pinienwald bietet er nat\u00fcrlichen Schatten am Meer.<\/p>\n<p>Der Strand ist ideal sowohl f\u00fcr Jugendliche, dank zahlreicher Abschnitte mit freiem Strand und der M\u00f6glichkeit, viele Wassersportarten zu betreiben, als auch f\u00fcr Familien.<\/p>\n<p>Er verf\u00fcgt \u00fcber Strandb\u00e4der, Einrichtungen f\u00fcr Wassersportarten, Bars, Restaurants, Bootsverleih und Parkpl\u00e4tze.[\/vc_column_text][\/vc_column][vc_column width=&#8220;1\/2&#8243;][vc_gallery type=&#8220;flexslider_slide&#8220; interval=&#8220;0&#8243; images=&#8220;4316,4328,4320,4324&#8243; img_size=&#8220;1920&#215;1280&#8243;][\/vc_column][\/vc_row][vc_row full_width=&#8220;stretch_row_content_no_spaces&#8220; css=&#8220;.vc_custom_1581348112353{padding-top: 50px !important;padding-right: 0px !important;padding-bottom: 0px !important;padding-left: 0px !important;}&#8220;][vc_column width=&#8220;1\/2&#8243;][vc_single_image image=&#8220;2207&#8243; img_size=&#8220;large&#8220;][\/vc_column][vc_column width=&#8220;1\/2&#8243;][vc_single_image image=&#8220;3201&#8243; img_size=&#8220;large&#8220;][\/vc_column][\/vc_row]<\/p>\n<\/div>","protected":false},"excerpt":{"rendered":"<p>[vc_row css=&#8220;.vc_custom_1581346593738{margin-top: 80px !important;}&#8220;][vc_column][vc_column_text]Das Residence Lido Azzurro liegt strategisch g\u00fcnstig auf der Insel Elba und bietet die M\u00f6glichkeit, in kurzer Zeit viele Str\u00e4nde mit bezaubernden und einzigartigen Landschaften zu erreichen. Jeder Strand, vom nahegelegenen Lido di Capoliveri bis zum ruhigen Felciaio, ist ein Paradies, das es zu entdecken gilt. Diese N\u00e4he erm\u00f6glicht es den G\u00e4sten [&hellip;]<\/p>\n","protected":false},"author":1,"featured_media":0,"parent":0,"menu_order":0,"comment_status":"closed","ping_status":"closed","template":"","meta":{"footnotes":""},"class_list":["post-3250","page","type-page","status-publish","hentry"],"_links":{"self":[{"href":"https:\/\/www.residencelidoazzurro.it\/de\/wp-json\/wp\/v2\/pages\/3250","targetHints":{"allow":["GET"]}}],"collection":[{"href":"https:\/\/www.residencelidoazzurro.it\/de\/wp-json\/wp\/v2\/pages"}],"about":[{"href":"https:\/\/www.residencelidoazzurro.it\/de\/wp-json\/wp\/v2\/types\/page"}],"author":[{"embeddable":true,"href":"https:\/\/www.residencelidoazzurro.it\/de\/wp-json\/wp\/v2\/users\/1"}],"replies":[{"embeddable":true,"href":"https:\/\/www.residencelidoazzurro.it\/de\/wp-json\/wp\/v2\/comments?post=3250"}],"version-history":[{"count":5,"href":"https:\/\/www.residencelidoazzurro.it\/de\/wp-json\/wp\/v2\/pages\/3250\/revisions"}],"predecessor-version":[{"id":4779,"href":"https:\/\/www.residencelidoazzurro.it\/de\/wp-json\/wp\/v2\/pages\/3250\/revisions\/4779"}],"wp:attachment":[{"href":"https:\/\/www.residencelidoazzurro.it\/de\/wp-json\/wp\/v2\/media?parent=3250"}],"curies":[{"name":"wp","href":"https:\/\/api.w.org\/{rel}","templated":true}]}}