{"id":3244,"date":"2022-02-08T15:05:07","date_gmt":"2022-02-08T14:05:07","guid":{"rendered":"http:\/\/lidoazzurro.youelba.com\/isola-delba\/"},"modified":"2024-02-14T12:00:46","modified_gmt":"2024-02-14T11:00:46","slug":"insel-elba","status":"publish","type":"page","link":"https:\/\/www.residencelidoazzurro.it\/de\/insel-elba\/","title":{"rendered":"Insel Elba"},"content":{"rendered":"<div class=\"wpb-content-wrapper\"><p>[vc_row css=&#8220;.vc_custom_1581346593738{margin-top: 80px !important;}&#8220;][vc_column][vc_column_text]<\/p>\n<h3>Erkunde die Insel Elba: Natur, Geschichte und Kultur<\/h3>\n<p>[\/vc_column_text]<div style=\"background-color:;height: 30px\" class=\"nicdark_section  \"><\/div>[vc_column_text]Die Insel Elba, unsere kleine Insel im Herzen des Toskanischen Archipels, ist ein <strong>Mikrokosmos nat\u00fcrlicher, kultureller und historischer Wunder<\/strong>: romantische Fischerd\u00f6rfer, malerische D\u00f6rfer, alte Burgen, gr\u00fcne T\u00e4ler und bezaubernde Buchten wechseln sich mit herrlichen Sand- und Kiesstr\u00e4nden ab.<\/p>\n<p>Mit ihrer geringen Gr\u00f6\u00dfe bietet sie eine einzigartige Erfahrung, in der sich die <strong>Natur schnell ver\u00e4ndert<\/strong>: In einem Moment befindet man sich zwischen atemberaubenden <strong>Klippen<\/strong>, die sich \u00fcber das <strong>azurblaue Meer<\/strong> erheben, und kurz darauf steht man auf den <strong>Gipfeln des Monte Capanne<\/strong>, <strong>1019 Meter \u00fcber dem Meeresspiegel<\/strong>. Eine Umgebung, die jeden Urlaub zu einer kontinuierlichen Entdeckung werden l\u00e4sst.<\/p>\n<p>Auf <strong>historischer und kultureller Ebene<\/strong> ist Elba ein offenes Buch \u00fcber die Vergangenheit. <strong>Festungen, Kirchen und Denkm\u00e4ler<\/strong> bieten den Besuchern einen Einblick in die Vergangenheit und erz\u00e4hlen Geschichten <strong>ber\u00fchmter Pers\u00f6nlichkeiten<\/strong> und <strong>antiker V\u00f6lker<\/strong> von der etruskischen \u00c4ra \u00fcber die r\u00f6mische Herrschaft bis hin zu <strong>Napoleons<\/strong> Verbannung.[\/vc_column_text][\/vc_column][\/vc_row][vc_row full_width=&#8220;stretch_row_content_no_spaces&#8220; css=&#8220;.vc_custom_1581348112353{padding-top: 50px !important;padding-right: 0px !important;padding-bottom: 0px !important;padding-left: 0px !important;}&#8220;][vc_column width=&#8220;1\/2&#8243;][vc_single_image image=&#8220;3175&#8243; img_size=&#8220;large&#8220;][\/vc_column][vc_column width=&#8220;1\/2&#8243;][vc_single_image image=&#8220;3179&#8243; img_size=&#8220;large&#8220;][\/vc_column][\/vc_row][vc_row css=&#8220;.vc_custom_1644329657478{padding-top: 50px !important;padding-bottom: 50px !important;}&#8220;][vc_column][vc_column_text]<\/p>\n<h3>Wie man Elba erreicht<\/h3>\n<p>[\/vc_column_text]<div style=\"background-color:;height: 30px\" class=\"nicdark_section  \"><\/div>[vc_column_text]Dank h\u00e4ufiger <a href=\"https:\/\/www.residencelidoazzurro.it\/de\/faehren\/\"><strong>t\u00e4glicher F\u00e4hr- und Schnellbootabfahrten<\/strong><\/a> ist die Insel <strong>leicht vom Hafen von Piombino Marittima<\/strong> aus in einer Stunde<strong> zu erreichen<\/strong>.<\/p>\n<p>Verschiedene Reedereien (Toremar, Blu Navy, Corsica Sardegna Elba Ferries und Moby Lines) betreiben komfortable <a href=\"https:\/\/www.residencelidoazzurro.it\/de\/faehren\/\"><strong>F\u00e4hren<\/strong><\/a>, die mehrmals t\u00e4glich nach <strong>Portoferraio, Cavo und Rio Marina<\/strong> fahren.<\/p>\n<p>Eine schnelle Verbindung mit dem <a href=\"https:\/\/www.residencelidoazzurro.it\/de\/faehren\/\"><strong>Schnellboot<\/strong><\/a>, das nur Passagiere transportiert, erm\u00f6glicht es, <strong>Cavo<\/strong> in nur 20 Minuten und <strong>Portoferraio<\/strong> in 35 Minuten zu erreichen.<\/p>\n<p>W\u00e4hrend der Sommersaison verbindet der <strong>Flughafen Marina di Campo<\/strong> Elba mit einigen europ\u00e4ischen St\u00e4dten mit w\u00f6chentlichen Fl\u00fcgen. Der Flughafen befindet sich in La Pila, ca. 19 km von unserer touristischen Einrichtung entfernt.[\/vc_column_text][vc_empty_space]\n\t<div class=\"nd_options_section nd_options_text_align_center\">\n\t<a style=\"border: 1px solid #ffffff;border-radius:px;letter-spacing:4px;line-height:14px;font-size:14px;background-color:#1e73be;padding:15px 20px;margin:10px;color:#ffffff\" rel=\"\" href=\"https:\/\/www.residencelidoazzurro.it\/de\/faehren\/\" class=\"nicdark_display_inline_block  nd_options_font_weight_normal nd_options_second_font nd_options_disable_lateral_border nd_options_float_left_responsive \">F\u00c4HRENBUCHUNG<\/a>\n\t<\/div>\n[\/vc_column][\/vc_row]<\/p>\n<\/div>","protected":false},"excerpt":{"rendered":"<p>[vc_row css=&#8220;.vc_custom_1581346593738{margin-top: 80px !important;}&#8220;][vc_column][vc_column_text] Erkunde die Insel Elba: Natur, Geschichte und Kultur [\/vc_column_text][vc_column_text]Die Insel Elba, unsere kleine Insel im Herzen des Toskanischen Archipels, ist ein Mikrokosmos nat\u00fcrlicher, kultureller und historischer Wunder: romantische Fischerd\u00f6rfer, malerische D\u00f6rfer, alte Burgen, gr\u00fcne T\u00e4ler und bezaubernde Buchten wechseln sich mit herrlichen Sand- und Kiesstr\u00e4nden ab. Mit ihrer geringen Gr\u00f6\u00dfe bietet [&hellip;]<\/p>\n","protected":false},"author":1,"featured_media":0,"parent":0,"menu_order":0,"comment_status":"closed","ping_status":"closed","template":"","meta":{"footnotes":""},"class_list":["post-3244","page","type-page","status-publish","hentry"],"_links":{"self":[{"href":"https:\/\/www.residencelidoazzurro.it\/de\/wp-json\/wp\/v2\/pages\/3244","targetHints":{"allow":["GET"]}}],"collection":[{"href":"https:\/\/www.residencelidoazzurro.it\/de\/wp-json\/wp\/v2\/pages"}],"about":[{"href":"https:\/\/www.residencelidoazzurro.it\/de\/wp-json\/wp\/v2\/types\/page"}],"author":[{"embeddable":true,"href":"https:\/\/www.residencelidoazzurro.it\/de\/wp-json\/wp\/v2\/users\/1"}],"replies":[{"embeddable":true,"href":"https:\/\/www.residencelidoazzurro.it\/de\/wp-json\/wp\/v2\/comments?post=3244"}],"version-history":[{"count":5,"href":"https:\/\/www.residencelidoazzurro.it\/de\/wp-json\/wp\/v2\/pages\/3244\/revisions"}],"predecessor-version":[{"id":4842,"href":"https:\/\/www.residencelidoazzurro.it\/de\/wp-json\/wp\/v2\/pages\/3244\/revisions\/4842"}],"wp:attachment":[{"href":"https:\/\/www.residencelidoazzurro.it\/de\/wp-json\/wp\/v2\/media?parent=3244"}],"curies":[{"name":"wp","href":"https:\/\/api.w.org\/{rel}","templated":true}]}}