{"id":2971,"date":"2017-07-19T08:57:14","date_gmt":"2017-07-19T06:57:14","guid":{"rendered":"http:\/\/lidoazzurro.youelba.com\/appartamenti\/"},"modified":"2025-11-18T12:13:51","modified_gmt":"2025-11-18T11:13:51","slug":"die-wohnungen","status":"publish","type":"page","link":"https:\/\/www.residencelidoazzurro.it\/de\/die-wohnungen\/","title":{"rendered":"Die Wohnungen"},"content":{"rendered":"<div class=\"wpb-content-wrapper\"><p>[vc_row][vc_column][vc_column_text css=&#8220;&#8220;]Das Residence Lido Azzurro zeichnet sich durch den <strong>gro\u00dfen gr\u00fcnen Park<\/strong> aus, in dem es liegt, und den <strong>herrlichen Pool<\/strong>, der auch f\u00fcr <strong>Kinder<\/strong> ideal ist. Es bietet einen <strong>ungezwungenen und gepflegten Aufenthalt<\/strong> zu einem <strong>g\u00fcnstigen Preis<\/strong>.<\/p>\n<p>Jede Wohnung im Residence ist darauf ausgelegt, eine einzigartige Erfahrung von <strong>Komfort und Gastfreundschaft<\/strong> zu bieten, indem sie eine Reihe von <strong>Dienstleistungen<\/strong> anbietet, die darauf abzielen, jeden Bedarf zu erf\u00fcllen. Diese Unterk\u00fcnfte vereinen Komfort und Funktionalit\u00e4t und schaffen so die ideale Umgebung f\u00fcr einen <strong>entspannten und angenehmen Aufenthalt<\/strong>.<\/p>\n<p>Im Residence Lido Azzurro wird die <strong>Residence-Formel<\/strong> angeboten, ideal f\u00fcr alle, die einen komfortablen und unabh\u00e4ngigen Aufenthalt in einem <strong>Apartment mit K\u00fcche<\/strong> suchen.<\/p>\n<p>Die Struktur verf\u00fcgt \u00fcber eine <strong>begrenzte Anzahl von Wohnungen<\/strong>, daher empfiehlt es sich, im Voraus zu buchen, um einen Platz in diesem Paradies zu sichern.<\/p>\n<p>Wir wissen, wie viel <strong>Liebe zum Detail<\/strong> und die Ber\u00fccksichtigung der <strong>Bed\u00fcrfnisse der G\u00e4ste<\/strong> jeden Urlaub unvergesslich machen, deshalb stehen wir Ihnen immer zur Verf\u00fcgung, um <strong>Unterst\u00fctzung und Ratschl\u00e4ge<\/strong> zu bieten, damit Ihr Aufenthalt so angenehm wie m\u00f6glich wird.[\/vc_column_text][\/vc_column][\/vc_row][vc_row][vc_column width=&#8220;1\/4&#8243; css=&#8220;.vc_custom_1467360650255{margin-top: 10px !important;margin-bottom: 10px !important;padding-top: 0px !important;padding-right: 40px !important;}&#8220;]<div style=\"background-color:;height: 10px\" class=\"nicdark_section  \"><\/div> <h3 style=\"color:;padding:px;text-align:right;font-size:px;line-height:30px;letter-spacing: px;font-weight:normal\" class=\"  nd_options_text_align_center_responsive_important nd_options_first_font \">Alle Wohnungen sind ausgestattet mit:<\/h3> [\/vc_column][vc_column width=&#8220;3\/4&#8243; css=&#8220;.vc_custom_1467207292391{margin-top: 10px !important;margin-bottom: 10px !important;padding-top: 0px !important;}&#8220;][vc_column_text css=&#8220;&#8220; el_class=&#8220;nd_options_text_align_center_responsive&#8220;]\u2022 1 Set Bett- und Badew\u00e4sche f\u00fcr den gesamten Aufenthalt;<br \/>\n\u2022 ausgestattete K\u00fcchenzeile (Kochgeschirr, Besteck, Geschirr usw.);<br \/>\n\u2022 zentrale Klimaanlage von 19:00 bis 9:00 Uhr; von 14:00 bis 16:00;<br \/>\n\u2022 Fernsehen; sicher; F\u00f6n; Gegensprechanlage;<br \/>\n\u2022 unabh\u00e4ngiger Eingang mit Garten und ausgestatteter Veranda (Tisch, St\u00fchle und Liegest\u00fchle) im Erdgeschoss oder ausgestatteter Terrasse (Tisch, St\u00fchle und Liegest\u00fchle) mit verstellbarer Markise im 1. Stock. Blick und \/ oder vor dem Pool oder Garten;<br \/>\n\u2022 freier Eintritt ins Schwimmbad mit Nutzung von Liegest\u00fchlen und Sonnenschirmen;<br \/>\n\u2022 kostenlose Nutzung des Kinderspielplatzes;<br \/>\n\u2022 kostenloser \u00fcberdachter Parkplatz im Inneren mit 1 zugewiesenem Platz;<br \/>\n\u2022 Waschk\u00fcche mit kostenloser Nutzung von B\u00fcgeleisen und M\u00fcnzwaschmaschine.[\/vc_column_text]<div style=\"background-color:;height: 20px\" class=\"nicdark_section  \"><\/div>[\/vc_column][\/vc_row][vc_row][vc_column width=&#8220;1\/4&#8243; css=&#8220;.vc_custom_1467360650255{margin-top: 10px !important;margin-bottom: 10px !important;padding-top: 0px !important;padding-right: 40px !important;}&#8220;]<div style=\"background-color:;height: 10px\" class=\"nicdark_section  \"><\/div> <h3 style=\"color:;padding:px;text-align:right;font-size:px;line-height:30px;letter-spacing: px;font-weight:normal\" class=\"  nd_options_text_align_center_responsive_important nd_options_first_font \">Extra<\/h3> [\/vc_column][vc_column width=&#8220;3\/4&#8243; css=&#8220;.vc_custom_1467207292391{margin-top: 10px !important;margin-bottom: 10px !important;padding-top: 0px !important;}&#8220;][vc_column_text css=&#8220;&#8220; el_class=&#8220;nd_options_text_align_center_responsive&#8220;]<strong>ZUS\u00c4TZLICHES W\u00c4SCHESET:<\/strong><\/p>\n<ul>\n<li>Doppelbettw\u00e4sche \u20ac 10,00<\/li>\n<li>Einzelbettw\u00e4sche \u20ac 6,00<\/li>\n<li>Badezimmerw\u00e4sche \u20ac 6,00<\/li>\n<li>Badematte \u20ac 2,00<\/li>\n<\/ul>\n<p>\u2022 N\u00b0 1 WASCHMASCHINE + WASCHMITTEL-TOKEN: 7,00 \u20ac;<br \/>\n\u2022 N\u00b0 1 REISEBETT (f\u00fcr Kinder unter 2 Jahren), BETTW\u00c4SCHE INKLUSIVE: 10,00 \u20ac pro Tag;<br \/>\n\u2022 N\u00b0 1 SCHIENE \/ BETTBARRIERE: 14,00 \u20ac PRO WOCHE.[\/vc_column_text]<div style=\"background-color:;height: 20px\" class=\"nicdark_section  \"><\/div>[vc_column_text el_class=&#8220;nd_options_text_align_center_responsive&#8220;]\u2022 KAUTION: \u20ac 150,00<br \/>\n\u2022 NICHTREINIGUNG DER K\u00dcCHENZEILE: \u20ac 50,00<br \/>\n\u2022 NICHTABHOLUNG VON ABF\u00c4LLEN (auch am Abreisetag): \u20ac 100,00[\/vc_column_text]<div style=\"background-color:;height: 20px\" class=\"nicdark_section  \"><\/div>[vc_column_text el_class=&#8220;nd_options_text_align_center_responsive&#8220;]\u2022 HAUSTIERE NICHT ERLAUBT[\/vc_column_text]<div style=\"background-color:;height: 20px\" class=\"nicdark_section  \"><\/div>[\/vc_column][\/vc_row][vc_row css=&#8220;.vc_custom_1581331886229{padding-top: 50px !important;padding-bottom: 50px !important;}&#8220;][vc_column][vc_custom_heading text=&#8220;Apartmenttypen&#8220; font_container=&#8220;tag:h2|text_align:center&#8220; use_theme_fonts=&#8220;yes&#8220;][\/vc_column][\/vc_row][vc_row full_width=&#8220;stretch_row&#8220; content_placement=&#8220;middle&#8220; css=&#8220;.vc_custom_1705062976123{padding-top: 50px !important;padding-bottom: 50px !important;background-color: #f7f7f7 !important;}&#8220;][vc_column width=&#8220;1\/3&#8243;][vc_custom_heading text=&#8220;Montecristo Apartment &#8211; 2 Schlafpl\u00e4tze&#8220; font_container=&#8220;tag:h3|text_align:left&#8220; use_theme_fonts=&#8220;yes&#8220; css=&#8220;&#8220; link=&#8220;url:https%3A%2F%2Fwww.residencelidoazzurro.it%2Fde%2Fappartamenti%2Firis%2F|title:Montecristo%20Apartment&#8220;]<div style=\"background-color:;height: 20px\" class=\"nicdark_section  \"><\/div>[vc_column_text]<strong>Doppelzimmer mit Kochnische<\/strong>[\/vc_column_text][vc_single_image image=&#8220;3992&#8243; img_size=&#8220;100&#215;50&#8243;]<div style=\"background-color:;height: 15px\" class=\"nicdark_section  \"><\/div>[vc_column_text]<strong>Badezimmer mit Duschkabine <\/strong>[\/vc_column_text][vc_single_image image=&#8220;3996&#8243; img_size=&#8220;50&#215;50&#8243;]<div style=\"background-color:;height: 40px\" class=\"nicdark_section  \"><\/div>\n\t\n\t<a style=\"border: 1px solid #1e73be;border-radius:px;letter-spacing:1px;line-height:14px;font-size:14px;background-color:#ffffff;padding:15px 20px;margin:10px;color:#1e73be\" rel=\"\" href=\"https:\/\/www.residencelidoazzurro.it\/de\/appartamenti\/iris\/\" class=\"nicdark_display_inline_block nd_options_float_left nd_options_font_weight_normal nd_options_second_font  \">ENTDECKE DAS APARTMENT MONTECRISTO<\/a>\n\t\n<div style=\"background-color:;height: 20px\" class=\"nicdark_section  \"><\/div>[\/vc_column][vc_column width=&#8220;2\/3&#8243;][vc_gallery type=&#8220;flexslider_slide&#8220; interval=&#8220;0&#8243; images=&#8220;2802,2798,2790,2794,2810,2806,2117&#8243; img_size=&#8220;1920&#215;1280&#8243;][\/vc_column][\/vc_row][vc_row full_width=&#8220;stretch_row&#8220; css=&#8220;.vc_custom_1705063062879{padding-top: 50px !important;padding-bottom: 50px !important;}&#8220;][vc_column width=&#8220;1\/3&#8243;][vc_custom_heading text=&#8220;Giglio Apartment &#8211; 3 Schlafpl\u00e4tze&#8220; font_container=&#8220;tag:h3|text_align:left&#8220; use_theme_fonts=&#8220;yes&#8220; css=&#8220;&#8220; link=&#8220;url:https%3A%2F%2Fwww.residencelidoazzurro.it%2Fde%2Fappartamenti%2Fortensia%2F|title:Giglio%20Apartment&#8220;]<div style=\"background-color:;height: 20px\" class=\"nicdark_section  \"><\/div>[vc_column_text]<strong>Wohnzimmer mit Kochnische + Einzelbett <\/strong>[\/vc_column_text][vc_single_image image=&#8220;4068&#8243; img_size=&#8220;150&#215;50&#8243;]<div style=\"background-color:;height: 15px\" class=\"nicdark_section  \"><\/div>[vc_column_text]<strong>Reserviertes Doppelzimmer (getrennt durch einen Bogen) <\/strong>[\/vc_column_text][vc_single_image image=&#8220;4004&#8243; img_size=&#8220;50&#215;50&#8243;]<div style=\"background-color:;height: 15px\" class=\"nicdark_section  \"><\/div>[vc_column_text]<strong>Badezimmer mit Duschkabine <\/strong>[\/vc_column_text][vc_single_image image=&#8220;3996&#8243; img_size=&#8220;50&#215;50&#8243;]<div style=\"background-color:;height: 40px\" class=\"nicdark_section  \"><\/div>\n\t\n\t<a style=\"border: 1px solid #1e73be;border-radius:px;letter-spacing:1px;line-height:14px;font-size:14px;background-color:#ffffff;padding:15px 20px;margin:10px;color:#1e73be\" rel=\"\" href=\"https:\/\/www.residencelidoazzurro.it\/de\/appartamenti\/ortensia\/\" class=\"nicdark_display_inline_block nd_options_float_left nd_options_font_weight_normal nd_options_second_font  \">ENTDECKE DAS APARTMENT GIGLIO<\/a>\n\t\n<div style=\"background-color:;height: 20px\" class=\"nicdark_section  \"><\/div>[\/vc_column][vc_column width=&#8220;2\/3&#8243;][vc_gallery type=&#8220;flexslider_slide&#8220; interval=&#8220;0&#8243; images=&#8220;2835,2831,2827,2823,2819,2815,2141&#8243; img_size=&#8220;1920&#215;1280&#8243;][\/vc_column][\/vc_row][vc_row full_width=&#8220;stretch_row&#8220; css=&#8220;.vc_custom_1704986672139{padding-top: 50px !important;background-color: #f7f7f7 !important;}&#8220;][vc_column width=&#8220;1\/3&#8243;][vc_custom_heading text=&#8220;Pianosa Apartment &#8211; 4 Schlafpl\u00e4tze&#8220; font_container=&#8220;tag:h3|text_align:left&#8220; use_theme_fonts=&#8220;yes&#8220; css=&#8220;&#8220; link=&#8220;url:https%3A%2F%2Fwww.residencelidoazzurro.it%2Fde%2Fappartamenti%2Fgardenia%2F|title:Pianosa%20Apartment&#8220;]<div style=\"background-color:;height: 20px\" class=\"nicdark_section  \"><\/div>[vc_column_text]<strong>Wohnzimmer mit Kochnische, ausziehbares Bett f\u00fcr zwei Personen <\/strong>[\/vc_column_text][vc_single_image image=&#8220;4083&#8243; img_size=&#8220;150&#215;50&#8243;]<div style=\"background-color:;height: 15px\" class=\"nicdark_section  \"><\/div>[vc_column_text]<strong>Doppelzimmer<\/strong>[\/vc_column_text][vc_single_image image=&#8220;4004&#8243; img_size=&#8220;50&#215;50&#8243;]<div style=\"background-color:;height: 15px\" class=\"nicdark_section  \"><\/div>[vc_column_text]<strong>Badezimmer mit Duschkabine <\/strong>[\/vc_column_text][vc_single_image image=&#8220;3996&#8243; img_size=&#8220;50&#215;50&#8243;]<div style=\"background-color:;height: 40px\" class=\"nicdark_section  \"><\/div>\n\t\n\t<a style=\"border: 1px solid #1e73be;border-radius:px;letter-spacing:1px;line-height:14px;font-size:14px;background-color:#ffffff;padding:15px 20px;margin:10px;color:#1e73be\" rel=\"\" href=\"https:\/\/www.residencelidoazzurro.it\/de\/appartamenti\/gardenia\/\" class=\"nicdark_display_inline_block nd_options_float_left nd_options_font_weight_normal nd_options_second_font  \">ENTDECKE DAS APARTMENT PIANOSA<\/a>\n\t\n<div style=\"background-color:;height: 20px\" class=\"nicdark_section  \"><\/div>[\/vc_column][vc_column width=&#8220;2\/3&#8243;][vc_gallery type=&#8220;flexslider_slide&#8220; interval=&#8220;0&#8243; images=&#8220;2771,2054,2775,2783,2743,2747,2767,2759,2763,2751,2755,2739&#8243; img_size=&#8220;1920&#215;1280&#8243; css=&#8220;&#8220;][\/vc_column][\/vc_row][vc_row full_width=&#8220;stretch_row&#8220; css=&#8220;.vc_custom_1704986678885{padding-top: 50px !important;}&#8220;][vc_column width=&#8220;1\/3&#8243;][vc_custom_heading text=&#8220;Capraia Apartment &#8211; 5 Schlafpl\u00e4tze&#8220; font_container=&#8220;tag:h3|text_align:left&#8220; use_theme_fonts=&#8220;yes&#8220; css=&#8220;&#8220; link=&#8220;url:https%3A%2F%2Fwww.residencelidoazzurro.it%2Fde%2Fappartamenti%2Fmargherita%2F|title:Capraia%20Apartment&#8220;]<div style=\"background-color:;height: 20px\" class=\"nicdark_section  \"><\/div>[vc_column_text]<strong>K\u00fcche <\/strong>[\/vc_column_text][vc_single_image image=&#8220;4032&#8243; img_size=&#8220;50&#215;50&#8243;]<div style=\"background-color:;height: 15px\" class=\"nicdark_section  \"><\/div>[vc_column_text]<strong>Doppelzimmer<\/strong>[\/vc_column_text][vc_single_image image=&#8220;4004&#8243; img_size=&#8220;50&#215;50&#8243;]<div style=\"background-color:;height: 15px\" class=\"nicdark_section  \"><\/div>[vc_column_text]<strong>Zimmer mit 3 Einzelbetten, darunter ein Etagenbett <\/strong>[\/vc_column_text][vc_single_image image=&#8220;4036&#8243; img_size=&#8220;100&#215;50&#8243;]<div style=\"background-color:;height: 15px\" class=\"nicdark_section  \"><\/div>[vc_column_text]<strong>Badezimmer mit Duschkabine <\/strong>[\/vc_column_text][vc_single_image image=&#8220;3996&#8243; img_size=&#8220;50&#215;50&#8243;]<div style=\"background-color:;height: 40px\" class=\"nicdark_section  \"><\/div>\n\t<div class=\"nd_options_section nd_options_text_align_center\">\n\t<a style=\"border: 1px solid #1e73be;border-radius:px;letter-spacing:1px;line-height:14px;font-size:14px;background-color:#ffffff;padding:15px 20px;margin:10px;color:#1e73be\" rel=\"\" href=\"https:\/\/www.residencelidoazzurro.it\/de\/appartamenti\/margherita\/\" class=\"nicdark_display_inline_block  nd_options_font_weight_normal nd_options_second_font  \">ENTDECKE DAS APARTMENT CAPRAIA<\/a>\n\t<\/div>\n<div style=\"background-color:;height: 20px\" class=\"nicdark_section  \"><\/div>[\/vc_column][vc_column width=&#8220;2\/3&#8243;][vc_gallery type=&#8220;flexslider_slide&#8220; interval=&#8220;0&#8243; images=&#8220;2880,2872,2860,2864,2856,2868,2844,2938&#8243; img_size=&#8220;1920&#215;1280&#8243;][\/vc_column][\/vc_row][vc_row full_width=&#8220;stretch_row&#8220; css=&#8220;.vc_custom_1704986736562{padding-top: 50px !important;background-color: #f7f7f7 !important;}&#8220;][vc_column width=&#8220;1\/3&#8243;][vc_custom_heading text=&#8220;Elba Apartment &#8211; 6 Schlafpl\u00e4tze&#8220; font_container=&#8220;tag:h3|text_align:left&#8220; use_theme_fonts=&#8220;yes&#8220; css=&#8220;&#8220; link=&#8220;url:https%3A%2F%2Fwww.residencelidoazzurro.it%2Fde%2Fappartamenti%2Fgirasole%2F|title:Elba%20Apartment&#8220;]<div style=\"background-color:;height: 20px\" class=\"nicdark_section  \"><\/div>[vc_column_text]<strong>K\u00fcche &#8211; Wohnzimmer mit Einzelbett <\/strong>[\/vc_column_text][vc_single_image image=&#8220;4068&#8243; img_size=&#8220;150&#215;50&#8243;]<div style=\"background-color:;height: 15px\" class=\"nicdark_section  \"><\/div>[vc_column_text]<strong>Doppelzimmer <\/strong>[\/vc_column_text][vc_single_image image=&#8220;4004&#8243; img_size=&#8220;50&#215;50&#8243;]<div style=\"background-color:;height: 15px\" class=\"nicdark_section  \"><\/div>[vc_column_text]<strong>Zimmer mit 3 Einzelbetten oder ein Doppelbett + 1 Einzelbett <\/strong>[\/vc_column_text][vc_single_image image=&#8220;4095&#8243; img_size=&#8220;100&#215;50&#8243;]<div style=\"background-color:;height: 15px\" class=\"nicdark_section  \"><\/div>[vc_column_text]<strong>Badezimmer mit Duschkabine <\/strong>[\/vc_column_text][vc_single_image image=&#8220;3996&#8243; img_size=&#8220;50&#215;50&#8243;]<div style=\"background-color:;height: 40px\" class=\"nicdark_section  \"><\/div>\n\t\n\t<a style=\"border: 1px solid #1e73be;border-radius:px;letter-spacing:1px;line-height:14px;font-size:14px;background-color:#ffffff;padding:15px 20px;margin:10px;color:#1e73be\" rel=\"\" href=\"https:\/\/www.residencelidoazzurro.it\/de\/appartamenti\/girasole\/\" class=\"nicdark_display_inline_block nd_options_float_left nd_options_font_weight_normal nd_options_second_font  \">ENTDECKE DAS APARTMENT ELBA<\/a>\n\t\n<div style=\"background-color:;height: 20px\" class=\"nicdark_section  \"><\/div>[\/vc_column][vc_column width=&#8220;2\/3&#8243;][vc_gallery type=&#8220;flexslider_slide&#8220; interval=&#8220;0&#8243; images=&#8220;2921,2917,2909,2897,2901,2905,2889,2160&#8243; img_size=&#8220;1920&#215;1280&#8243;][\/vc_column][\/vc_row]<\/p>\n<\/div>","protected":false},"excerpt":{"rendered":"<p>[vc_row][vc_column][vc_column_text css=&#8220;&#8220;]Das Residence Lido Azzurro zeichnet sich durch den gro\u00dfen gr\u00fcnen Park aus, in dem es liegt, und den herrlichen Pool, der auch f\u00fcr Kinder ideal ist. Es bietet einen ungezwungenen und gepflegten Aufenthalt zu einem g\u00fcnstigen Preis. Jede Wohnung im Residence ist darauf ausgelegt, eine einzigartige Erfahrung von Komfort und Gastfreundschaft zu bieten, indem [&hellip;]<\/p>\n","protected":false},"author":1,"featured_media":0,"parent":0,"menu_order":0,"comment_status":"closed","ping_status":"closed","template":"","meta":{"footnotes":""},"class_list":["post-2971","page","type-page","status-publish","hentry"],"_links":{"self":[{"href":"https:\/\/www.residencelidoazzurro.it\/de\/wp-json\/wp\/v2\/pages\/2971","targetHints":{"allow":["GET"]}}],"collection":[{"href":"https:\/\/www.residencelidoazzurro.it\/de\/wp-json\/wp\/v2\/pages"}],"about":[{"href":"https:\/\/www.residencelidoazzurro.it\/de\/wp-json\/wp\/v2\/types\/page"}],"author":[{"embeddable":true,"href":"https:\/\/www.residencelidoazzurro.it\/de\/wp-json\/wp\/v2\/users\/1"}],"replies":[{"embeddable":true,"href":"https:\/\/www.residencelidoazzurro.it\/de\/wp-json\/wp\/v2\/comments?post=2971"}],"version-history":[{"count":5,"href":"https:\/\/www.residencelidoazzurro.it\/de\/wp-json\/wp\/v2\/pages\/2971\/revisions"}],"predecessor-version":[{"id":6399,"href":"https:\/\/www.residencelidoazzurro.it\/de\/wp-json\/wp\/v2\/pages\/2971\/revisions\/6399"}],"wp:attachment":[{"href":"https:\/\/www.residencelidoazzurro.it\/de\/wp-json\/wp\/v2\/media?parent=2971"}],"curies":[{"name":"wp","href":"https:\/\/api.w.org\/{rel}","templated":true}]}}