{"id":5233,"date":"2019-05-10T10:56:09","date_gmt":"2019-05-10T08:56:09","guid":{"rendered":"https:\/\/www.residencelidoazzurro.it\/home-3\/"},"modified":"2025-09-22T12:36:42","modified_gmt":"2025-09-22T10:36:42","slug":"home-3","status":"publish","type":"page","link":"https:\/\/www.residencelidoazzurro.it\/cs\/","title":{"rendered":"Home page"},"content":{"rendered":"<div class=\"wpb-content-wrapper\"><p>[vc_row full_width=&#8220;stretch_row&#8220; css=&#8220;.vc_custom_1703144974742{background: #e8e8e8 url(https:\/\/www.residencelidoazzurro.it\/wp-content\/uploads\/2022\/02\/DSC_0093-6.jpg?id=3470) !important;background-position: center !important;background-repeat: no-repeat !important;background-size: cover !important;}&#8220;][vc_column][vc_empty_space height=&#8220;300px&#8220;][\/vc_column][\/vc_row][vc_row][vc_column][vc_widget_sidebar sidebar_id=&#8220;nicdark_sidebar&#8220;][\/vc_column][\/vc_row][vc_row css=&#8220;.vc_custom_1703145258899{margin-top: 65px !important;}&#8220;][vc_column] <h1 style=\"color:;padding:px;text-align:center;font-size:50px;line-height:px;letter-spacing: px;font-weight:lighter\" class=\"  nd_options_font_size_40_important_all_iphone nd_options_line_height_40_important_all_iphone nd_options_first_font \">Residence Lido Azzurro<\/h1> <div style=\"background-color:;height: 30px\" class=\"nicdark_section  \"><\/div> <h3 style=\"color:;padding:px;text-align:center;font-size:px;line-height:px;letter-spacing: 2px;font-weight:lighter\" class=\"   nd_options_second_font \">Ostrov Elba<\/h3> [\/vc_column][\/vc_row][vc_row gap=&#8220;35&#8243; content_placement=&#8220;middle&#8220; css=&#8220;.vc_custom_1715854494375{margin-top: 25px !important;}&#8220;][vc_column width=&#8220;1\/2&#8243; css=&#8220;.vc_custom_1557587399586{padding-right: 0px !important;padding-left: 0px !important;}&#8220;][vc_column_text css=&#8220;&#8220;]Objevte Residence Lido Azzurro r.t.a., v\u00e1\u0161 mal\u00fd kout r\u00e1je zasazen\u00fd do zelen\u00e9ho parku o rozloze 9 000 m\u00b2. Pouh\u00fdch 500 metr\u016f od n\u00e1dhern\u00e9 p\u00edse\u010dn\u00e9 pl\u00e1\u017ee Lido di Capoliveri, kam se snadno dostanete p\u011b\u0161ky, je toto ide\u00e1ln\u00ed m\u00edsto pro relaxa\u010dn\u00ed a z\u00e1bavnou dovolenou.<\/p>\n<p>Nach\u00e1z\u00ed se p\u0159ibli\u017en\u011b 3 km od malebn\u00e9ho m\u011bste\u010dka Porto Azzurro a na \u00fapat\u00ed mysu Capoliveri, na\u0161e centr\u00e1ln\u00ed poloha v\u00e1m umo\u017en\u00ed snadno objevovat \u00fa\u017easn\u00e9 pl\u00e1\u017ee ostrova Elba. A\u0165 u\u017e d\u00e1v\u00e1te p\u0159ednost \u017eiv\u00fdm, dob\u0159e vybaven\u00fdm pl\u00e1\u017e\u00edm, nebo sp\u00ed\u0161e intimn\u011bj\u0161\u00edm a divo\u010dej\u0161\u00edm m\u00edst\u016fm, v\u0161e m\u00e1te na dosah ruky.[\/vc_column_text][\/vc_column][vc_column width=&#8220;1\/2&#8243; css=&#8220;.vc_custom_1557587405278{padding-right: 0px !important;padding-left: 0px !important;}&#8220;]<div style=\"background-color:;height: 20px\" class=\"nicdark_section  \"><\/div>[vc_single_image image=&#8220;3477&#8243; img_size=&#8220;large&#8220;][\/vc_column][\/vc_row][vc_row css=&#8220;.vc_custom_1644923935829{margin-top: 25px !important;margin-bottom: 100px !important;}&#8220;][vc_column css=&#8220;.vc_custom_1491985274415{padding-right: 30px !important;padding-left: 30px !important;}&#8220;][vc_row_inner css=&#8220;.vc_custom_1712240568021{padding-top: 40px !important;padding-right: 40px !important;padding-bottom: 40px !important;padding-left: 40px !important;background-color: #1e73be !important;background-position: center !important;background-repeat: no-repeat !important;background-size: cover !important;}&#8220; el_id=&#8220;pulsante_info_home&#8220;][vc_column_inner width=&#8220;2\/3&#8243;]\n\n    <div class=\"nd_options_section nd_options_position_relative call_to_action_bottom_home_3\">\n\n        <img decoding=\"async\" style=\"top:10px\" alt=\"\" class=\"nd_options_position_absolute nd_options_left_0\" width=\"50\" src=\"https:\/\/www.residencelidoazzurro.it\/wp-content\/uploads\/2019\/05\/icon-checked-white.png\">\n\n        <div style=\"padding-left:70px\" class=\"nd_options_section nd_options_box_sizing_border_box\">\n            \n            <h3 class=\"nd_options_first_font  \" style=\"margin:;color:#ffffff;font-size:30px;line-height:30px\">Chcete z\u00edskat informace nebo si rezervovat dovolenou v na\u0161\u00ed rezidenci?<\/h3> \n             \n            \n\n        <\/div>\n\n    <\/div>\n\n  [\/vc_column_inner][vc_column_inner el_class=&#8220;nd_options_text_align_right&#8220; width=&#8220;1\/3&#8243;]<div style=\"background-color:;height: 8px\" class=\"nicdark_section  \"><\/div>\n\t\n\t<a style=\"border: 1px solid #ffffff;border-radius:px;letter-spacing:4px;line-height:14px;font-size:14px;background-color:;padding:15px 20px;margin:;color:#ffffff\" rel=\"\" href=\"https:\/\/www.residencelidoazzurro.it\/cs\/kontakty\/\" class=\"nicdark_display_inline_block nd_options_float_right nd_options_font_weight_lighter nd_options_second_font nd_options_disable_lateral_border nd_options_float_left_responsive \">POD\u00c1VEJTE \u017d\u00c1DOST<\/a>\n\t\n[\/vc_column_inner][\/vc_row_inner][\/vc_column][\/vc_row][vc_row css=&#8220;.vc_custom_1722929860037{margin-top: 100px !important;}&#8220;][vc_column] <h1 style=\"color:;padding:px;text-align:center;font-size:50px;line-height:px;letter-spacing: px;font-weight:normal\" class=\"  nd_options_font_size_40_important_all_iphone nd_options_line_height_40_important_all_iphone nd_options_first_font \">AK\u010cN\u00cd NAB\u00cdDKY A PROMOCE<\/h1> <div style=\"background-color:;height: 45px\" class=\"nicdark_section  \"><\/div>[vc_column_text css=&#8220;&#8220;]Vyu\u017eijte na\u0161ich mimo\u0159\u00e1dn\u00fdch slev pro nezapomenutelnou dovolenou!<\/p>\n<p>Nezme\u0161kejte p\u0159\u00edle\u017eitost pro\u017e\u00edt <strong>dovolenou<\/strong> plnou <strong>pohodl\u00ed<\/strong> a <strong>relaxace<\/strong> v Residence Lido Azzurro![\/vc_column_text][\/vc_column][\/vc_row][vc_row full_width=&#8220;stretch_row&#8220; content_placement=&#8220;middle&#8220; css=&#8220;.vc_custom_1702887184274{margin-top: 85px !important;padding-top: 100px !important;padding-bottom: 100px !important;background-image: url(https:\/\/www.residencelidoazzurro.it\/wp-content\/uploads\/2023\/12\/lido-capoliveri-0443_dark.jpg?id=3814) !important;background-position: center !important;background-repeat: no-repeat !important;background-size: cover !important;}&#8220;][vc_column width=&#8220;1\/2&#8243; css=&#8220;.vc_custom_1581083380021{padding-right: 100px !important;padding-left: 100px !important;}&#8220;]<div style=\"background-color:;height: 20px\" class=\"nicdark_section  \"><\/div> <h1 style=\"color:#ffffff;padding:px;text-align:center;font-size:50px;line-height:50px;letter-spacing: px;font-weight:bold\" class=\"  nd_options_font_size_40_important_all_iphone nd_options_first_font \">Lido di Capoliveri<\/h1> <div style=\"background-color:;height: 20px\" class=\"nicdark_section  \"><\/div>[vc_column_text]<\/p>\n<p style=\"text-align: center; color: #ffffff;\"><strong>Pl\u00e1\u017e Lido di Capoliveri, s jemn\u00fdm p\u00edskem a pr\u016fzra\u010dn\u00fdm mo\u0159em, je ide\u00e1ln\u00edm m\u00edstem k relaxaci. Nab\u00edz\u00ed mnoho pohodl\u00ed, slu\u017eeb a mnoho mo\u017enost\u00ed pro z\u00e1bavu. Ide\u00e1ln\u00ed m\u00edsto k odpojen\u00ed od rutiny a pono\u0159en\u00ed se do kr\u00e1s p\u0159\u00edrody. V bezprost\u0159edn\u00ed bl\u00edzkosti (20 metr\u016f) p\u016fj\u010dovna kol, e-bik\u016f, sk\u00fatr\u016f, aut; ve vzd\u00e1lenosti 500 metr\u016f se nach\u00e1z\u00ed ve\u0161ker\u00e9 z\u00e1kladn\u00ed slu\u017eby: \u0159eznictv\u00ed, supermarket, bar, prodejna novin, restaurace, pizzerie, partnersk\u00e9 pl\u00e1\u017eov\u00e9 slu\u017eby, \u0161kola surfov\u00e1n\u00ed, pot\u00e1p\u011b\u010dsk\u00e9 centrum, p\u016fj\u010dovna lod\u00ed; ve vzd\u00e1lenosti 700\/800 metr\u016f jsou tak\u00e9 supermarket Coop, ryb\u00e1\u0159stv\u00ed, ovoce a zelenina, elbansk\u00e9 v\u00edno, kade\u0159nictv\u00ed a bankomat.<\/strong><\/p>\n<p>[\/vc_column_text]<div style=\"background-color:;height: 20px\" class=\"nicdark_section  \"><\/div>[\/vc_column][vc_column width=&#8220;1\/2&#8243; css=&#8220;.vc_custom_1557682678712{padding-right: 100px !important;padding-left: 100px !important;}&#8220;]<div style=\"background-color:;height: 100px\" class=\"nicdark_section  \"><\/div>[\/vc_column][\/vc_row][vc_row gap=&#8220;35&#8243; content_placement=&#8220;middle&#8220; css=&#8220;.vc_custom_1715854494375{margin-top: 25px !important;}&#8220;][vc_column width=&#8220;1\/2&#8243; css=&#8220;.vc_custom_1557587399586{padding-right: 0px !important;padding-left: 0px !important;}&#8220;][vc_column_text]<\/p>\n<p>Pono\u0159en\u00fd do <strong>zelen\u00e9 o\u00e1zy<\/strong>, rezidence nab\u00edz\u00ed <strong>nezapomenuteln\u00fd z\u00e1\u017eitek pro rodiny<\/strong>. Nach\u00e1z\u00ed se <strong>nedaleko<\/strong> od <strong>zlat\u00e9 p\u00edse\u010dn\u00e9 pl\u00e1\u017ee<\/strong> Lido di Capoliveri, co\u017e umo\u017e\u0148uje str\u00e1vit dny pln\u00e9 odpo\u010dinku a z\u00e1bavy.<\/p>\n<p><strong>D\u011bti<\/strong> budou m\u00edt mo\u017enost voln\u011b prozkoumat <strong>okoln\u00ed zelen\u00e9 plochy<\/strong>, zat\u00edmco kr\u00e1sn\u00fd <strong>baz\u00e9n<\/strong> poskytuje <strong>osv\u011b\u017euj\u00edc\u00ed a z\u00e1bavnou o\u00e1zu<\/strong> pod letn\u00edm sluncem.<\/p>\n<p>P\u0159ij\u010fte za\u017e\u00edt <strong>nezapomenuteln\u00e9 chv\u00edle<\/strong> s n\u00e1mi!<\/p>\n<p>[\/vc_column_text][\/vc_column][vc_column width=&#8220;1\/2&#8243; css=&#8220;.vc_custom_1557587405278{padding-right: 0px !important;padding-left: 0px !important;}&#8220;]<div style=\"background-color:;height: 20px\" class=\"nicdark_section  \"><\/div>[vc_single_image image=&#8220;5838&#8243; img_size=&#8220;large&#8220;][\/vc_column][\/vc_row][vc_row css=&#8220;.vc_custom_1557481426026{margin-top: 100px !important;}&#8220;][vc_column] <h1 style=\"color:;padding:px;text-align:center;font-size:50px;line-height:px;letter-spacing: px;font-weight:lighter\" class=\"  nd_options_font_size_40_important_all_iphone nd_options_line_height_40_important_all_iphone nd_options_first_font \">NA\u0160E SLU\u017dBY<\/h1> <div style=\"background-color:;height: 30px\" class=\"nicdark_section  \"><\/div>[\/vc_column][\/vc_row][vc_row equal_height=&#8220;yes&#8220; content_placement=&#8220;middle&#8220; css=&#8220;.vc_custom_1540821878031{margin-top: 30px !important;}&#8220;][vc_column width=&#8220;1\/4&#8243;]<div style=\"background-color:;height: 30px\" class=\"nicdark_section  \"><\/div>\n    <div style=\"text-align:center\" class=\"nd_options_section\">\n      <img decoding=\"async\" alt=\"\" style=\"width:50px\" class=\" nd_options_margin_0 nd_options_padding_0 \" src=\"https:\/\/www.residencelidoazzurro.it\/wp-content\/uploads\/2023\/12\/swimming-pool.png\">\n    <\/div>\n   <div style=\"background-color:;height: 15px\" class=\"nicdark_section  \"><\/div> <p style=\"color:;padding:px;text-align:center;font-size:px;line-height:px;letter-spacing: px;font-weight:\" class=\"    \">Baz\u00e9n vybaven\u00fd leh\u00e1tky a slune\u010dn\u00edky<\/p> <div style=\"background-color:;height: 30px\" class=\"nicdark_section  \"><\/div>[\/vc_column][vc_column width=&#8220;1\/4&#8243;]<div style=\"background-color:;height: 30px\" class=\"nicdark_section  \"><\/div>\n    <div style=\"text-align:center\" class=\"nd_options_section\">\n      <img decoding=\"async\" alt=\"\" style=\"width:50px\" class=\" nd_options_margin_0 nd_options_padding_0 \" src=\"https:\/\/www.residencelidoazzurro.it\/wp-content\/uploads\/2023\/12\/wifi.png\">\n    <\/div>\n   <div style=\"background-color:;height: 15px\" class=\"nicdark_section  \"><\/div> <p style=\"color:;padding:px;text-align:center;font-size:px;line-height:px;letter-spacing: px;font-weight:\" class=\"    \">Wi-Fi internetov\u00e9 p\u0159ipojen\u00ed zdarma<\/p> <div style=\"background-color:;height: 30px\" class=\"nicdark_section  \"><\/div>[\/vc_column][vc_column width=&#8220;1\/4&#8243;]<div style=\"background-color:;height: 30px\" class=\"nicdark_section  \"><\/div>\n    <div style=\"text-align:center\" class=\"nd_options_section\">\n      <img decoding=\"async\" alt=\"\" style=\"width:50px\" class=\" nd_options_margin_0 nd_options_padding_0 \" src=\"https:\/\/www.residencelidoazzurro.it\/wp-content\/uploads\/2020\/02\/playground.png\">\n    <\/div>\n   <div style=\"background-color:;height: 15px\" class=\"nicdark_section  \"><\/div> <p style=\"color:;padding:px;text-align:center;font-size:px;line-height:px;letter-spacing: px;font-weight:\" class=\"    \">D\u011btsk\u00e9 h\u0159i\u0161t\u011b<\/p> <div style=\"background-color:;height: 30px\" class=\"nicdark_section  \"><\/div>[\/vc_column][vc_column width=&#8220;1\/4&#8243;]<div style=\"background-color:;height: 30px\" class=\"nicdark_section  \"><\/div>\n    <div style=\"text-align:center\" class=\"nd_options_section\">\n      <img decoding=\"async\" alt=\"\" style=\"width:50px\" class=\" nd_options_margin_0 nd_options_padding_0 \" src=\"https:\/\/www.residencelidoazzurro.it\/wp-content\/uploads\/2020\/02\/parking.png\">\n    <\/div>\n   <div style=\"background-color:;height: 15px\" class=\"nicdark_section  \"><\/div> <p style=\"color:;padding:px;text-align:center;font-size:px;line-height:px;letter-spacing: px;font-weight:\" class=\"    \">Kryt\u00e9 parkovi\u0161t\u011b<\/p> <div style=\"background-color:;height: 30px\" class=\"nicdark_section  \"><\/div>[\/vc_column][\/vc_row][vc_row][vc_column][vc_column_text css=&#8220;&#8220;]<\/p>\n<p>Abychom zajistili <strong>pohodln\u00fd pobyt pro v\u0161echny na\u0161e hosty<\/strong>, Residence Lido Azzurro <strong>nep\u0159ij\u00edm\u00e1 dom\u00e1c\u00ed mazl\u00ed\u010dky<\/strong>. D\u011bkujeme za pochopen\u00ed a spolupr\u00e1ci!<\/p>\n<p>[\/vc_column_text][\/vc_column][\/vc_row][vc_row full_width=&#8220;stretch_row_content&#8220; css=&#8220;.vc_custom_1702892287799{padding-bottom: 80px !important;}&#8220;][vc_column offset=&#8220;vc_hidden-lg&#8220;][vc_video link=&#8220;https:\/\/www.youtube.com\/watch?v=ocXiw1CqvOU&#8220; align=&#8220;center&#8220;][\/vc_column][\/vc_row][vc_row css=&#8220;.vc_custom_1702892219179{padding-bottom: 80px !important;}&#8220;][vc_column offset=&#8220;vc_hidden-md vc_hidden-sm vc_hidden-xs&#8220;][vc_video link=&#8220;https:\/\/www.youtube.com\/watch?v=ocXiw1CqvOU&#8220; align=&#8220;center&#8220;][\/vc_column][\/vc_row][vc_row gap=&#8220;35&#8243; content_placement=&#8220;middle&#8220; css=&#8220;.vc_custom_1715845254292{margin-top: 25px !important;}&#8220;][vc_column width=&#8220;1\/2&#8243; css=&#8220;.vc_custom_1557587399586{padding-right: 0px !important;padding-left: 0px !important;}&#8220;] <h2 style=\"color:;padding:px;text-align:;font-size:px;line-height:px;letter-spacing: px;font-weight:normal\" class=\"  nd_options_font_size_40_important_all_iphone nd_options_line_height_40_important_all_iphone nd_options_first_font \">Sports Map ostrov Elba<\/h2> <div style=\"background-color:;height: 30px\" class=\"nicdark_section  \"><\/div>[vc_column_text css=&#8220;&#8220;]Prohl\u00e9dn\u011bte si online novou interaktivn\u00ed mapu s pl\u00e1\u017eemi, trasami, sportovn\u00edmi stezkami a outdoorov\u00fdmi aktivitami v Capoliveri a okol\u00ed.[\/vc_column_text]\n\t\n\t<a style=\"border: 1px solid #1e73be;border-radius:px;letter-spacing:1px;line-height:14px;font-size:14px;background-color:#ffffff;padding:15px 20px;margin:10px;color:#1e73be\" rel=\"\" target=\"_blank\" href=\"https:\/\/www.siriobluevision.it\/mappeinterattive\/residence-lido-azzurro\/\" class=\"nicdark_display_inline_block nd_options_float_left nd_options_font_weight_normal nd_options_second_font  \">OTEV\u0158\u00cdT MAPU<\/a>\n\t\n[\/vc_column][vc_column width=&#8220;1\/2&#8243; css=&#8220;.vc_custom_1557587405278{padding-right: 0px !important;padding-left: 0px !important;}&#8220;][vc_single_image image=&#8220;6242&#8243; img_size=&#8220;full&#8220; alignment=&#8220;center&#8220; onclick=&#8220;custom_link&#8220; img_link_target=&#8220;_blank&#8220; css=&#8220;&#8220; link=&#8220;https:\/\/www.siriobluevision.it\/mappeinterattive\/residence-lido-azzurro\/&#8220;][\/vc_column][\/vc_row][vc_row][vc_column]<div style=\"background-color:;height: 30px\" class=\"nicdark_section  \"><\/div>[\/vc_column][\/vc_row]<\/p>\n<\/div>","protected":false},"excerpt":{"rendered":"<p>[vc_row full_width=&#8220;stretch_row&#8220; css=&#8220;.vc_custom_1703144974742{background: #e8e8e8 url(https:\/\/www.residencelidoazzurro.it\/wp-content\/uploads\/2022\/02\/DSC_0093-6.jpg?id=3470) !important;background-position: center !important;background-repeat: no-repeat !important;background-size: cover !important;}&#8220;][vc_column][vc_empty_space height=&#8220;300px&#8220;][\/vc_column][\/vc_row][vc_row][vc_column][vc_widget_sidebar sidebar_id=&#8220;nicdark_sidebar&#8220;][\/vc_column][\/vc_row][vc_row css=&#8220;.vc_custom_1703145258899{margin-top: 65px !important;}&#8220;][vc_column][\/vc_column][\/vc_row][vc_row gap=&#8220;35&#8243; content_placement=&#8220;middle&#8220; css=&#8220;.vc_custom_1715854494375{margin-top: 25px !important;}&#8220;][vc_column width=&#8220;1\/2&#8243; css=&#8220;.vc_custom_1557587399586{padding-right: 0px !important;padding-left: 0px !important;}&#8220;][vc_column_text css=&#8220;&#8220;]Objevte Residence Lido Azzurro r.t.a., v\u00e1\u0161 mal\u00fd kout r\u00e1je zasazen\u00fd do zelen\u00e9ho parku o rozloze 9 000 m\u00b2. Pouh\u00fdch 500 metr\u016f od n\u00e1dhern\u00e9 p\u00edse\u010dn\u00e9 pl\u00e1\u017ee Lido di [&hellip;]<\/p>\n","protected":false},"author":1,"featured_media":0,"parent":0,"menu_order":0,"comment_status":"closed","ping_status":"closed","template":"","meta":{"footnotes":""},"class_list":["post-5233","page","type-page","status-publish","hentry"],"_links":{"self":[{"href":"https:\/\/www.residencelidoazzurro.it\/cs\/wp-json\/wp\/v2\/pages\/5233","targetHints":{"allow":["GET"]}}],"collection":[{"href":"https:\/\/www.residencelidoazzurro.it\/cs\/wp-json\/wp\/v2\/pages"}],"about":[{"href":"https:\/\/www.residencelidoazzurro.it\/cs\/wp-json\/wp\/v2\/types\/page"}],"author":[{"embeddable":true,"href":"https:\/\/www.residencelidoazzurro.it\/cs\/wp-json\/wp\/v2\/users\/1"}],"replies":[{"embeddable":true,"href":"https:\/\/www.residencelidoazzurro.it\/cs\/wp-json\/wp\/v2\/comments?post=5233"}],"version-history":[{"count":5,"href":"https:\/\/www.residencelidoazzurro.it\/cs\/wp-json\/wp\/v2\/pages\/5233\/revisions"}],"predecessor-version":[{"id":6270,"href":"https:\/\/www.residencelidoazzurro.it\/cs\/wp-json\/wp\/v2\/pages\/5233\/revisions\/6270"}],"wp:attachment":[{"href":"https:\/\/www.residencelidoazzurro.it\/cs\/wp-json\/wp\/v2\/media?parent=5233"}],"curies":[{"name":"wp","href":"https:\/\/api.w.org\/{rel}","templated":true}]}}