{"id":5210,"date":"2019-05-10T11:12:21","date_gmt":"2019-05-10T09:12:21","guid":{"rendered":"https:\/\/www.residencelidoazzurro.it\/dove-siamo\/"},"modified":"2024-02-19T15:28:04","modified_gmt":"2024-02-19T14:28:04","slug":"kde-jsme","status":"publish","type":"page","link":"https:\/\/www.residencelidoazzurro.it\/cs\/kde-jsme\/","title":{"rendered":"Kde jsme"},"content":{"rendered":"<div class=\"wpb-content-wrapper\"><p>[vc_row css=&#8220;.vc_custom_1581346593738{margin-top: 80px !important;}&#8220;][vc_column][vc_column_text]<\/p>\n<h3>Mo\u0159e, p\u0159\u00edroda a z\u00e1bava<\/h3>\n<p>[\/vc_column_text]<div style=\"background-color:;height: 30px\" class=\"nicdark_section  \"><\/div>[vc_column_text]Residence Lido Azzurro je <strong>o\u00e1zou klidu a kr\u00e1sy<\/strong> situovanou na v\u00fdjime\u010dn\u00e9m m\u00edst\u011b mezi <strong>Portoferraio<\/strong>, <a href=\"https:\/\/www.residencelidoazzurro.it\/cs\/porto-azzurro\/\"><strong>Porto Azzurro<\/strong><\/a> a <a href=\"https:\/\/www.residencelidoazzurro.it\/cs\/capoliveri\/\"><strong>Capoliveri<\/strong><\/a>. D\u00edky sv\u00e9 centr\u00e1ln\u00ed poloze na ostrov\u011b je tato strategick\u00e1 lokalita ide\u00e1ln\u00edm <strong>v\u00fdchoz\u00edm bodem<\/strong> k <strong>objevov\u00e1n\u00ed kr\u00e1s ostrova<\/strong>, mnoha <strong>pl\u00e1\u017e\u00ed a z\u00e1tok<\/strong>, pono\u0159en\u00ed do nejlep\u0161\u00edch z\u00e1\u017eitk\u016f, kter\u00e9 Elba nab\u00edz\u00ed, a tak\u00e9 k <strong>ve\u010dern\u00ed z\u00e1bav\u011b<\/strong>.<\/p>\n<p>Residence se nach\u00e1z\u00ed pouh\u00fdch 500 metr\u016f od k\u0159i\u0161\u0165\u00e1lov\u011b \u010dist\u00fdch vod <a href=\"https:\/\/www.residencelidoazzurro.it\/cs\/plaze\/\"><strong>pl\u00e1\u017ee Lido di Capoliveri<\/strong><\/a>, kter\u00e1 je zn\u00e1m\u00e1 svou kr\u00e1sou a \u0161irokou \u0161k\u00e1lou slu\u017eeb, kter\u00e9 ocen\u00ed jak <strong>mlad\u00ed lid\u00e9 hledaj\u00edc\u00ed sport<\/strong> a <strong>z\u00e1bavu<\/strong>, tak i <strong>rodiny<\/strong>, kter\u00e9 tou\u017e\u00ed po pohodln\u00e9m pobytu.<\/p>\n<p>Z <strong>Residence Lido Azzurro<\/strong> je tak\u00e9 mo\u017en\u00e9 rychle dos\u00e1hnout dal\u0161\u00edch <a href=\"https:\/\/www.residencelidoazzurro.it\/cs\/plaze\/\"><strong>pl\u00e1\u017e\u00ed na jihov\u00fdchodn\u00edm pob\u0159e\u017e\u00ed Elby<\/strong><\/a>, od t\u011bch nejzn\u00e1m\u011bj\u0161\u00edch a vybaven\u00fdch po ty v\u00edce odlehl\u00e9 a nedot\u010den\u00e9, v\u0161echny jsou proslul\u00e9 svou n\u00e1dhernou kr\u00e1sou: <strong>rajsk\u00e9 pl\u00e1\u017ee s jemn\u00fdm zlat\u00fdm p\u00edskem<\/strong> a \u00fa\u017easn\u011b <strong>tyrkysovou vodou<\/strong>.<\/p>\n<p>Bl\u00edzk\u00e1 m\u011bsta <a href=\"http:\/\/residencelidoazzurro.it\/cs\/porto-azzurro\/\">Porto Azzurro<\/a>, <a href=\"https:\/\/www.residencelidoazzurro.it\/cs\/capoliveri\/\">Capoliveri<\/a> a Portoferraio, kter\u00e1 jsou snadno dosa\u017eiteln\u00e1 z Residence Lido Azzurro, jsou ide\u00e1ln\u00edm m\u00edstem pro <strong>\u017eiv\u00e9 a z\u00e1bavn\u00e9 ve\u010dery<\/strong>. Tyto lokality, zn\u00e1m\u00e9 svou <strong>\u017eivost\u00ed<\/strong>, jsou tak\u00e9 proslul\u00e9 \u0161irokou nab\u00eddkou <strong>restaurac\u00ed, bar\u016f, obchod\u016f a slu\u017eeb<\/strong>, kter\u00e9 zaru\u010duj\u00ed pohodlnou a bezstarostnou dovolenou.<\/p>\n<p>Porto Azzurro a Portoferraio jsou tak\u00e9 <strong>v\u00fdchoz\u00edmi p\u0159\u00edstavy pro lodn\u00ed v\u00fdlety<\/strong>, kter\u00e9 v\u00e1s zavedou k objevov\u00e1n\u00ed kr\u00e1s Elby a v\u00fdlet\u016f na dal\u0161\u00ed ostrovy Tosk\u00e1nsk\u00e9ho souostrov\u00ed.<\/p>\n<p>Pro milovn\u00edky mo\u0159e a sportu nab\u00edz\u00ed <strong>p\u0159\u00edstavi\u0161t\u011b Mola di Capoliveri<\/strong> (p\u0159ibli\u017en\u011b 1 km), kter\u00e9 disponuje kotvami a slu\u017ebami pro \u00faschovu lod\u00ed, a <strong>Golf Club Acquabona<\/strong> (3 km) dal\u0161\u00ed mo\u017enosti, jak obohatit dovolenou o dal\u0161\u00ed aktivity a z\u00e1\u017eitky.<\/p>\n<p>Residence Lido Azzurro je tak <strong>exkluzivn\u00edm vstupem do nejkr\u00e1sn\u011bj\u0161\u00edch a nejobl\u00edben\u011bj\u0161\u00edch m\u00edst na Elb\u011b<\/strong>, ani\u017e byste museli podnikat dlouh\u00e9 v\u00fdlety. Dovolen\u00e1 zde znamen\u00e1 vychutnat si to nejlep\u0161\u00ed, co ostrov nab\u00edz\u00ed, p\u0159\u00edmo na dosah ruky.[\/vc_column_text][\/vc_column][\/vc_row][vc_row css=&#8220;.vc_custom_1703231603908{margin-top: 20px !important;}&#8220;][vc_column width=&#8220;1\/2&#8243; css=&#8220;.vc_custom_1703231597181{margin-top: 30px !important;}&#8220;][vc_column_text]<\/p>\n<h3><a href=\"https:\/\/www.residencelidoazzurro.it\/cs\/capoliveri\/\">Objevte v\u00edce o Capoliveri<\/a><\/h3>\n<p>[\/vc_column_text]<div style=\"background-color:;height: 30px\" class=\"nicdark_section  \"><\/div>[vc_single_image image=&#8220;3137&#8243; img_size=&#8220;full&#8220; alignment=&#8220;center&#8220; onclick=&#8220;custom_link&#8220; link=&#8220;\/cs\/capoliveri\/&#8220;][\/vc_column][vc_column width=&#8220;1\/2&#8243; css=&#8220;.vc_custom_1703231589090{margin-top: 30px !important;}&#8220;][vc_column_text]<\/p>\n<h3><a href=\"https:\/\/www.residencelidoazzurro.it\/cs\/porto-azzurro\">Objevte v\u00edce o Porto Azzurro<\/a><\/h3>\n<p>[\/vc_column_text]<div style=\"background-color:;height: 30px\" class=\"nicdark_section  \"><\/div>[vc_single_image image=&#8220;3157&#8243; img_size=&#8220;full&#8220; alignment=&#8220;center&#8220; onclick=&#8220;custom_link&#8220; link=&#8220;\/cs\/porto-azzurro\/&#8220;][\/vc_column][\/vc_row][vc_row css=&#8220;.vc_custom_1581346593738{margin-top: 80px !important;}&#8220;][vc_column][vc_column_text]<\/p>\n<h3>Jak se dostat k Residence Lido Azzurro<\/h3>\n<p>[\/vc_column_text]<div style=\"background-color:;height: 30px\" class=\"nicdark_section  \"><\/div>[vc_column_text]<strong>Z PORTOFERRAIO<\/strong>: Residence Lido Azzurro je vzd\u00e1len p\u0159ibli\u017en\u011b 10 km od p\u0159\u00edstavu v Portoferraio a autem se k n\u011bmu dostanete za 15 minut. Abyste se dostali k rezidenci, mus\u00edte se vydat po provinci\u00e1ln\u00ed silnici SP24 sm\u011brem na Porto Azzurro\/Capoliveri asi 9 km. Na druh\u00e9m rozcest\u00ed k pl\u00e1\u017ei Lido di Capoliveri zahn\u011bte doprava. Hned pot\u00e9, jen 10 metr\u016f od k\u0159i\u017eovatky, zahn\u011bte doleva.[\/vc_column_text]<div style=\"background-color:;height: 30px\" class=\"nicdark_section  \"><\/div>[vc_column_text]<strong>Z RIO MARINA<\/strong>: P\u0159\u00edstav Rio Marina je vzd\u00e1len p\u0159ibli\u017en\u011b 17 km od rezidence, co\u017e je asi 30 minut j\u00edzdy autem. Z Rio Marina se vydejte po silnici sm\u011brem na Porto Azzurro\/Capoliveri\/Portoferraio asi 12 km. Po p\u0159echodu semaforu na k\u0159i\u017eovatce Capoliveri\/Mola pokra\u010dujte rovn\u011b asi 1 km, m\u00edjejte benz\u00ednovou pumpu po prav\u00e9 stran\u011b. Pot\u00e9 zahn\u011bte doleva sm\u011brem k Lido di Capoliveri. Po 10 metrech zahn\u011bte doleva na cestu vedouc\u00ed k rezidenci.[\/vc_column_text][\/vc_column][\/vc_row][vc_row full_width=&#8220;stretch_row_content_no_spaces&#8220; css=&#8220;.vc_custom_1703159881204{padding-top: 50px !important;padding-right: 0px !important;padding-bottom: 80px !important;padding-left: 0px !important;}&#8220;][vc_column width=&#8220;1\/2&#8243;][vc_single_image image=&#8220;2208&#8243; img_size=&#8220;large&#8220;][\/vc_column][vc_column width=&#8220;1\/2&#8243;][vc_single_image image=&#8220;2210&#8243; img_size=&#8220;large&#8220;][\/vc_column][\/vc_row]<\/p>\n<\/div>","protected":false},"excerpt":{"rendered":"<p>[vc_row css=&#8220;.vc_custom_1581346593738{margin-top: 80px !important;}&#8220;][vc_column][vc_column_text] Mo\u0159e, p\u0159\u00edroda a z\u00e1bava [\/vc_column_text][vc_column_text]Residence Lido Azzurro je o\u00e1zou klidu a kr\u00e1sy situovanou na v\u00fdjime\u010dn\u00e9m m\u00edst\u011b mezi Portoferraio, Porto Azzurro a Capoliveri. D\u00edky sv\u00e9 centr\u00e1ln\u00ed poloze na ostrov\u011b je tato strategick\u00e1 lokalita ide\u00e1ln\u00edm v\u00fdchoz\u00edm bodem k objevov\u00e1n\u00ed kr\u00e1s ostrova, mnoha pl\u00e1\u017e\u00ed a z\u00e1tok, pono\u0159en\u00ed do nejlep\u0161\u00edch z\u00e1\u017eitk\u016f, kter\u00e9 Elba nab\u00edz\u00ed, a [&hellip;]<\/p>\n","protected":false},"author":1,"featured_media":0,"parent":0,"menu_order":0,"comment_status":"closed","ping_status":"closed","template":"","meta":{"footnotes":""},"class_list":["post-5210","page","type-page","status-publish","hentry"],"_links":{"self":[{"href":"https:\/\/www.residencelidoazzurro.it\/cs\/wp-json\/wp\/v2\/pages\/5210","targetHints":{"allow":["GET"]}}],"collection":[{"href":"https:\/\/www.residencelidoazzurro.it\/cs\/wp-json\/wp\/v2\/pages"}],"about":[{"href":"https:\/\/www.residencelidoazzurro.it\/cs\/wp-json\/wp\/v2\/types\/page"}],"author":[{"embeddable":true,"href":"https:\/\/www.residencelidoazzurro.it\/cs\/wp-json\/wp\/v2\/users\/1"}],"replies":[{"embeddable":true,"href":"https:\/\/www.residencelidoazzurro.it\/cs\/wp-json\/wp\/v2\/comments?post=5210"}],"version-history":[{"count":5,"href":"https:\/\/www.residencelidoazzurro.it\/cs\/wp-json\/wp\/v2\/pages\/5210\/revisions"}],"predecessor-version":[{"id":5220,"href":"https:\/\/www.residencelidoazzurro.it\/cs\/wp-json\/wp\/v2\/pages\/5210\/revisions\/5220"}],"wp:attachment":[{"href":"https:\/\/www.residencelidoazzurro.it\/cs\/wp-json\/wp\/v2\/media?parent=5210"}],"curies":[{"name":"wp","href":"https:\/\/api.w.org\/{rel}","templated":true}]}}