{"id":5186,"date":"2023-12-21T12:38:12","date_gmt":"2023-12-21T11:38:12","guid":{"rendered":"https:\/\/www.residencelidoazzurro.it\/porto-azzurro\/"},"modified":"2024-02-19T15:39:38","modified_gmt":"2024-02-19T14:39:38","slug":"porto-azzurro","status":"publish","type":"page","link":"https:\/\/www.residencelidoazzurro.it\/cs\/porto-azzurro\/","title":{"rendered":"Porto Azzurro"},"content":{"rendered":"<div class=\"wpb-content-wrapper\"><p>[vc_row full_width=&#8220;stretch_row&#8220; css=&#8220;.vc_custom_1644324629605{padding-top: 50px !important;}&#8220;][vc_column][vc_column_text]<strong>Porto Azzurro<\/strong> se nach\u00e1z\u00ed v chr\u00e1n\u011bn\u00e9m z\u00e1livu <strong>Golfo di Mola<\/strong>, kter\u00fd byl vyu\u017e\u00edv\u00e1n ji\u017e od starov\u011bku jako p\u0159irozen\u00fd p\u0159\u00edstav na tyrh\u00e9nsk\u00fdch n\u00e1mo\u0159n\u00edch tras\u00e1ch.<\/p>\n<p>D\u0159\u00edve se naz\u00fdval <strong>Portolongone<\/strong> a sv\u00e9 sou\u010dasn\u00e9 jm\u00e9no z\u00edskal v roce 1947 rozhodnut\u00edm m\u011bstsk\u00e9ho \u00fa\u0159adu, kter\u00fd se rozhodl d\u00e1t m\u011bstu turisti\u010dt\u011bj\u0161\u00ed ozna\u010den\u00ed.<\/p>\n<p>M\u011bsto le\u017e\u00ed u paty kopce, na jeho\u017e vrcholu je <strong>pevnost San Giacomo<\/strong>, postaven\u00e1 Filipem III. \u0160pan\u011blsk\u00fdm v roce 1602 ve tvaru hv\u011bzdy, kter\u00e1 p\u0159ipom\u00edn\u00e1 hrad v Antverp\u00e1ch. Portolongone byl po stalet\u00ed tr\u00fdzn\u011bn sarac\u00e9ny, ovl\u00e1dan\u00fd Francouzi, \u0160pan\u011bly a N\u011bmci, spor\u016f mezi velk\u00fdmi evropsk\u00fdmi mocnostmi trval a\u017e do roku 1802, kdy cel\u00fd ostrov p\u0159e\u0161el pod francouzskou nadvl\u00e1du.<\/p>\n<p>Mal\u00e9 centrum m\u00e1 malebn\u00fd vzhled s k\u0159ivolak\u00fdmi uli\u010dkami, mal\u00fdmi kamenn\u00fdmi fas\u00e1dami, malebn\u00fdmi rohy a velk\u00fdm n\u00e1m\u011bst\u00edm, kter\u00e9 se odr\u00e1\u017e\u00ed v mo\u0159i p\u0159\u00edstavu.<\/p>\n<p>Mezi hlavn\u00edmi m\u00edsty k n\u00e1v\u0161t\u011bv\u011b je velmi d\u016fle\u017eit\u00fd <strong>Svatyn\u011b Panny Marie z Monserratu<\/strong>, postaven\u00e1 ve 17. stolet\u00ed \u0161pan\u011blsk\u00fdm guvern\u00e9rem Ponsem Y Le\u00f3nem, kter\u00fd cht\u011bl na Elb\u011b vytvo\u0159it kopii slavn\u00e9 svatyn\u011b postaven\u00e9 nedaleko Barcelony. Obraz Panny Marie, kter\u00fd se nach\u00e1z\u00ed ve svatyni, je pova\u017eov\u00e1n za dokonalou kopii obrazu existuj\u00edc\u00edho ve stejnojmenn\u00e9 svatyni ve \u0160pan\u011blsku.<\/p>\n<p>Stoj\u00ed za to nav\u0161t\u00edvit i vn\u011bj\u0161\u00ed strukturu pevnosti San Giacomo, kter\u00e1 je nyn\u00ed s\u00eddlem v\u011bznice.<\/p>\n<p>Z Porto Azzurro jsou doporu\u010deny <strong>proch\u00e1zka Carmignani<\/strong> a <strong>v\u00fdlety k jezeru Terranera a ke Svatyni Panny Marie z Monserratu<\/strong>.<\/p>\n<p>Trhov\u00fd den: sobota dopoledne.[\/vc_column_text][\/vc_column][\/vc_row][vc_row css=&#8220;.vc_custom_1703231885365{margin-top: 50px !important;}&#8220;][vc_column width=&#8220;1\/2&#8243;][vc_column_text]<\/p>\n<h3><a href=\"https:\/\/www.residencelidoazzurro.it\/cs\/kde-jsme\/\">Poloha Residence Lido Azzurro<\/a><\/h3>\n<p>[\/vc_column_text]<div style=\"background-color:;height: 30px\" class=\"nicdark_section  \"><\/div>[vc_single_image image=&#8220;2056&#8243; img_size=&#8220;full&#8220; onclick=&#8220;custom_link&#8220; link=&#8220;\/cs\/kde-jsme&#8220;][\/vc_column][vc_column width=&#8220;1\/2&#8243;][vc_column_text]<\/p>\n<h3><a href=\"https:\/\/www.residencelidoazzurro.it\/cs\/capoliveri\">Objevte Capoliveri<\/a><\/h3>\n<p>[\/vc_column_text]<div style=\"background-color:;height: 30px\" class=\"nicdark_section  \"><\/div>[vc_single_image image=&#8220;3137&#8243; img_size=&#8220;full&#8220; onclick=&#8220;custom_link&#8220; link=&#8220;\/cs\/capoliveri\/&#8220;][\/vc_column][\/vc_row]<\/p>\n<\/div>","protected":false},"excerpt":{"rendered":"<p>[vc_row full_width=&#8220;stretch_row&#8220; css=&#8220;.vc_custom_1644324629605{padding-top: 50px !important;}&#8220;][vc_column][vc_column_text]Porto Azzurro se nach\u00e1z\u00ed v chr\u00e1n\u011bn\u00e9m z\u00e1livu Golfo di Mola, kter\u00fd byl vyu\u017e\u00edv\u00e1n ji\u017e od starov\u011bku jako p\u0159irozen\u00fd p\u0159\u00edstav na tyrh\u00e9nsk\u00fdch n\u00e1mo\u0159n\u00edch tras\u00e1ch. D\u0159\u00edve se naz\u00fdval Portolongone a sv\u00e9 sou\u010dasn\u00e9 jm\u00e9no z\u00edskal v roce 1947 rozhodnut\u00edm m\u011bstsk\u00e9ho \u00fa\u0159adu, kter\u00fd se rozhodl d\u00e1t m\u011bstu turisti\u010dt\u011bj\u0161\u00ed ozna\u010den\u00ed. M\u011bsto le\u017e\u00ed u paty kopce, na [&hellip;]<\/p>\n","protected":false},"author":1,"featured_media":0,"parent":0,"menu_order":0,"comment_status":"closed","ping_status":"closed","template":"","meta":{"footnotes":""},"class_list":["post-5186","page","type-page","status-publish","hentry"],"_links":{"self":[{"href":"https:\/\/www.residencelidoazzurro.it\/cs\/wp-json\/wp\/v2\/pages\/5186","targetHints":{"allow":["GET"]}}],"collection":[{"href":"https:\/\/www.residencelidoazzurro.it\/cs\/wp-json\/wp\/v2\/pages"}],"about":[{"href":"https:\/\/www.residencelidoazzurro.it\/cs\/wp-json\/wp\/v2\/types\/page"}],"author":[{"embeddable":true,"href":"https:\/\/www.residencelidoazzurro.it\/cs\/wp-json\/wp\/v2\/users\/1"}],"replies":[{"embeddable":true,"href":"https:\/\/www.residencelidoazzurro.it\/cs\/wp-json\/wp\/v2\/comments?post=5186"}],"version-history":[{"count":4,"href":"https:\/\/www.residencelidoazzurro.it\/cs\/wp-json\/wp\/v2\/pages\/5186\/revisions"}],"predecessor-version":[{"id":5287,"href":"https:\/\/www.residencelidoazzurro.it\/cs\/wp-json\/wp\/v2\/pages\/5186\/revisions\/5287"}],"wp:attachment":[{"href":"https:\/\/www.residencelidoazzurro.it\/cs\/wp-json\/wp\/v2\/media?parent=5186"}],"curies":[{"name":"wp","href":"https:\/\/api.w.org\/{rel}","templated":true}]}}