{"id":5182,"date":"2023-12-21T12:36:21","date_gmt":"2023-12-21T11:36:21","guid":{"rendered":"https:\/\/www.residencelidoazzurro.it\/capoliveri\/"},"modified":"2024-02-19T15:27:30","modified_gmt":"2024-02-19T14:27:30","slug":"capoliveri","status":"publish","type":"page","link":"https:\/\/www.residencelidoazzurro.it\/cs\/capoliveri\/","title":{"rendered":"Capoliveri"},"content":{"rendered":"<div class=\"wpb-content-wrapper\"><p>[vc_row full_width=&#8220;stretch_row&#8220; css=&#8220;.vc_custom_1644324629605{padding-top: 50px !important;}&#8220;][vc_column][vc_column_text]Vz\u00e1cn\u011b polo\u017een\u00fd na mal\u00e9m kopci, <strong>Capoliveri<\/strong> se nach\u00e1z\u00ed na strategick\u00e9m m\u00edst\u011b s v\u00fdhledem na jedn\u00e9 stran\u011b na z\u00e1liv Porto Azzurro a na druh\u00e9 stran\u011b na z\u00e1liv Stella s p\u016fsobiv\u00fdm v\u00fdhledem na horu Capanne.<\/p>\n<p>Jeho p\u016fvod sah\u00e1 a\u017e do roku 1906, kdy se odd\u011blil od Porto Longone, dnes Porto Azzurro. Existuje n\u011bkolik hypot\u00e9z ohledn\u011b v\u00fdznamu n\u00e1zvu a p\u016fvodu m\u011bsta.<\/p>\n<p>Term\u00edn &#8222;<strong>Caput Liberum<\/strong>&#8220; poch\u00e1z\u00ed z latiny a lze jej doslovn\u011b p\u0159elo\u017eit jako &#8222;<strong>voln\u00fd mys<\/strong>&#8222;. Jedna z hypot\u00e9z nazna\u010duje, \u017ee n\u00e1zev poch\u00e1z\u00ed z <strong>geografick\u00e9ho uspo\u0159\u00e1d\u00e1n\u00ed<\/strong> oblasti, na kter\u00e9 Capoliveri le\u017e\u00ed, kter\u00e1 je svobodn\u00e1, proto\u017ee je obklopen\u00e1 mo\u0159em. Podle jin\u00e9 teorie by &#8222;Caput Liberum&#8220; mohl odkazovat na <strong>m\u00edsto svobody nebo autonomie<\/strong>, ozna\u010duj\u00edc\u00ed oblast, kde byli b\u00fdval\u00ed otroci p\u0159id\u011bleni, aby se mohli pohybovat voln\u011b.<\/p>\n<p>Zalo\u017een jako etrusk\u00e1 opevn\u011bn\u00e1 pevnost, mohl m\u00edt je\u0161t\u011b star\u0161\u00ed z\u00e1klady, vzhledem k tomu, \u017ee se sem \u010dasto dost\u00e1vali \u0159e\u010dt\u00ed a f\u00e9nick\u00fd n\u00e1mo\u0159n\u00edci na ostrov bohat\u00fd na \u017eelezo, ale ji\u017e zn\u00e1m\u00fd pro m\u011b\u010f.<\/p>\n<p>Uvnit\u0159 starov\u011bk\u00fdch hradeb z\u00edskala podobu <strong>geometricky racion\u00e1ln\u00edho m\u011bsta<\/strong>, typick\u00e9ho pro latinskou stavebn\u00ed tradici, zat\u00edmco ve st\u0159edov\u011bku se <strong>opevn\u011bn\u00e1 vesnice<\/strong> je\u0161t\u011b v\u00edce sev\u0159ela kolem n\u00e1m\u011bst\u00ed a sou\u010dasn\u00e9 Via Roma, kter\u00e1 je hlavn\u00ed a nejvy\u0161\u0161\u00ed ulic\u00ed, ze kter\u00e9 se jako &#8222;ryba&#8220; rozkl\u00e1daj\u00ed cel\u00e9 \u0159ady uli\u010dek, mal\u00fdch uli\u010dek, n\u00e1m\u011bst\u00ed a uli\u010dek, charakterizovan\u00fdch oblouky, ark\u00e1dami, podchody a vedlej\u0161\u00edmi schodi\u0161ti.<\/p>\n<p>St\u0159edov\u011bk\u00fd je <strong>kostel San Michele<\/strong>, ze kter\u00e9ho se zachovaly pouze \u010d\u00e1sti apsidy, av\u0161ak dostate\u010dn\u00e9 k tomu, aby se usoudilo, \u017ee muselo j\u00edt o vz\u00e1cn\u00fd p\u0159\u00edklad nej\u010dist\u0161\u00ed p\u00edseck\u00e9 architektury. Vypr\u00e1v\u00ed se, \u017ee <strong>pape\u017e \u0158eho\u0159 XI.<\/strong>, cestou, kter\u00e1 p\u0159esunula s\u00eddlo pape\u017estv\u00ed z Avignonu do \u0158\u00edma, p\u0159ekvapen bou\u0159\u00ed, vystoupil do San Michele a zde m\u011bl slou\u017eit m\u0161i. Na ji\u017en\u00edm svahu Capoliveri se nach\u00e1z\u00ed <strong>Svatyn\u011b Panny Marie Milostiv\u00e9<\/strong>.<\/p>\n<p>Mezi <strong>nejd\u016fle\u017eit\u011bj\u0161\u00edmi sv\u00e1tky<\/strong> jsou tradi\u010dn\u00ed <strong>sv\u00e1tek Innamorata<\/strong>, kter\u00fd se slav\u00ed 14. \u010dervence s pr\u016fvodem v kost\u00fdmech ze st\u0159edov\u011bku, kter\u00fd od m\u011bsta vede a\u017e na pl\u00e1\u017e Innamorata, a <strong>Festa dell\u2019Uva<\/strong>, v\u011bnovan\u00fd vinobran\u00ed a capoliversk\u00fdm tradic\u00edm, kter\u00fd se kon\u00e1 prvn\u00ed ned\u011bli v \u0159\u00edjnu.<\/p>\n<p>Den trhu: \u010dtvrtek r\u00e1no.[\/vc_column_text][\/vc_column][\/vc_row][vc_row css=&#8220;.vc_custom_1703231958259{margin-top: 50px !important;}&#8220;][vc_column width=&#8220;1\/2&#8243;][vc_column_text]<\/p>\n<h3><a href=\"https:\/\/www.residencelidoazzurro.it\/cs\/kde-jsme\/\">Poloha Residence Lido Azzurro<\/a><\/h3>\n<p>[\/vc_column_text]<div style=\"background-color:;height: 30px\" class=\"nicdark_section  \"><\/div>[vc_single_image image=&#8220;2056&#8243; img_size=&#8220;full&#8220; onclick=&#8220;custom_link&#8220; link=&#8220;\/cs\/kde-jsme\/&#8220;][\/vc_column][vc_column width=&#8220;1\/2&#8243;][vc_column_text]<\/p>\n<h3><a href=\"https:\/\/www.residencelidoazzurro.it\/cs\/porto-azzurro\/\">Objevte Porto Azzurro<\/a><\/h3>\n<p>[\/vc_column_text]<div style=\"background-color:;height: 30px\" class=\"nicdark_section  \"><\/div>[vc_single_image image=&#8220;3157&#8243; img_size=&#8220;full&#8220; onclick=&#8220;custom_link&#8220; link=&#8220;\/cs\/porto-azzurro\/&#8220;][\/vc_column][\/vc_row]<\/p>\n<\/div>","protected":false},"excerpt":{"rendered":"<p>[vc_row full_width=&#8220;stretch_row&#8220; css=&#8220;.vc_custom_1644324629605{padding-top: 50px !important;}&#8220;][vc_column][vc_column_text]Vz\u00e1cn\u011b polo\u017een\u00fd na mal\u00e9m kopci, Capoliveri se nach\u00e1z\u00ed na strategick\u00e9m m\u00edst\u011b s v\u00fdhledem na jedn\u00e9 stran\u011b na z\u00e1liv Porto Azzurro a na druh\u00e9 stran\u011b na z\u00e1liv Stella s p\u016fsobiv\u00fdm v\u00fdhledem na horu Capanne. Jeho p\u016fvod sah\u00e1 a\u017e do roku 1906, kdy se odd\u011blil od Porto Longone, dnes Porto Azzurro. Existuje n\u011bkolik [&hellip;]<\/p>\n","protected":false},"author":1,"featured_media":0,"parent":0,"menu_order":0,"comment_status":"closed","ping_status":"closed","template":"","meta":{"footnotes":""},"class_list":["post-5182","page","type-page","status-publish","hentry"],"_links":{"self":[{"href":"https:\/\/www.residencelidoazzurro.it\/cs\/wp-json\/wp\/v2\/pages\/5182","targetHints":{"allow":["GET"]}}],"collection":[{"href":"https:\/\/www.residencelidoazzurro.it\/cs\/wp-json\/wp\/v2\/pages"}],"about":[{"href":"https:\/\/www.residencelidoazzurro.it\/cs\/wp-json\/wp\/v2\/types\/page"}],"author":[{"embeddable":true,"href":"https:\/\/www.residencelidoazzurro.it\/cs\/wp-json\/wp\/v2\/users\/1"}],"replies":[{"embeddable":true,"href":"https:\/\/www.residencelidoazzurro.it\/cs\/wp-json\/wp\/v2\/comments?post=5182"}],"version-history":[{"count":5,"href":"https:\/\/www.residencelidoazzurro.it\/cs\/wp-json\/wp\/v2\/pages\/5182\/revisions"}],"predecessor-version":[{"id":5184,"href":"https:\/\/www.residencelidoazzurro.it\/cs\/wp-json\/wp\/v2\/pages\/5182\/revisions\/5184"}],"wp:attachment":[{"href":"https:\/\/www.residencelidoazzurro.it\/cs\/wp-json\/wp\/v2\/media?parent=5182"}],"curies":[{"name":"wp","href":"https:\/\/api.w.org\/{rel}","templated":true}]}}