{"id":5170,"date":"2024-01-12T12:26:26","date_gmt":"2024-01-12T11:26:26","guid":{"rendered":"https:\/\/www.residencelidoazzurro.it\/byty\/ortensia\/"},"modified":"2025-11-07T15:40:19","modified_gmt":"2025-11-07T14:40:19","slug":"giglio","status":"publish","type":"page","link":"https:\/\/www.residencelidoazzurro.it\/cs\/byty\/giglio\/","title":{"rendered":"Apartm\u00e1n Giglio"},"content":{"rendered":"<div class=\"wpb-content-wrapper\"><p>[vc_row css=&#8220;.vc_custom_1705057708218{margin-top: 30px !important;margin-bottom: 30px !important;}&#8220;][vc_column][vc_column_text css=&#8220;&#8220;]Objevte kouzlo a pohodl\u00ed Apartm\u00e1nu Giglio, ide\u00e1ln\u00edho pro ty, kte\u0159\u00ed hledaj\u00ed <strong>\u00fatuln\u00fd a funk\u010dn\u00ed prostor<\/strong>.<\/p>\n<p>Tento apartm\u00e1n nab\u00edz\u00ed <strong>sv\u011btl\u00fd ob\u00fdvac\u00ed pokoj<\/strong> s praktick\u00fdm <strong>kuchy\u0148sk\u00fdm koutem<\/strong>, perfektn\u011b vybaven\u00fdm v\u0161\u00edm pot\u0159ebn\u00fdm, a pohodlnou jednol\u016f\u017ekovou postel. <strong>Man\u017eelsk\u00e1 lo\u017enice odd\u011blen\u00e1<\/strong> od zbytku prostoru elegantn\u00edm obloukem poskytuje roh pro soukrom\u00ed a klid.<\/p>\n<p>U\u017eijte si svobodu samostatn\u00e9ho vstupu, kter\u00fd vede do <strong>poh\u00e1dkov\u00e9 zahrady s vybavenou verandou<\/strong>, ide\u00e1ln\u00ed pro relaxaci a u\u017e\u00edv\u00e1n\u00ed si venkovn\u00edch okam\u017eik\u016f, vybaven\u00e9ho stolem, \u017eidlemi a leh\u00e1tky, situovan\u00e9ho v p\u0159\u00edzem\u00ed.<\/p>\n<p>Apartm\u00e1n Giglio nen\u00ed jen m\u00edstem k pobytu, ale z\u00e1\u017eitkem k pro\u017eit\u00ed, <strong>koutem klidu a pohodl\u00ed<\/strong>, kde je ka\u017ed\u00fd detail promy\u0161len pro va\u0161e pohodl\u00ed.[\/vc_column_text][\/vc_column][\/vc_row][vc_row full_width=&#8220;stretch_row&#8220; css=&#8220;.vc_custom_1705060766403{padding-top: 80px !important;padding-bottom: 30px !important;background-color: #f7f7f7 !important;}&#8220;][vc_column width=&#8220;1\/3&#8243;][vc_custom_heading text=&#8220;Apartm\u00e1n pro 3 osob&#8220; font_container=&#8220;tag:h3|text_align:left&#8220; use_theme_fonts=&#8220;yes&#8220;]<div style=\"background-color:;height: 20px\" class=\"nicdark_section  \"><\/div>[vc_column_text]<strong>Ob\u00fdvac\u00ed pokoj s kuchy\u0148sk\u00fdm koutem + jednol\u016f\u017eko<\/strong>[\/vc_column_text][vc_single_image image=&#8220;4068&#8243; img_size=&#8220;150&#215;50&#8243;]<div style=\"background-color:;height: 15px\" class=\"nicdark_section  \"><\/div>[vc_column_text]<strong>Samostatn\u00e1 man\u017eelsk\u00e1 lo\u017enice (odd\u011blen\u00e1 obloukem)<\/strong>[\/vc_column_text][vc_single_image image=&#8220;4004&#8243; img_size=&#8220;50&#215;50&#8243;]<div style=\"background-color:;height: 15px\" class=\"nicdark_section  \"><\/div>[vc_column_text]<strong>Koupelna s sprchov\u00fdm koutem<\/strong>[\/vc_column_text][vc_single_image image=&#8220;3996&#8243; img_size=&#8220;50&#215;50&#8243;]<div style=\"background-color:;height: 20px\" class=\"nicdark_section  \"><\/div>[\/vc_column][vc_column width=&#8220;2\/3&#8243;][vc_gallery type=&#8220;flexslider_slide&#8220; interval=&#8220;0&#8243; images=&#8220;2835,2831,2827,2823,2819,2815,2141&#8243; img_size=&#8220;1920&#215;1280&#8243;]\n\t<div class=\"nd_options_section nd_options_text_align_center\">\n\t<a style=\"border: 1px solid #ffffff;border-radius:px;letter-spacing:4px;line-height:14px;font-size:14px;background-color:#1e73be;padding:15px 20px;margin:10px;color:#ffffff\" rel=\"\" target=\"_blank\" href=\"https:\/\/be.quovai.com\/en\/be\/residencelidoazzurro\" class=\"nicdark_display_inline_block  nd_options_font_weight_normal nd_options_second_font  \">REZERVUJTE SI<\/a>\n\t<\/div>\n[\/vc_column][\/vc_row][vc_row css=&#8220;.vc_custom_1705060851477{padding-top: 50px !important;}&#8220;][vc_column][vc_column_text css=&#8220;&#8220;]<\/p>\n<h3>Slu\u017eby apartm\u00e1nu Giglio<\/h3>\n<p>[\/vc_column_text]<div style=\"background-color:;height: 20px\" class=\"nicdark_section  \"><\/div>[vc_column_text css=&#8220;&#8220;]\u2022 Venkovn\u00ed koutek s umyvadlem a sprchov\u00fdm koutem pro relaxa\u010dn\u00ed a svobodn\u00fd z\u00e1\u017eitek na \u010derstv\u00e9m vzduchu;<br \/>\n\u2022 Bezplatn\u00e9 Wi-Fi p\u0159ipojen\u00ed v venkovn\u00edch prostor\u00e1ch;<br \/>\n\u2022 V\u00fdhled na baz\u00e9n nebo zahradu podle polohy apartm\u00e1nu;<br \/>\n\u2022 Centralizovan\u00e1 klimatizace, k dispozici ve ve\u010dern\u00edch a odpoledn\u00edch hodin\u00e1ch, pro zaji\u0161t\u011bn\u00ed st\u00e1le p\u0159\u00edjemn\u00e9ho a chladn\u00e9ho prost\u0159ed\u00ed;<br \/>\n\u2022 Modern\u00ed vybaven\u00ed jako televize, trezor, f\u00e9n a interkom, p\u0159izp\u016fsoben\u00e9 va\u0161im pot\u0159eb\u00e1m;<br \/>\n\u2022 Voln\u00fd p\u0159\u00edstup k baz\u00e9nu s leh\u00e1tky a slune\u010dn\u00edky pro dny pln\u00e9 relaxace a z\u00e1bavy;<br \/>\n\u2022 Bezplatn\u00e9 d\u011btsk\u00e9 h\u0159i\u0161t\u011b, kde mohou d\u011bti hr\u00e1t bezpe\u010dn\u011b a svobodn\u011b;<br \/>\n\u2022 Bezplatn\u00e9 kryt\u00e9 parkov\u00e1n\u00ed uvnit\u0159 are\u00e1lu s p\u0159id\u011blen\u00fdm parkovac\u00edm m\u00edstem pro ka\u017ed\u00fd apartm\u00e1n;<br \/>\n\u2022 Grilovac\u00ed plochy pro ve\u010dery pln\u00e9 spole\u010dnosti a dobrot. ;<br \/>\n\u2022 Vybaven\u00e1 pr\u00e1delna s bezplatn\u00fdm pou\u017e\u00edv\u00e1n\u00edm \u017eehli\u010dky a automatick\u00e9 pra\u010dky na mince, pro v\u0161echny va\u0161e pot\u0159eby.[\/vc_column_text][\/vc_column][\/vc_row]<\/p>\n<\/div>","protected":false},"excerpt":{"rendered":"<p>[vc_row css=&#8220;.vc_custom_1705057708218{margin-top: 30px !important;margin-bottom: 30px !important;}&#8220;][vc_column][vc_column_text css=&#8220;&#8220;]Objevte kouzlo a pohodl\u00ed Apartm\u00e1nu Giglio, ide\u00e1ln\u00edho pro ty, kte\u0159\u00ed hledaj\u00ed \u00fatuln\u00fd a funk\u010dn\u00ed prostor. Tento apartm\u00e1n nab\u00edz\u00ed sv\u011btl\u00fd ob\u00fdvac\u00ed pokoj s praktick\u00fdm kuchy\u0148sk\u00fdm koutem, perfektn\u011b vybaven\u00fdm v\u0161\u00edm pot\u0159ebn\u00fdm, a pohodlnou jednol\u016f\u017ekovou postel. Man\u017eelsk\u00e1 lo\u017enice odd\u011blen\u00e1 od zbytku prostoru elegantn\u00edm obloukem poskytuje roh pro soukrom\u00ed a klid. U\u017eijte si [&hellip;]<\/p>\n","protected":false},"author":1,"featured_media":0,"parent":5118,"menu_order":0,"comment_status":"closed","ping_status":"closed","template":"","meta":{"footnotes":""},"class_list":["post-5170","page","type-page","status-publish","hentry"],"_links":{"self":[{"href":"https:\/\/www.residencelidoazzurro.it\/cs\/wp-json\/wp\/v2\/pages\/5170","targetHints":{"allow":["GET"]}}],"collection":[{"href":"https:\/\/www.residencelidoazzurro.it\/cs\/wp-json\/wp\/v2\/pages"}],"about":[{"href":"https:\/\/www.residencelidoazzurro.it\/cs\/wp-json\/wp\/v2\/types\/page"}],"author":[{"embeddable":true,"href":"https:\/\/www.residencelidoazzurro.it\/cs\/wp-json\/wp\/v2\/users\/1"}],"replies":[{"embeddable":true,"href":"https:\/\/www.residencelidoazzurro.it\/cs\/wp-json\/wp\/v2\/comments?post=5170"}],"version-history":[{"count":5,"href":"https:\/\/www.residencelidoazzurro.it\/cs\/wp-json\/wp\/v2\/pages\/5170\/revisions"}],"predecessor-version":[{"id":6376,"href":"https:\/\/www.residencelidoazzurro.it\/cs\/wp-json\/wp\/v2\/pages\/5170\/revisions\/6376"}],"up":[{"embeddable":true,"href":"https:\/\/www.residencelidoazzurro.it\/cs\/wp-json\/wp\/v2\/pages\/5118"}],"wp:attachment":[{"href":"https:\/\/www.residencelidoazzurro.it\/cs\/wp-json\/wp\/v2\/media?parent=5170"}],"curies":[{"name":"wp","href":"https:\/\/api.w.org\/{rel}","templated":true}]}}