{"id":5166,"date":"2024-01-12T13:11:10","date_gmt":"2024-01-12T12:11:10","guid":{"rendered":"https:\/\/www.residencelidoazzurro.it\/byty\/margherita\/"},"modified":"2025-11-07T15:41:09","modified_gmt":"2025-11-07T14:41:09","slug":"capraia","status":"publish","type":"page","link":"https:\/\/www.residencelidoazzurro.it\/cs\/byty\/capraia\/","title":{"rendered":"Apartm\u00e1n Capraia"},"content":{"rendered":"<div class=\"wpb-content-wrapper\"><p>[vc_row css=&#8220;.vc_custom_1705057708218{margin-top: 30px !important;margin-bottom: 30px !important;}&#8220;][vc_column][vc_column_text css=&#8220;&#8220;]Objevte pohodl\u00ed a kouzlo Apartm\u00e1nu Capraia, <strong>ide\u00e1ln\u00edho pro rodiny nebo skupiny<\/strong>.<\/p>\n<p>Tento typ ubytov\u00e1n\u00ed nab\u00edz\u00ed <strong>prostornou man\u017eelskou lo\u017enici a druhou lo\u017enici se t\u0159emi l\u016f\u017eky<\/strong>, z toho jedna palanda, ide\u00e1ln\u00ed pro <strong>ubytov\u00e1n\u00ed jak dosp\u011bl\u00fdch, tak d\u011bt\u00ed<\/strong>. <strong>Kuchy\u0148sk\u00fd kout<\/strong> je pln\u011b vybaven v\u0161\u00edm pot\u0159ebn\u00fdm k p\u0159\u00edprav\u011b a u\u017e\u00edv\u00e1n\u00ed va\u0161ich j\u00eddel v pln\u00e9 svobod\u011b. Koupelna je vybavena modern\u00edm sprchov\u00fdm koutem, navr\u017een\u00fdm pro v\u00e1\u0161 relax a pohodl\u00ed.<\/p>\n<p>U\u017eijte si svobodu samostatn\u00e9ho vstupu, kter\u00fd vede do <strong>priv\u00e1tn\u00ed zahrady s vybavenou verandou<\/strong>, vybavenou stolem, \u017eidlemi a leh\u00e1tky, situovanou v p\u0159\u00edzem\u00ed.<\/p>\n<p>Apartm\u00e1n Capraia je v\u00edce ne\u017e jen ubytov\u00e1n\u00ed: je to \u0159e\u0161en\u00ed <strong>pro rodiny a skupiny<\/strong>, kter\u00e9 hledaj\u00ed prostor, pohodl\u00ed a strategickou polohu pro maxim\u00e1ln\u00ed vyu\u017eit\u00ed sv\u00e9 dovolen\u00e9.[\/vc_column_text][\/vc_column][\/vc_row][vc_row full_width=&#8220;stretch_row&#8220; css=&#8220;.vc_custom_1705060766403{padding-top: 80px !important;padding-bottom: 30px !important;background-color: #f7f7f7 !important;}&#8220;][vc_column width=&#8220;1\/3&#8243;][vc_custom_heading text=&#8220;Apartm\u00e1n pro 5 osob&#8220; font_container=&#8220;tag:h3|text_align:left&#8220; use_theme_fonts=&#8220;yes&#8220;]<div style=\"background-color:;height: 20px\" class=\"nicdark_section  \"><\/div>[vc_column_text]<strong>Kuchy\u0148<\/strong>[\/vc_column_text][vc_single_image image=&#8220;4032&#8243; img_size=&#8220;50&#215;50&#8243;]<div style=\"background-color:;height: 15px\" class=\"nicdark_section  \"><\/div>[vc_column_text]<strong>Man\u017eelsk\u00e1 lo\u017enice<\/strong>[\/vc_column_text][vc_single_image image=&#8220;4004&#8243; img_size=&#8220;50&#215;50&#8243;]<div style=\"background-color:;height: 15px\" class=\"nicdark_section  \"><\/div>[vc_column_text]<strong>Lo\u017enice se t\u0159emi samostatn\u00fdmi postelemi, z toho jedna palanda<\/strong>[\/vc_column_text][vc_single_image image=&#8220;4036&#8243; img_size=&#8220;100&#215;50&#8243;]<div style=\"background-color:;height: 15px\" class=\"nicdark_section  \"><\/div>[vc_column_text]<strong>Koupelna s sprchov\u00fdm koutem<\/strong>[\/vc_column_text][vc_single_image image=&#8220;3996&#8243; img_size=&#8220;50&#215;50&#8243;]<div style=\"background-color:;height: 20px\" class=\"nicdark_section  \"><\/div>[\/vc_column][vc_column width=&#8220;2\/3&#8243;][vc_gallery type=&#8220;flexslider_slide&#8220; interval=&#8220;0&#8243; images=&#8220;2880,2872,2860,2864,2856,2868,2844,2938&#8243; img_size=&#8220;1920&#215;1280&#8243;]\n\t<div class=\"nd_options_section nd_options_text_align_center\">\n\t<a style=\"border: 1px solid #ffffff;border-radius:px;letter-spacing:4px;line-height:14px;font-size:14px;background-color:#1e73be;padding:15px 20px;margin:10px;color:#ffffff\" rel=\"\" target=\"_blank\" href=\"https:\/\/be.quovai.com\/en\/be\/residencelidoazzurro\" class=\"nicdark_display_inline_block  nd_options_font_weight_normal nd_options_second_font  \">REZERVUJTE SI<\/a>\n\t<\/div>\n[\/vc_column][\/vc_row][vc_row css=&#8220;.vc_custom_1705060851477{padding-top: 50px !important;}&#8220;][vc_column][vc_column_text css=&#8220;&#8220;]<\/p>\n<h3>Slu\u017eby apartm\u00e1nu Capraia<\/h3>\n<p>[\/vc_column_text]<div style=\"background-color:;height: 20px\" class=\"nicdark_section  \"><\/div>[vc_column_text css=&#8220;&#8220;]\u2022 Centralizovan\u00e1 klimatizace, k dispozici ve ve\u010dern\u00edch a odpoledn\u00edch hodin\u00e1ch, pro zaji\u0161t\u011bn\u00ed st\u00e1le p\u0159\u00edjemn\u00e9ho a chladn\u00e9ho prost\u0159ed\u00ed;<br \/>\n\u2022 Televize, trezor, f\u00e9n a interkom, pro va\u0161e pot\u0159eby;<br \/>\n\u2022 Bezplatn\u00fd p\u0159\u00edstup k baz\u00e9nu s leh\u00e1tky a slune\u010dn\u00edky k dispozici pro va\u0161e okam\u017eiky relaxace na slunci;<br \/>\n\u2022 Bezplatn\u00e9 d\u011btsk\u00e9 h\u0159i\u0161t\u011b pro nejmen\u0161\u00ed, pro z\u00e1bavu a bezpe\u010dnost;<br \/>\n\u2022 Bezplatn\u00e9 kryt\u00e9 parkov\u00e1n\u00ed uvnit\u0159 are\u00e1lu s p\u0159id\u011blen\u00fdm parkovac\u00edm m\u00edstem pro ka\u017ed\u00fd apartm\u00e1n;<br \/>\n\u2022 Vybaven\u00e1 pr\u00e1delna s \u017eehli\u010dkou k dispozici zdarma a automatick\u00e1 pra\u010dka na mince, pln\u011b k va\u0161emu u\u017eitku.[\/vc_column_text][\/vc_column][\/vc_row]<\/p>\n<\/div>","protected":false},"excerpt":{"rendered":"<p>[vc_row css=&#8220;.vc_custom_1705057708218{margin-top: 30px !important;margin-bottom: 30px !important;}&#8220;][vc_column][vc_column_text css=&#8220;&#8220;]Objevte pohodl\u00ed a kouzlo Apartm\u00e1nu Capraia, ide\u00e1ln\u00edho pro rodiny nebo skupiny. Tento typ ubytov\u00e1n\u00ed nab\u00edz\u00ed prostornou man\u017eelskou lo\u017enici a druhou lo\u017enici se t\u0159emi l\u016f\u017eky, z toho jedna palanda, ide\u00e1ln\u00ed pro ubytov\u00e1n\u00ed jak dosp\u011bl\u00fdch, tak d\u011bt\u00ed. Kuchy\u0148sk\u00fd kout je pln\u011b vybaven v\u0161\u00edm pot\u0159ebn\u00fdm k p\u0159\u00edprav\u011b a u\u017e\u00edv\u00e1n\u00ed va\u0161ich j\u00eddel v [&hellip;]<\/p>\n","protected":false},"author":1,"featured_media":0,"parent":5118,"menu_order":0,"comment_status":"closed","ping_status":"closed","template":"","meta":{"footnotes":""},"class_list":["post-5166","page","type-page","status-publish","hentry"],"_links":{"self":[{"href":"https:\/\/www.residencelidoazzurro.it\/cs\/wp-json\/wp\/v2\/pages\/5166","targetHints":{"allow":["GET"]}}],"collection":[{"href":"https:\/\/www.residencelidoazzurro.it\/cs\/wp-json\/wp\/v2\/pages"}],"about":[{"href":"https:\/\/www.residencelidoazzurro.it\/cs\/wp-json\/wp\/v2\/types\/page"}],"author":[{"embeddable":true,"href":"https:\/\/www.residencelidoazzurro.it\/cs\/wp-json\/wp\/v2\/users\/1"}],"replies":[{"embeddable":true,"href":"https:\/\/www.residencelidoazzurro.it\/cs\/wp-json\/wp\/v2\/comments?post=5166"}],"version-history":[{"count":5,"href":"https:\/\/www.residencelidoazzurro.it\/cs\/wp-json\/wp\/v2\/pages\/5166\/revisions"}],"predecessor-version":[{"id":6377,"href":"https:\/\/www.residencelidoazzurro.it\/cs\/wp-json\/wp\/v2\/pages\/5166\/revisions\/6377"}],"up":[{"embeddable":true,"href":"https:\/\/www.residencelidoazzurro.it\/cs\/wp-json\/wp\/v2\/pages\/5118"}],"wp:attachment":[{"href":"https:\/\/www.residencelidoazzurro.it\/cs\/wp-json\/wp\/v2\/media?parent=5166"}],"curies":[{"name":"wp","href":"https:\/\/api.w.org\/{rel}","templated":true}]}}