{"id":5161,"date":"2024-01-12T11:54:05","date_gmt":"2024-01-12T10:54:05","guid":{"rendered":"https:\/\/www.residencelidoazzurro.it\/byty\/iris\/"},"modified":"2025-11-07T15:39:26","modified_gmt":"2025-11-07T14:39:26","slug":"montecristo","status":"publish","type":"page","link":"https:\/\/www.residencelidoazzurro.it\/cs\/byty\/montecristo\/","title":{"rendered":"Apartm\u00e1n Montecristo"},"content":{"rendered":"<div class=\"wpb-content-wrapper\"><p>[vc_row css=&#8220;.vc_custom_1705059229587{margin-top: 30px !important;margin-bottom: 30px !important;}&#8220;][vc_column][vc_column_text css=&#8220;&#8220;]Pono\u0159te se do pohodl\u00ed Apartm\u00e1nu Montecristo, romantick\u00e9ho a \u00fatuln\u00e9ho \u00fato\u010di\u0161t\u011b <strong>ide\u00e1ln\u00edho pro p\u00e1ry<\/strong>.<\/p>\n<p>Sest\u00e1v\u00e1 z <strong>man\u017eelsk\u00e9 postele<\/strong> a je obohacen o <strong>pln\u011b vybaven\u00fd kuchy\u0148sk\u00fd kout<\/strong>, kde si m\u016f\u017eete p\u0159ipravit lahodn\u00e9 pokrmy v \u00fapln\u00e9 svobod\u011b. Koupelna, vybaven\u00e1 modern\u00edm sprchov\u00fdm koutem, je navr\u017eena tak, aby v\u00e1m poskytla okam\u017eiky \u010dist\u00e9 relaxace.<\/p>\n<p>Nechte se okouzlit <strong>priv\u00e1tn\u00ed zahradou apartm\u00e1nu<\/strong>, o\u00e1zou pokoje s vybavenou verandou, kter\u00e1 l\u00e1k\u00e1 na okam\u017eiky klidu a spole\u010denskosti na \u010derstv\u00e9m vzduchu, p\u0159\u00edmo v kontaktu s p\u0159\u00edrodou.<\/p>\n<p>Apartm\u00e1n Montecristo je v\u00edce ne\u017e jen jednoduch\u00fd pobyt: je to <strong>okno do sv\u011bta klidu a kr\u00e1sy<\/strong>, z\u00e1\u017eitek, kter\u00fd pro\u017e\u00edv\u00e1te se v\u0161emi smysly.[\/vc_column_text][\/vc_column][\/vc_row][vc_row full_width=&#8220;stretch_row&#8220; css=&#8220;.vc_custom_1705060541847{padding-top: 80px !important;padding-bottom: 30px !important;background-color: #f7f7f7 !important;}&#8220;][vc_column width=&#8220;1\/3&#8243;][vc_custom_heading text=&#8220;Apartm\u00e1n pro 2 osob&#8220; font_container=&#8220;tag:h3|text_align:left&#8220; use_theme_fonts=&#8220;yes&#8220;]<div style=\"background-color:;height: 20px\" class=\"nicdark_section  \"><\/div>[vc_column_text]<strong>Man\u017eelsk\u00fd pokoj s kuchy\u0148sk\u00fdm koutem<\/strong>[\/vc_column_text][vc_single_image image=&#8220;3992&#8243; img_size=&#8220;100&#215;50&#8243;]<div style=\"background-color:;height: 15px\" class=\"nicdark_section  \"><\/div>[vc_column_text]<strong>Koupelna s sprchov\u00fdm koutem<\/strong>[\/vc_column_text][vc_single_image image=&#8220;3996&#8243; img_size=&#8220;50&#215;50&#8243;]<div style=\"background-color:;height: 20px\" class=\"nicdark_section  \"><\/div>[\/vc_column][vc_column width=&#8220;2\/3&#8243;][vc_gallery type=&#8220;flexslider_slide&#8220; interval=&#8220;0&#8243; images=&#8220;2802,2798,2790,2794,2810,2806,2117&#8243; img_size=&#8220;1920&#215;1280&#8243;]\n\t<div class=\"nd_options_section nd_options_text_align_center\">\n\t<a style=\"border: 1px solid #ffffff;border-radius:px;letter-spacing:4px;line-height:14px;font-size:14px;background-color:#1e73be;padding:15px 20px;margin:10px;color:#ffffff\" rel=\"\" target=\"_blank\" href=\"https:\/\/be.quovai.com\/en\/be\/residencelidoazzurro\" class=\"nicdark_display_inline_block  nd_options_font_weight_normal nd_options_second_font  \">REZERVUJTE SI<\/a>\n\t<\/div>\n[\/vc_column][\/vc_row][vc_row css=&#8220;.vc_custom_1705060458473{padding-top: 50px !important;}&#8220;][vc_column][vc_column_text css=&#8220;&#8220;]<\/p>\n<h3>Slu\u017eby apartm\u00e1nu Montecristo<\/h3>\n<p>[\/vc_column_text]<div style=\"background-color:;height: 20px\" class=\"nicdark_section  \"><\/div>[vc_column_text css=&#8220;&#8220;]\u2022 Venkovn\u00ed koutek s umyvadlem a sprchov\u00fdm koutem, abyste si mohli u\u017e\u00edt svobodu sprchy pod hv\u011bzdnou oblohou;<br \/>\n\u2022 Bezplatn\u00e9 Wi-Fi p\u0159ipojen\u00ed v venkovn\u00edch prostor\u00e1ch;<br \/>\n\u2022 O\u010daruj\u00edc\u00ed v\u00fdhled na baz\u00e9n;<br \/>\n\u2022 Centralizovan\u00e1 klimatizace, k dispozici ve ve\u010dern\u00edch a odpoledn\u00edch hodin\u00e1ch, pro zaji\u0161t\u011bn\u00ed st\u00e1le p\u0159\u00edjemn\u00e9ho a chladn\u00e9ho prost\u0159ed\u00ed;<br \/>\n\u2022 Pohodl\u00ed jako televize, trezor, f\u00e9n a interkom, p\u0159izp\u016fsoben\u00e9 va\u0161im pot\u0159eb\u00e1m;<br \/>\n\u2022 Neomezen\u00fd p\u0159\u00edstup k baz\u00e9nu, kde v\u00e1s leh\u00e1tka a slune\u010dn\u00edky \u010dekaj\u00ed na dny pln\u00e9 z\u00e1bavy a relaxace na slunci;<br \/>\n\u2022 D\u011btsk\u00e9 h\u0159i\u0161t\u011b, kde se mal\u00ed host\u00e9 mohou bezpe\u010dn\u011b prozkoum\u00e1vat a bavit;<br \/>\n\u2022 Bezplatn\u00e9 kryt\u00e9 parkov\u00e1n\u00ed s vyhrazen\u00fdm parkovac\u00edm m\u00edstem, abyste m\u011bli maxim\u00e1ln\u00ed pohodl\u00ed od va\u0161eho p\u0159\u00edjezdu;<br \/>\n\u2022 Grilovac\u00ed plochy pro kouzeln\u00e9 ve\u010dery pln\u00e9 chut\u00ed a radosti;<br \/>\n\u2022 Vybaven\u00e1 pr\u00e1delna k va\u0161emu u\u017eitku, abyste si v\u017edy zachovali dom\u00e1c\u00ed pohodl\u00ed, s bezplatn\u00fdm pou\u017e\u00edv\u00e1n\u00edm \u017eehli\u010dky a automatick\u00e9 pra\u010dky na mince.[\/vc_column_text][\/vc_column][\/vc_row]<\/p>\n<\/div>","protected":false},"excerpt":{"rendered":"<p>[vc_row css=&#8220;.vc_custom_1705059229587{margin-top: 30px !important;margin-bottom: 30px !important;}&#8220;][vc_column][vc_column_text css=&#8220;&#8220;]Pono\u0159te se do pohodl\u00ed Apartm\u00e1nu Montecristo, romantick\u00e9ho a \u00fatuln\u00e9ho \u00fato\u010di\u0161t\u011b ide\u00e1ln\u00edho pro p\u00e1ry. Sest\u00e1v\u00e1 z man\u017eelsk\u00e9 postele a je obohacen o pln\u011b vybaven\u00fd kuchy\u0148sk\u00fd kout, kde si m\u016f\u017eete p\u0159ipravit lahodn\u00e9 pokrmy v \u00fapln\u00e9 svobod\u011b. Koupelna, vybaven\u00e1 modern\u00edm sprchov\u00fdm koutem, je navr\u017eena tak, aby v\u00e1m poskytla okam\u017eiky \u010dist\u00e9 relaxace. Nechte [&hellip;]<\/p>\n","protected":false},"author":1,"featured_media":0,"parent":5118,"menu_order":0,"comment_status":"closed","ping_status":"closed","template":"","meta":{"footnotes":""},"class_list":["post-5161","page","type-page","status-publish","hentry"],"_links":{"self":[{"href":"https:\/\/www.residencelidoazzurro.it\/cs\/wp-json\/wp\/v2\/pages\/5161","targetHints":{"allow":["GET"]}}],"collection":[{"href":"https:\/\/www.residencelidoazzurro.it\/cs\/wp-json\/wp\/v2\/pages"}],"about":[{"href":"https:\/\/www.residencelidoazzurro.it\/cs\/wp-json\/wp\/v2\/types\/page"}],"author":[{"embeddable":true,"href":"https:\/\/www.residencelidoazzurro.it\/cs\/wp-json\/wp\/v2\/users\/1"}],"replies":[{"embeddable":true,"href":"https:\/\/www.residencelidoazzurro.it\/cs\/wp-json\/wp\/v2\/comments?post=5161"}],"version-history":[{"count":5,"href":"https:\/\/www.residencelidoazzurro.it\/cs\/wp-json\/wp\/v2\/pages\/5161\/revisions"}],"predecessor-version":[{"id":6375,"href":"https:\/\/www.residencelidoazzurro.it\/cs\/wp-json\/wp\/v2\/pages\/5161\/revisions\/6375"}],"up":[{"embeddable":true,"href":"https:\/\/www.residencelidoazzurro.it\/cs\/wp-json\/wp\/v2\/pages\/5118"}],"wp:attachment":[{"href":"https:\/\/www.residencelidoazzurro.it\/cs\/wp-json\/wp\/v2\/media?parent=5161"}],"curies":[{"name":"wp","href":"https:\/\/api.w.org\/{rel}","templated":true}]}}