{"id":5157,"date":"2024-01-12T13:50:43","date_gmt":"2024-01-12T12:50:43","guid":{"rendered":"https:\/\/www.residencelidoazzurro.it\/byty\/girasole\/"},"modified":"2025-11-07T15:42:10","modified_gmt":"2025-11-07T14:42:10","slug":"elba","status":"publish","type":"page","link":"https:\/\/www.residencelidoazzurro.it\/cs\/byty\/elba\/","title":{"rendered":"Apartm\u00e1n Elba"},"content":{"rendered":"<div class=\"wpb-content-wrapper\"><p>[vc_row css=&#8220;.vc_custom_1705057708218{margin-top: 30px !important;margin-bottom: 30px !important;}&#8220;][vc_column][vc_column_text css=&#8220;&#8220;]V\u00edtejte v Apartm\u00e1nu Elba, ide\u00e1ln\u00ed volb\u011b <strong>pro rodiny nebo skupiny<\/strong> hledaj\u00edc\u00ed <strong>prostor a pohodl\u00ed<\/strong>.<\/p>\n<p>Apartm\u00e1n nab\u00edz\u00ed <strong>elegantn\u00ed man\u017eelskou lo\u017enici<\/strong> a <strong>druhou lo\u017enici se t\u0159emi samostatn\u00fdmi postelemi<\/strong>, s mo\u017enost\u00ed p\u0159em\u011bny na man\u017eelskou postel po\u017e\u00e1d\u00e1n\u00edm p\u0159i rezervaci. <strong>Kuchy\u0148, otev\u0159en\u00e1 do ob\u00fdvac\u00edho pokoje<\/strong>, je pln\u011b vybavena v\u0161\u00edm, co pot\u0159ebujete k samostatn\u00e9 p\u0159\u00edprav\u011b j\u00eddel, dopln\u011bn\u00e1 o <strong>pohodln\u00e9 jednol\u016f\u017eko<\/strong>. Koupelna je vybavena modern\u00edm sprchov\u00fdm koutem, navr\u017een\u00fdm pro va\u0161e pohodl\u00ed a relaxaci.<\/p>\n<p>Apartm\u00e1n Elba se vyzna\u010duje <strong>samostatn\u00fdm vchodem<\/strong>, kter\u00fd v\u00e1s zavede do <strong>kouzeln\u00e9 zahrady s vybaven\u00fdm portikem<\/strong>, vybaven\u00fdm stolem, \u017eidlemi a leh\u00e1tky, ide\u00e1ln\u00edm pro relaxaci venku v p\u0159\u00edzem\u00ed s <strong>n\u00e1dhern\u00fdm v\u00fdhledem a p\u0159ed baz\u00e9nem<\/strong>.<\/p>\n<p>Apartm\u00e1n Elba je navr\u017een tak, aby v\u00e1m poskytl jedine\u010dn\u00fd z\u00e1\u017eitek, kombinuj\u00edc\u00ed <strong>prostor, funk\u010dnost a v\u00fdjime\u010dnou polohu<\/strong> pro nezapomenutelnou dovolenou.[\/vc_column_text][\/vc_column][\/vc_row][vc_row full_width=&#8220;stretch_row&#8220; css=&#8220;.vc_custom_1705060766403{padding-top: 80px !important;padding-bottom: 30px !important;background-color: #f7f7f7 !important;}&#8220;][vc_column width=&#8220;1\/3&#8243;][vc_custom_heading text=&#8220;Apartm\u00e1n pro 6 osob&#8220; font_container=&#8220;tag:h3|text_align:left&#8220; use_theme_fonts=&#8220;yes&#8220;]<div style=\"background-color:;height: 20px\" class=\"nicdark_section  \"><\/div>[vc_column_text]<strong>Kuchy\u0148 &#8211; ob\u00fdvac\u00ed pokoj s jednol\u016f\u017ekem<\/strong>[\/vc_column_text][vc_single_image image=&#8220;4068&#8243; img_size=&#8220;150&#215;50&#8243;]<div style=\"background-color:;height: 15px\" class=\"nicdark_section  \"><\/div>[vc_column_text]<strong>Man\u017eelsk\u00e1 lo\u017enice<\/strong>[\/vc_column_text][vc_single_image image=&#8220;4004&#8243; img_size=&#8220;50&#215;50&#8243;]<div style=\"background-color:;height: 15px\" class=\"nicdark_section  \"><\/div>[vc_column_text]<strong>Lo\u017enice s 3 samostatn\u00fdmi l\u016f\u017eky nebo man\u017eelsk\u00fdm + 1 samostatn\u00fdm l\u016f\u017ekem<\/strong>[\/vc_column_text][vc_single_image image=&#8220;4095&#8243; img_size=&#8220;100&#215;50&#8243;]<div style=\"background-color:;height: 15px\" class=\"nicdark_section  \"><\/div>[vc_column_text]<strong>Koupelna s sprchov\u00fdm koutem<\/strong>[\/vc_column_text][vc_single_image image=&#8220;3996&#8243; img_size=&#8220;50&#215;50&#8243;]<div style=\"background-color:;height: 20px\" class=\"nicdark_section  \"><\/div>[\/vc_column][vc_column width=&#8220;2\/3&#8243;][vc_gallery type=&#8220;flexslider_slide&#8220; interval=&#8220;0&#8243; images=&#8220;2921,2917,2909,2897,2901,2905,2889,2160&#8243; img_size=&#8220;1920&#215;1280&#8243;]\n\t<div class=\"nd_options_section nd_options_text_align_center\">\n\t<a style=\"border: 1px solid #ffffff;border-radius:px;letter-spacing:4px;line-height:14px;font-size:14px;background-color:#1e73be;padding:15px 20px;margin:10px;color:#ffffff\" rel=\"\" target=\"_blank\" href=\"https:\/\/be.quovai.com\/en\/be\/residencelidoazzurro\" class=\"nicdark_display_inline_block  nd_options_font_weight_normal nd_options_second_font  \">REZERVUJTE SI<\/a>\n\t<\/div>\n[\/vc_column][\/vc_row][vc_row css=&#8220;.vc_custom_1705060851477{padding-top: 50px !important;}&#8220;][vc_column][vc_column_text css=&#8220;&#8220;]<\/p>\n<h3>Slu\u017eby apartm\u00e1nu Elba<\/h3>\n<p>[\/vc_column_text]<div style=\"background-color:;height: 20px\" class=\"nicdark_section  \"><\/div>[vc_column_text css=&#8220;&#8220;]\u2022 Centralizovan\u00e1 klimatizace, k dispozici ve ve\u010dern\u00edch a odpoledn\u00edch hodin\u00e1ch, pro zaji\u0161t\u011bn\u00ed st\u00e1le p\u0159\u00edjemn\u00e9ho a chladn\u00e9ho prost\u0159ed\u00ed;<br \/>\n\u2022 Televize, trezor, f\u00e9n a interkom, pro uspokojen\u00ed va\u0161ich pot\u0159eb;<br \/>\n\u2022 Bezplatn\u00fd p\u0159\u00edstup k baz\u00e9nu, s leh\u00e1tky a slune\u010dn\u00edky p\u0159ipraven\u00fdmi pro va\u0161e okam\u017eiky \u010dist\u00e9 relaxace;<br \/>\n\u2022 Bezplatn\u00e9 d\u011btsk\u00e9 h\u0159i\u0161t\u011b, kde se nejmen\u0161\u00ed mohou bezpe\u010dn\u011b bavit;<br \/>\n\u2022 Bezplatn\u00e9 kryt\u00e9 parkov\u00e1n\u00ed uvnit\u0159 are\u00e1lu, s jedn\u00edm p\u0159id\u011blen\u00fdm parkovac\u00edm m\u00edstem pro ka\u017ed\u00fd apartm\u00e1n;<br \/>\n\u2022 Grilovac\u00ed plochy k va\u0161emu u\u017eitku pro ve\u010dery pln\u00e9 chuti a z\u00e1bavy;<br \/>\n\u2022 Venkovn\u00ed umyvadlo a sprchov\u00fd kout pro dodate\u010dn\u00fd komfort;<br \/>\n\u2022 Vybaven\u00e1 pr\u00e1delna s \u017eehli\u010dkou k dispozici zdarma a automatick\u00e1 pra\u010dka na mince;<br \/>\n\u2022 Bezplatn\u00e9 Wi-Fi p\u0159ipojen\u00ed v venkovn\u00edch prostor\u00e1ch, abyste z\u016fstali v\u017edy online.[\/vc_column_text][\/vc_column][\/vc_row]<\/p>\n<\/div>","protected":false},"excerpt":{"rendered":"<p>[vc_row css=&#8220;.vc_custom_1705057708218{margin-top: 30px !important;margin-bottom: 30px !important;}&#8220;][vc_column][vc_column_text css=&#8220;&#8220;]V\u00edtejte v Apartm\u00e1nu Elba, ide\u00e1ln\u00ed volb\u011b pro rodiny nebo skupiny hledaj\u00edc\u00ed prostor a pohodl\u00ed. Apartm\u00e1n nab\u00edz\u00ed elegantn\u00ed man\u017eelskou lo\u017enici a druhou lo\u017enici se t\u0159emi samostatn\u00fdmi postelemi, s mo\u017enost\u00ed p\u0159em\u011bny na man\u017eelskou postel po\u017e\u00e1d\u00e1n\u00edm p\u0159i rezervaci. Kuchy\u0148, otev\u0159en\u00e1 do ob\u00fdvac\u00edho pokoje, je pln\u011b vybavena v\u0161\u00edm, co pot\u0159ebujete k samostatn\u00e9 p\u0159\u00edprav\u011b [&hellip;]<\/p>\n","protected":false},"author":1,"featured_media":0,"parent":5118,"menu_order":0,"comment_status":"closed","ping_status":"closed","template":"","meta":{"footnotes":""},"class_list":["post-5157","page","type-page","status-publish","hentry"],"_links":{"self":[{"href":"https:\/\/www.residencelidoazzurro.it\/cs\/wp-json\/wp\/v2\/pages\/5157","targetHints":{"allow":["GET"]}}],"collection":[{"href":"https:\/\/www.residencelidoazzurro.it\/cs\/wp-json\/wp\/v2\/pages"}],"about":[{"href":"https:\/\/www.residencelidoazzurro.it\/cs\/wp-json\/wp\/v2\/types\/page"}],"author":[{"embeddable":true,"href":"https:\/\/www.residencelidoazzurro.it\/cs\/wp-json\/wp\/v2\/users\/1"}],"replies":[{"embeddable":true,"href":"https:\/\/www.residencelidoazzurro.it\/cs\/wp-json\/wp\/v2\/comments?post=5157"}],"version-history":[{"count":5,"href":"https:\/\/www.residencelidoazzurro.it\/cs\/wp-json\/wp\/v2\/pages\/5157\/revisions"}],"predecessor-version":[{"id":6378,"href":"https:\/\/www.residencelidoazzurro.it\/cs\/wp-json\/wp\/v2\/pages\/5157\/revisions\/6378"}],"up":[{"embeddable":true,"href":"https:\/\/www.residencelidoazzurro.it\/cs\/wp-json\/wp\/v2\/pages\/5118"}],"wp:attachment":[{"href":"https:\/\/www.residencelidoazzurro.it\/cs\/wp-json\/wp\/v2\/media?parent=5157"}],"curies":[{"name":"wp","href":"https:\/\/api.w.org\/{rel}","templated":true}]}}