{"id":5153,"date":"2024-01-12T14:34:21","date_gmt":"2024-01-12T13:34:21","guid":{"rendered":"https:\/\/www.residencelidoazzurro.it\/byty\/gardenia\/"},"modified":"2025-11-10T09:02:51","modified_gmt":"2025-11-10T08:02:51","slug":"pianosa","status":"publish","type":"page","link":"https:\/\/www.residencelidoazzurro.it\/cs\/byty\/pianosa\/","title":{"rendered":"Apartm\u00e1n Pianosa"},"content":{"rendered":"<div class=\"wpb-content-wrapper\"><p>[vc_row css=&#8220;.vc_custom_1705057708218{margin-top: 30px !important;margin-bottom: 30px !important;}&#8220;][vc_column][vc_column_text css=&#8220;&#8220;]V\u00edtejte v kouzeln\u00e9m apartm\u00e1nu Pianosa, ide\u00e1ln\u00ed volbou pro ty, kte\u0159\u00ed tou\u017e\u00ed po <strong>pobytu obklopen\u00e9m zelen\u00ed a klidem<\/strong>.<\/p>\n<p>Tento apartm\u00e1n nab\u00edz\u00ed <strong>prostornou man\u017eelskou lo\u017enici<\/strong> a \u00fatuln\u00fd <strong>ob\u00fdvac\u00ed pokoj<\/strong> s funk\u010dn\u00edm kuchy\u0148sk\u00fdm koutem vybaven\u00fdm v\u0161\u00edm pot\u0159ebn\u00fdm pro va\u0161e pohodl\u00ed. Pro va\u0161e relaxa\u010dn\u00ed chv\u00edle apartm\u00e1n tak\u00e9 nab\u00edz\u00ed pohodlnou <strong>rozkl\u00e1dac\u00ed dvoul\u016f\u017ekovou postel<\/strong>. Koupelna, modern\u00ed a vybaven\u00e1 sprchov\u00fdm koutem, byla navr\u017eena tak, aby v\u00e1m poskytla pohodln\u00fd \u00fakryt pro va\u0161e blaho.<\/p>\n<p>Pianosa nab\u00edz\u00ed mo\u017enost <strong>soukrom\u00e9 zahrady s krytou verandou nebo terasou<\/strong> s elektrickou slune\u010dn\u00ed mark\u00fdzou, vybaven\u00e9 stolem, \u017eidlemi a leh\u00e1tky: ide\u00e1ln\u00ed pro odpo\u010dinek.<\/p>\n<p>Host\u00e9 si mohou vychutnat n\u00e1dhern\u00fd <strong>v\u00fdhled na zahradu<\/strong> nebo <strong>na baz\u00e9n<\/strong>.<\/p>\n<p>Apartm\u00e1n Pianosa nen\u00ed jen m\u00edstem k pobytu, ale skute\u010dnou <strong>o\u00e1zou klidu a kr\u00e1sy<\/strong>, kde ka\u017ed\u00fd detail byl promy\u0161len tak, aby nab\u00eddl jedine\u010dn\u00fd a nezapomenuteln\u00fd z\u00e1\u017eitek.[\/vc_column_text][\/vc_column][\/vc_row][vc_row full_width=&#8220;stretch_row&#8220; css=&#8220;.vc_custom_1705060766403{padding-top: 80px !important;padding-bottom: 30px !important;background-color: #f7f7f7 !important;}&#8220;][vc_column width=&#8220;1\/3&#8243;][vc_custom_heading text=&#8220;Apartm\u00e1n pro 4 osoby&#8220; font_container=&#8220;tag:h3|text_align:left&#8220; use_theme_fonts=&#8220;yes&#8220;]<div style=\"background-color:;height: 20px\" class=\"nicdark_section  \"><\/div>[vc_column_text]<strong>Ob\u00fdvac\u00ed pokoj s kuchy\u0148sk\u00fdm koutem, rozkl\u00e1dac\u00ed dvoul\u016f\u017eko<\/strong>[\/vc_column_text][vc_single_image image=&#8220;4083&#8243; img_size=&#8220;150&#215;50&#8243;]<div style=\"background-color:;height: 15px\" class=\"nicdark_section  \"><\/div>[vc_column_text]<strong>Man\u017eelsk\u00e1 lo\u017enice<\/strong>[\/vc_column_text][vc_single_image image=&#8220;4004&#8243; img_size=&#8220;50&#215;50&#8243;]<div style=\"background-color:;height: 15px\" class=\"nicdark_section  \"><\/div>[vc_column_text]<strong>Koupelna s sprchov\u00fdm koutem<\/strong>[\/vc_column_text][vc_single_image image=&#8220;3996&#8243; img_size=&#8220;50&#215;50&#8243;]<div style=\"background-color:;height: 20px\" class=\"nicdark_section  \"><\/div>[\/vc_column][vc_column width=&#8220;2\/3&#8243;][vc_gallery type=&#8220;flexslider_slide&#8220; interval=&#8220;0&#8243; images=&#8220;2771,2054,2775,2783,2743,2747,2767,2759,2763,2751,2755,2739&#8243; img_size=&#8220;1920&#215;1280&#8243; css=&#8220;&#8220;]\n\t<div class=\"nd_options_section nd_options_text_align_center\">\n\t<a style=\"border: 1px solid #ffffff;border-radius:px;letter-spacing:4px;line-height:14px;font-size:14px;background-color:#1e73be;padding:15px 20px;margin:10px;color:#ffffff\" rel=\"\" target=\"_blank\" href=\"https:\/\/be.quovai.com\/en\/be\/residencelidoazzurro\" class=\"nicdark_display_inline_block  nd_options_font_weight_normal nd_options_second_font  \">REZERVUJTE SI<\/a>\n\t<\/div>\n[\/vc_column][\/vc_row][vc_row css=&#8220;.vc_custom_1705060851477{padding-top: 50px !important;}&#8220;][vc_column][vc_column_text css=&#8220;&#8220;]<\/p>\n<h3>Slu\u017eby apartm\u00e1nu Pianosa<\/h3>\n<p>[\/vc_column_text]<div style=\"background-color:;height: 20px\" class=\"nicdark_section  \"><\/div>[vc_column_text css=&#8220;&#8220;]\u2022 Praktick\u00fd umyvadlo a venkovn\u00ed sprchov\u00fd kout pro osv\u011b\u017een\u00ed a pocit volnosti;<br \/>\n\u2022 Bezplatn\u00fd p\u0159\u00edstup k baz\u00e9nu, kde si m\u016f\u017eete odpo\u010dinout na pohodln\u00fdch leh\u00e1tk\u00e1ch a pod slune\u010dn\u00edky;<br \/>\n\u2022 Bezplatn\u00e9 Wi-Fi p\u0159ipojen\u00ed dostupn\u00e9 v venkovn\u00edch prostor\u00e1ch;<br \/>\n\u2022 Centralizovan\u00e1 klimatizace, k dispozici ve ve\u010dern\u00edch a odpoledn\u00edch hodin\u00e1ch, pro zaji\u0161t\u011bn\u00ed st\u00e1le p\u0159\u00edjemn\u00e9ho a chladn\u00e9ho prost\u0159ed\u00ed;<br \/>\n\u2022 Modern\u00ed vybaven\u00ed, jako je televize, trezor, f\u00e9n a interkom, pro va\u0161e pohodl\u00ed;<br \/>\n\u2022 Bezplatn\u00e9 d\u011btsk\u00e9 h\u0159i\u0161t\u011b, kde se nejmen\u0161\u00ed mohou bezpe\u010dn\u011b bavit;<br \/>\n\u2022 Bezplatn\u00e9 kryt\u00e9 parkov\u00e1n\u00ed uvnit\u0159 are\u00e1lu, s jedn\u00edm parkovac\u00edm m\u00edstem vyhrazen\u00fdm pro ka\u017ed\u00fd apartm\u00e1n;<br \/>\n\u2022 Grilovac\u00ed plochy k va\u0161emu u\u017eitku pro ve\u010dery pln\u00e9 chuti a z\u00e1bavy;<br \/>\n\u2022 Pr\u00e1delna s \u017eehli\u010dkou k dispozici zdarma a automatick\u00e1 pra\u010dka na mince.[\/vc_column_text][\/vc_column][\/vc_row]<\/p>\n<\/div>","protected":false},"excerpt":{"rendered":"<p>[vc_row css=&#8220;.vc_custom_1705057708218{margin-top: 30px !important;margin-bottom: 30px !important;}&#8220;][vc_column][vc_column_text css=&#8220;&#8220;]V\u00edtejte v kouzeln\u00e9m apartm\u00e1nu Pianosa, ide\u00e1ln\u00ed volbou pro ty, kte\u0159\u00ed tou\u017e\u00ed po pobytu obklopen\u00e9m zelen\u00ed a klidem. Tento apartm\u00e1n nab\u00edz\u00ed prostornou man\u017eelskou lo\u017enici a \u00fatuln\u00fd ob\u00fdvac\u00ed pokoj s funk\u010dn\u00edm kuchy\u0148sk\u00fdm koutem vybaven\u00fdm v\u0161\u00edm pot\u0159ebn\u00fdm pro va\u0161e pohodl\u00ed. Pro va\u0161e relaxa\u010dn\u00ed chv\u00edle apartm\u00e1n tak\u00e9 nab\u00edz\u00ed pohodlnou rozkl\u00e1dac\u00ed dvoul\u016f\u017ekovou postel. Koupelna, [&hellip;]<\/p>\n","protected":false},"author":1,"featured_media":0,"parent":5118,"menu_order":0,"comment_status":"closed","ping_status":"closed","template":"","meta":{"footnotes":""},"class_list":["post-5153","page","type-page","status-publish","hentry"],"_links":{"self":[{"href":"https:\/\/www.residencelidoazzurro.it\/cs\/wp-json\/wp\/v2\/pages\/5153","targetHints":{"allow":["GET"]}}],"collection":[{"href":"https:\/\/www.residencelidoazzurro.it\/cs\/wp-json\/wp\/v2\/pages"}],"about":[{"href":"https:\/\/www.residencelidoazzurro.it\/cs\/wp-json\/wp\/v2\/types\/page"}],"author":[{"embeddable":true,"href":"https:\/\/www.residencelidoazzurro.it\/cs\/wp-json\/wp\/v2\/users\/1"}],"replies":[{"embeddable":true,"href":"https:\/\/www.residencelidoazzurro.it\/cs\/wp-json\/wp\/v2\/comments?post=5153"}],"version-history":[{"count":5,"href":"https:\/\/www.residencelidoazzurro.it\/cs\/wp-json\/wp\/v2\/pages\/5153\/revisions"}],"predecessor-version":[{"id":6386,"href":"https:\/\/www.residencelidoazzurro.it\/cs\/wp-json\/wp\/v2\/pages\/5153\/revisions\/6386"}],"up":[{"embeddable":true,"href":"https:\/\/www.residencelidoazzurro.it\/cs\/wp-json\/wp\/v2\/pages\/5118"}],"wp:attachment":[{"href":"https:\/\/www.residencelidoazzurro.it\/cs\/wp-json\/wp\/v2\/media?parent=5153"}],"curies":[{"name":"wp","href":"https:\/\/api.w.org\/{rel}","templated":true}]}}