{"id":5118,"date":"2017-07-19T08:57:14","date_gmt":"2017-07-19T06:57:14","guid":{"rendered":"https:\/\/www.residencelidoazzurro.it\/appartamenti\/"},"modified":"2025-11-18T12:16:05","modified_gmt":"2025-11-18T11:16:05","slug":"byty","status":"publish","type":"page","link":"https:\/\/www.residencelidoazzurro.it\/cs\/byty\/","title":{"rendered":"Byty"},"content":{"rendered":"<div class=\"wpb-content-wrapper\"><p>[vc_row][vc_column][vc_column_text css=&#8220;&#8220;]Rezidence Lido Azzurro se vyzna\u010duje <strong>velk\u00fdm zelen\u00fdm parkem<\/strong>, ve kter\u00e9m je situov\u00e1na, a <strong>n\u00e1dhern\u00fdm baz\u00e9nem<\/strong>, kter\u00fd je ide\u00e1ln\u00ed i pro <strong>d\u011bti<\/strong>. Nab\u00edz\u00ed <strong>neform\u00e1ln\u00ed a pe\u010dliv\u00fd pobyt<\/strong> za <strong>v\u00fdhodnou cenu<\/strong>.<\/p>\n<p>Ka\u017ed\u00fd byt v rezidenci je navr\u017een tak, aby poskytoval jedine\u010dn\u00fd pocit <strong>pohodl\u00ed a pohostinnosti<\/strong>, nab\u00edz\u00ed \u0159adu <strong>slu\u017eeb<\/strong>, kter\u00e9 jsou p\u0159ipraveny uspokojit ka\u017edou pot\u0159ebu a po\u017eadavek. Tyto ubytovac\u00ed jednotky spojuj\u00ed pohodl\u00ed a funkcionalitu, vytv\u00e1\u0159ej\u00ed ide\u00e1ln\u00ed prost\u0159ed\u00ed pro <strong>relaxa\u010dn\u00ed a p\u0159\u00edjemn\u00fd pobyt<\/strong>.<\/p>\n<p>V Residence Lido Azzurro je nab\u00edzena <strong>reziden\u010dn\u00ed formule<\/strong>, ide\u00e1ln\u00ed pro ty, kte\u0159\u00ed hledaj\u00ed pohodln\u00fd a nez\u00e1visl\u00fd pobyt v <strong>apartm\u00e1nu s kuchyn\u00ed<\/strong>.<\/p>\n<p>Struktura disponuje <strong>omezen\u00fdm po\u010dtem byt\u016f<\/strong>, proto je doporu\u010deno rezervovat si m\u00edsto v tomto r\u00e1ji p\u0159edem.<\/p>\n<p>V\u00edme, \u017ee <strong>pe\u010dlivost o detaily<\/strong> a pozornost k <strong>pot\u0159eb\u00e1m host\u016f<\/strong> d\u011blaj\u00ed ka\u017edou dovolenou nezapomenutelnou, proto jsme v\u017edy k dispozici, abychom poskytli <strong>pomoc a rady<\/strong>, kter\u00e9 pomohou pobyt co nejp\u0159\u00edjemn\u011bj\u0161\u00ed.[\/vc_column_text][\/vc_column][\/vc_row][vc_row][vc_column width=&#8220;1\/4&#8243; css=&#8220;.vc_custom_1467360650255{margin-top: 10px !important;margin-bottom: 10px !important;padding-top: 0px !important;padding-right: 40px !important;}&#8220;]<div style=\"background-color:;height: 10px\" class=\"nicdark_section  \"><\/div> <h3 style=\"color:;padding:px;text-align:right;font-size:px;line-height:30px;letter-spacing: px;font-weight:normal\" class=\"  nd_options_text_align_center_responsive_important nd_options_first_font \">V\u0161echny apartm\u00e1ny jsou vybaveny:<\/h3> [\/vc_column][vc_column width=&#8220;3\/4&#8243; css=&#8220;.vc_custom_1467207292391{margin-top: 10px !important;margin-bottom: 10px !important;padding-top: 0px !important;}&#8220;][vc_column_text css=&#8220;&#8220; el_class=&#8220;nd_options_text_align_center_responsive&#8220;]\u2022 sada lo\u017en\u00edho pr\u00e1dla a ru\u010dn\u00edk\u016f na cel\u00fd pobyt;<br \/>\n\u2022 vybaven\u00fd kuchy\u0148sk\u00fd kout (hrnce, p\u0159\u00edbory, n\u00e1dob\u00ed atd.);<br \/>\n\u2022 centr\u00e1ln\u00ed klimatizace od 19:00 do 09:00 a od 14:00 do 16:00;<br \/>\n\u2022 televize; trezor; f\u00e9n; intercom;<br \/>\n\u2022 samostatn\u00fd vchod s zahradou a vybavenou terasou (st\u016fl, \u017eidle a leh\u00e1tka) v p\u0159\u00edzem\u00ed nebo vybavenou terasou (st\u016fl, \u017eidle a leh\u00e1tka) s nastaviteln\u00fdm slune\u010dn\u00edm de\u0161tn\u00edkem v 1. pat\u0159e. V\u00fdhled a\/nebo p\u0159ed baz\u00e9nem nebo zahradou;<br \/>\n\u2022 zdarma vstup na baz\u00e9n s mo\u017enost\u00ed vyu\u017eit\u00ed leh\u00e1tek a slune\u010dn\u00edch de\u0161tn\u00edk\u016f;<br \/>\n\u2022 zdarma pou\u017eit\u00ed d\u011btsk\u00e9ho h\u0159i\u0161t\u011b;<br \/>\n\u2022 zdarma kryt\u00e9 parkov\u00e1n\u00ed s 1 p\u0159id\u011blen\u00fdm m\u00edstem;<br \/>\n\u2022 pr\u00e1delna s bezplatn\u00fdm pou\u017eit\u00edm \u017eehli\u010dky a automatick\u00e9 pra\u010dky na mince.[\/vc_column_text]<div style=\"background-color:;height: 20px\" class=\"nicdark_section  \"><\/div>[\/vc_column][\/vc_row][vc_row][vc_column width=&#8220;1\/4&#8243; css=&#8220;.vc_custom_1467360650255{margin-top: 10px !important;margin-bottom: 10px !important;padding-top: 0px !important;padding-right: 40px !important;}&#8220;]<div style=\"background-color:;height: 10px\" class=\"nicdark_section  \"><\/div> <h3 style=\"color:;padding:px;text-align:right;font-size:px;line-height:30px;letter-spacing: px;font-weight:normal\" class=\"  nd_options_text_align_center_responsive_important nd_options_first_font \">Extra<\/h3> [\/vc_column][vc_column width=&#8220;3\/4&#8243; css=&#8220;.vc_custom_1467207292391{margin-top: 10px !important;margin-bottom: 10px !important;padding-top: 0px !important;}&#8220;][vc_column_text css=&#8220;&#8220; el_class=&#8220;nd_options_text_align_center_responsive&#8220;]<strong>EXTRA SADA LO\u017dN\u00cdHO PR\u00c1DLA A RU\u010cN\u00cdK\u016e:<\/strong><\/p>\n<ul>\n<li>Dvojl\u016f\u017eko \u20ac 10,00<\/li>\n<li>Jednol\u016f\u017ekov\u00e9 povle\u010den\u00ed \u20ac 6,00<\/li>\n<li>Koupelnov\u00e9 pr\u00e1dlo \u20ac 6,00<\/li>\n<li>Koupelnov\u00e1 p\u0159edlo\u017eka \u20ac 2,00<\/li>\n<\/ul>\n<p>\u2022 \u010c. 1 \u017dETON NA PRA\u010cKU + \u010cISTIDLO: 7,00 \u20ac;<br \/>\n\u2022 N\u00b0 1 CESTOVN\u00cd POST\u00ddLKA (pro d\u011bti do 2 let), LO\u017dN\u00cd PR\u00c1DLO V\u010cETN\u011a: 10,00 \u20ac za den;<br \/>\n\u2022 \u010c. 1 OCHRANN\u00c1 Z\u00c1BRANA POST\u00ddLKY: 14,00 \u20ac ZA T\u00ddDEN.[\/vc_column_text]<div style=\"background-color:;height: 20px\" class=\"nicdark_section  \"><\/div>[vc_column_text el_class=&#8220;nd_options_text_align_center_responsive&#8220;]\u2022 KAUCE ZA \u0160KODY: 150,00 \u20ac<br \/>\n\u2022 NEDODR\u017dEN\u00cd \u00daKLIDU KUCHY\u0147SK\u00c9HO KOUTA: 50,00 \u20ac<br \/>\n\u2022 NEDODR\u017dEN\u00cd VYHOZOV\u00c1N\u00cd ODPADU (v\u010detn\u011b dne odjezdu): 100,00 \u20ac[\/vc_column_text]<div style=\"background-color:;height: 20px\" class=\"nicdark_section  \"><\/div>[vc_column_text el_class=&#8220;nd_options_text_align_center_responsive&#8220;]\u2022 NEJSOU P\u0158IJ\u00cdM\u00c1NY ZV\u00cd\u0158ATA<\/p>\n<p>[\/vc_column_text]<div style=\"background-color:;height: 20px\" class=\"nicdark_section  \"><\/div>[\/vc_column][\/vc_row][vc_row css=&#8220;.vc_custom_1581331886229{padding-top: 50px !important;padding-bottom: 50px !important;}&#8220;][vc_column][vc_custom_heading text=&#8220;Typy byt\u016f&#8220; font_container=&#8220;tag:h2|text_align:center&#8220; use_theme_fonts=&#8220;yes&#8220;][\/vc_column][\/vc_row][vc_row full_width=&#8220;stretch_row&#8220; content_placement=&#8220;middle&#8220; css=&#8220;.vc_custom_1705062976123{padding-top: 50px !important;padding-bottom: 50px !important;background-color: #f7f7f7 !important;}&#8220;][vc_column width=&#8220;1\/3&#8243;][vc_custom_heading text=&#8220;Apartm\u00e1n Montecristo &#8211; 2 m\u00edsta&#8220; font_container=&#8220;tag:h3|text_align:left&#8220; use_theme_fonts=&#8220;yes&#8220; css=&#8220;&#8220; link=&#8220;url:https%3A%2F%2Fwww.residencelidoazzurro.it%2Fcs%2Fbyty%2Firis%2F|title:Apartm%C3%A1n%20Montecristo&#8220;]<div style=\"background-color:;height: 20px\" class=\"nicdark_section  \"><\/div>[vc_column_text]<strong>Lo\u017enice s man\u017eelskou postel\u00ed a kuchy\u0148sk\u00fdm koutem<\/strong>[\/vc_column_text][vc_single_image image=&#8220;3992&#8243; img_size=&#8220;100&#215;50&#8243;]<div style=\"background-color:;height: 15px\" class=\"nicdark_section  \"><\/div>[vc_column_text]<strong>Koupelna s sprchov\u00fdm koutem<\/strong>[\/vc_column_text][vc_single_image image=&#8220;3996&#8243; img_size=&#8220;50&#215;50&#8243;]<div style=\"background-color:;height: 40px\" class=\"nicdark_section  \"><\/div>\n\t\n\t<a style=\"border: 1px solid #1e73be;border-radius:px;letter-spacing:1px;line-height:14px;font-size:14px;background-color:#ffffff;padding:15px 20px;margin:10px;color:#1e73be\" rel=\"\" href=\"https:\/\/www.residencelidoazzurro.it\/cs\/byty\/iris\/\" class=\"nicdark_display_inline_block nd_options_float_left nd_options_font_weight_normal nd_options_second_font  \">OBJEVTE APARTM\u00c1N MONTECRISTO<\/a>\n\t\n<div style=\"background-color:;height: 20px\" class=\"nicdark_section  \"><\/div>[\/vc_column][vc_column width=&#8220;2\/3&#8243;][vc_gallery type=&#8220;flexslider_slide&#8220; interval=&#8220;0&#8243; images=&#8220;2802,2798,2790,2794,2810,2806,2117&#8243; img_size=&#8220;1920&#215;1280&#8243;][\/vc_column][\/vc_row][vc_row full_width=&#8220;stretch_row&#8220; css=&#8220;.vc_custom_1705063062879{padding-top: 50px !important;padding-bottom: 50px !important;}&#8220;][vc_column width=&#8220;1\/3&#8243;][vc_custom_heading text=&#8220;Apartm\u00e1n Giglio &#8211; 3 m\u00edsta&#8220; font_container=&#8220;tag:h3|text_align:left&#8220; use_theme_fonts=&#8220;yes&#8220; css=&#8220;&#8220; link=&#8220;url:https%3A%2F%2Fwww.residencelidoazzurro.it%2Fcs%2Fbyty%2Fortensia%2F|title:Apartm%C3%A1n%20Giglio&#8220;]<div style=\"background-color:;height: 20px\" class=\"nicdark_section  \"><\/div>[vc_column_text]<strong>Ob\u00fdvac\u00ed pokoj s kuchy\u0148sk\u00fdm koutem + jednol\u016f\u017eko<\/strong>[\/vc_column_text][vc_single_image image=&#8220;4068&#8243; img_size=&#8220;150&#215;50&#8243;]<div style=\"background-color:;height: 15px\" class=\"nicdark_section  \"><\/div>[vc_column_text]<strong>Samostatn\u00e1 man\u017eelsk\u00e1 lo\u017enice (odd\u011blen\u00e1 obloukem)<\/strong>[\/vc_column_text][vc_single_image image=&#8220;4004&#8243; img_size=&#8220;50&#215;50&#8243;]<div style=\"background-color:;height: 15px\" class=\"nicdark_section  \"><\/div>[vc_column_text]<strong>Koupelna s sprchov\u00fdm koutem<\/strong>[\/vc_column_text][vc_single_image image=&#8220;3996&#8243; img_size=&#8220;50&#215;50&#8243;]<div style=\"background-color:;height: 40px\" class=\"nicdark_section  \"><\/div>\n\t\n\t<a style=\"border: 1px solid #1e73be;border-radius:px;letter-spacing:1px;line-height:14px;font-size:14px;background-color:#ffffff;padding:15px 20px;margin:10px;color:#1e73be\" rel=\"\" href=\"https:\/\/www.residencelidoazzurro.it\/cs\/byty\/ortensia\/\" class=\"nicdark_display_inline_block nd_options_float_left nd_options_font_weight_normal nd_options_second_font  \">OBJEVTE APARTM\u00c1N GIGLIO<\/a>\n\t\n<div style=\"background-color:;height: 20px\" class=\"nicdark_section  \"><\/div>[\/vc_column][vc_column width=&#8220;2\/3&#8243;][vc_gallery type=&#8220;flexslider_slide&#8220; interval=&#8220;0&#8243; images=&#8220;2835,2831,2827,2823,2819,2815,2141&#8243; img_size=&#8220;1920&#215;1280&#8243;][\/vc_column][\/vc_row][vc_row full_width=&#8220;stretch_row&#8220; css=&#8220;.vc_custom_1704986672139{padding-top: 50px !important;background-color: #f7f7f7 !important;}&#8220;][vc_column width=&#8220;1\/3&#8243;][vc_custom_heading text=&#8220;Apartm\u00e1n Pianosa &#8211; 4 m\u00edsta&#8220; font_container=&#8220;tag:h3|text_align:left&#8220; use_theme_fonts=&#8220;yes&#8220; css=&#8220;&#8220; link=&#8220;url:https%3A%2F%2Fwww.residencelidoazzurro.it%2Fcs%2Fbyty%2Fgardenia%2F|title:Apartm%C3%A1n%20Pianosa&#8220;]<div style=\"background-color:;height: 20px\" class=\"nicdark_section  \"><\/div>[vc_column_text]<strong>Ob\u00fdvac\u00ed pokoj s kuchy\u0148sk\u00fdm koutem, rozkl\u00e1dac\u00ed dvoul\u016f\u017eko<\/strong>[\/vc_column_text][vc_single_image image=&#8220;4083&#8243; img_size=&#8220;150&#215;50&#8243;]<div style=\"background-color:;height: 15px\" class=\"nicdark_section  \"><\/div>[vc_column_text]<strong>Man\u017eelsk\u00e1 lo\u017enice<\/strong>[\/vc_column_text][vc_single_image image=&#8220;4004&#8243; img_size=&#8220;50&#215;50&#8243;]<div style=\"background-color:;height: 15px\" class=\"nicdark_section  \"><\/div>[vc_column_text]<strong>Koupelna s sprchov\u00fdm koutem<\/strong>[\/vc_column_text][vc_single_image image=&#8220;3996&#8243; img_size=&#8220;50&#215;50&#8243;]<div style=\"background-color:;height: 40px\" class=\"nicdark_section  \"><\/div>\n\t\n\t<a style=\"border: 1px solid #1e73be;border-radius:px;letter-spacing:1px;line-height:14px;font-size:14px;background-color:#ffffff;padding:15px 20px;margin:10px;color:#1e73be\" rel=\"\" href=\"https:\/\/www.residencelidoazzurro.it\/cs\/byty\/gardenia\/\" class=\"nicdark_display_inline_block nd_options_float_left nd_options_font_weight_normal nd_options_second_font  \">OBJEVTE APARTM\u00c1N PIANOSA<\/a>\n\t\n<div style=\"background-color:;height: 20px\" class=\"nicdark_section  \"><\/div>[\/vc_column][vc_column width=&#8220;2\/3&#8243;][vc_gallery type=&#8220;flexslider_slide&#8220; interval=&#8220;0&#8243; images=&#8220;2771,2054,2775,2783,2743,2747,2767,2759,2763,2751,2755,2739&#8243; img_size=&#8220;1920&#215;1280&#8243; css=&#8220;&#8220;][\/vc_column][\/vc_row][vc_row full_width=&#8220;stretch_row&#8220; css=&#8220;.vc_custom_1704986678885{padding-top: 50px !important;}&#8220;][vc_column width=&#8220;1\/3&#8243;][vc_custom_heading text=&#8220;Apartm\u00e1n Capraia &#8211; 5 m\u00edst&#8220; font_container=&#8220;tag:h3|text_align:left&#8220; use_theme_fonts=&#8220;yes&#8220; css=&#8220;&#8220; link=&#8220;url:https%3A%2F%2Fwww.residencelidoazzurro.it%2Fcs%2Fbyty%2Fmargherita%2F|title:Apartm%C3%A1n%20Capraia&#8220;]<div style=\"background-color:;height: 20px\" class=\"nicdark_section  \"><\/div>[vc_column_text]<strong>Kuchy\u0148<\/strong>[\/vc_column_text][vc_single_image image=&#8220;4032&#8243; img_size=&#8220;50&#215;50&#8243;]<div style=\"background-color:;height: 15px\" class=\"nicdark_section  \"><\/div>[vc_column_text]<strong>Man\u017eelsk\u00e1 lo\u017enice<\/strong>[\/vc_column_text][vc_single_image image=&#8220;4004&#8243; img_size=&#8220;50&#215;50&#8243;]<div style=\"background-color:;height: 15px\" class=\"nicdark_section  \"><\/div>[vc_column_text]<strong>Pokoj s 3 samostatn\u00fdmi l\u016f\u017eky, z toho jedno patrov\u00e9<\/strong>[\/vc_column_text][vc_single_image image=&#8220;4036&#8243; img_size=&#8220;100&#215;50&#8243;]<div style=\"background-color:;height: 15px\" class=\"nicdark_section  \"><\/div>[vc_column_text]<strong>Koupelna s sprchov\u00fdm koutem<\/strong>[\/vc_column_text][vc_single_image image=&#8220;3996&#8243; img_size=&#8220;50&#215;50&#8243;]<div style=\"background-color:;height: 40px\" class=\"nicdark_section  \"><\/div>\n\t\n\t<a style=\"border: 1px solid #1e73be;border-radius:px;letter-spacing:1px;line-height:14px;font-size:14px;background-color:#ffffff;padding:15px 20px;margin:10px;color:#1e73be\" rel=\"\" href=\"https:\/\/www.residencelidoazzurro.it\/cs\/byty\/margherita\/\" class=\"nicdark_display_inline_block nd_options_float_left nd_options_font_weight_normal nd_options_second_font  \">OBJEVTE APARTM\u00c1N CAPRAIA<\/a>\n\t\n<div style=\"background-color:;height: 20px\" class=\"nicdark_section  \"><\/div>[\/vc_column][vc_column width=&#8220;2\/3&#8243;][vc_gallery type=&#8220;flexslider_slide&#8220; interval=&#8220;0&#8243; images=&#8220;2880,2872,2860,2864,2856,2868,2844,2938&#8243; img_size=&#8220;1920&#215;1280&#8243;][\/vc_column][\/vc_row][vc_row full_width=&#8220;stretch_row&#8220; css=&#8220;.vc_custom_1704986736562{padding-top: 50px !important;background-color: #f7f7f7 !important;}&#8220;][vc_column width=&#8220;1\/3&#8243;][vc_custom_heading text=&#8220;Apartm\u00e1n Elba &#8211; 6 m\u00edst&#8220; font_container=&#8220;tag:h3|text_align:left&#8220; use_theme_fonts=&#8220;yes&#8220; css=&#8220;&#8220; link=&#8220;url:https%3A%2F%2Fwww.residencelidoazzurro.it%2Fcs%2Fbyty%2Fgirasole%2F|title:Apartm%C3%A1n%20Elba&#8220;]<div style=\"background-color:;height: 20px\" class=\"nicdark_section  \"><\/div>[vc_column_text]<strong>Kuchy\u0148 &#8211; ob\u00fdvac\u00ed pokoj s jednol\u016f\u017ekem<\/strong>[\/vc_column_text][vc_single_image image=&#8220;4068&#8243; img_size=&#8220;150&#215;50&#8243;]<div style=\"background-color:;height: 15px\" class=\"nicdark_section  \"><\/div>[vc_column_text]<strong>Man\u017eelsk\u00e1 lo\u017enice<\/strong>[\/vc_column_text][vc_single_image image=&#8220;4004&#8243; img_size=&#8220;50&#215;50&#8243;]<div style=\"background-color:;height: 15px\" class=\"nicdark_section  \"><\/div>[vc_column_text]<strong>Pokoj s 3 samostatn\u00fdmi l\u016f\u017eky nebo man\u017eelsk\u00fdm + jednol\u016f\u017ekem<\/strong>[\/vc_column_text][vc_single_image image=&#8220;4095&#8243; img_size=&#8220;100&#215;50&#8243;]<div style=\"background-color:;height: 15px\" class=\"nicdark_section  \"><\/div>[vc_column_text]<strong>Koupelna s sprchov\u00fdm koutem<\/strong>[\/vc_column_text][vc_single_image image=&#8220;3996&#8243; img_size=&#8220;50&#215;50&#8243;]<div style=\"background-color:;height: 40px\" class=\"nicdark_section  \"><\/div>\n\t\n\t<a style=\"border: 1px solid #1e73be;border-radius:px;letter-spacing:1px;line-height:14px;font-size:14px;background-color:#ffffff;padding:15px 20px;margin:10px;color:#1e73be\" rel=\"\" href=\"https:\/\/www.residencelidoazzurro.it\/cs\/byty\/girasole\/\" class=\"nicdark_display_inline_block nd_options_float_left nd_options_font_weight_normal nd_options_second_font  \">OBJEVTE APARTM\u00c1N ELBA<\/a>\n\t\n<div style=\"background-color:;height: 20px\" class=\"nicdark_section  \"><\/div>[\/vc_column][vc_column width=&#8220;2\/3&#8243;][vc_gallery type=&#8220;flexslider_slide&#8220; interval=&#8220;0&#8243; images=&#8220;2921,2917,2909,2897,2901,2905,2889,2160&#8243; img_size=&#8220;1920&#215;1280&#8243;][\/vc_column][\/vc_row]<\/p>\n<\/div>","protected":false},"excerpt":{"rendered":"<p>[vc_row][vc_column][vc_column_text css=&#8220;&#8220;]Rezidence Lido Azzurro se vyzna\u010duje velk\u00fdm zelen\u00fdm parkem, ve kter\u00e9m je situov\u00e1na, a n\u00e1dhern\u00fdm baz\u00e9nem, kter\u00fd je ide\u00e1ln\u00ed i pro d\u011bti. Nab\u00edz\u00ed neform\u00e1ln\u00ed a pe\u010dliv\u00fd pobyt za v\u00fdhodnou cenu. Ka\u017ed\u00fd byt v rezidenci je navr\u017een tak, aby poskytoval jedine\u010dn\u00fd pocit pohodl\u00ed a pohostinnosti, nab\u00edz\u00ed \u0159adu slu\u017eeb, kter\u00e9 jsou p\u0159ipraveny uspokojit ka\u017edou pot\u0159ebu a po\u017eadavek. [&hellip;]<\/p>\n","protected":false},"author":1,"featured_media":0,"parent":0,"menu_order":0,"comment_status":"closed","ping_status":"closed","template":"","meta":{"footnotes":""},"class_list":["post-5118","page","type-page","status-publish","hentry"],"_links":{"self":[{"href":"https:\/\/www.residencelidoazzurro.it\/cs\/wp-json\/wp\/v2\/pages\/5118","targetHints":{"allow":["GET"]}}],"collection":[{"href":"https:\/\/www.residencelidoazzurro.it\/cs\/wp-json\/wp\/v2\/pages"}],"about":[{"href":"https:\/\/www.residencelidoazzurro.it\/cs\/wp-json\/wp\/v2\/types\/page"}],"author":[{"embeddable":true,"href":"https:\/\/www.residencelidoazzurro.it\/cs\/wp-json\/wp\/v2\/users\/1"}],"replies":[{"embeddable":true,"href":"https:\/\/www.residencelidoazzurro.it\/cs\/wp-json\/wp\/v2\/comments?post=5118"}],"version-history":[{"count":5,"href":"https:\/\/www.residencelidoazzurro.it\/cs\/wp-json\/wp\/v2\/pages\/5118\/revisions"}],"predecessor-version":[{"id":6403,"href":"https:\/\/www.residencelidoazzurro.it\/cs\/wp-json\/wp\/v2\/pages\/5118\/revisions\/6403"}],"wp:attachment":[{"href":"https:\/\/www.residencelidoazzurro.it\/cs\/wp-json\/wp\/v2\/media?parent=5118"}],"curies":[{"name":"wp","href":"https:\/\/api.w.org\/{rel}","templated":true}]}}